{"id":8008,"date":"2025-08-05T17:48:06","date_gmt":"2025-08-05T17:48:06","guid":{"rendered":"https:\/\/foryoubaby.ma\/?post_type=product&#038;p=8008"},"modified":"2025-08-05T17:48:06","modified_gmt":"2025-08-05T17:48:06","slug":"uriage-bebe-1ere-creme-lavante-200ml","status":"publish","type":"product","link":"https:\/\/foryoubaby.ma\/ar\/product\/uriage-bebe-1ere-creme-lavante-200ml\/","title":{"rendered":"Uriage B\u00e9b\u00e9 1\u00e8re cr\u00e8me lavante 200ml"},"content":{"rendered":"<div class=\"row\">\n<div class=\"woocommerce-tabs wc-tabs-wrapper\">\n<div id=\"tab-description\" class=\"woocommerce-Tabs-panel woocommerce-Tabs-panel--description panel entry-content wc-tab  current col-md-10 col-md-offset-1\" role=\"tabpanel\" data-title=\"Description\" aria-labelledby=\"tab-title-description\">\n<h4>Uriage B\u00e9b\u00e9 1\u00e8re cr\u00e8me lavante 200ml<\/h4>\n<p>Uriage B\u00e9b\u00e9 1\u00e8re cr\u00e8me lavante 200ml est un produit destin\u00e9 \u00e0 la toilette quotidienne et au bain des b\u00e9b\u00e9s. Elle peut s\u2019appliquer sur le visage, le corps et le cuir chevelu et permet de <strong>nettoyer la peau tout en douceur<\/strong>. Elle \u00e9limine les impuret\u00e9s et les salet\u00e9s accumul\u00e9es \u00e0 la surface de la peau,\u00a0<strong>nourrit et adoucit<\/strong>\u00a0la peau de b\u00e9b\u00e9 tout en respectant son \u00e9quilibre naturel.<\/p>\n<p>Cette\u00a0<strong>cr\u00e8me lavante<\/strong>\u00a0a \u00e9t\u00e9 formul\u00e9e avec une base nettoyante neutre qui ne contient\u00a0<strong>ni savon ni tensio-actifs dess\u00e9chants<\/strong>\u00a0pouvant fragiliser l\u2019\u00e9piderme d\u00e9licat des b\u00e9b\u00e9s. On retrouve dans la composition de l\u2019eau thermale d\u2019Uriage, naturellement\u00a0<strong>apaisante et anti-irritante<\/strong>, et de la glyc\u00e9rine pour l\u2019hydratation. La 1<sup>ere<\/sup>\u00a0Cr\u00e8me lavante Uriage B\u00e9b\u00e9 contient \u00e9galement de l\u2019extrait de beurre d\u2019illip\u00e9, un actif v\u00e9g\u00e9tal qui poss\u00e8de des\u00a0<strong>vertus hydratantes, apaisantes, nourrissantes et protectrices<\/strong>.<\/p>\n<p>Utilis\u00e9e chaque jour au moment de la toilette de b\u00e9b\u00e9, <strong>URIAGE BEBE<\/strong> 1\u00e8re cr\u00e8me lavane 200ml\u00a0garantit efficacit\u00e9 et tol\u00e9rance. Tr\u00e8s pratique \u00e0 utiliser, elle laisse la\u00a0<strong>peau souple, douce et d\u00e9licatement parfum\u00e9e<\/strong>.<\/p>\n<p>La marque\u00a0<strong>Uriage<\/strong>\u00a0s\u2019appuie sur les bienfaits de l\u2019eau thermale puis\u00e9e au c\u0153ur des Alpes pour proposer des produits qui allient efficacit\u00e9 et respect de la peau. Elle a d\u00e9velopp\u00e9 de nombreuses gammes pour r\u00e9pondre aux besoins de tous les types de peaux.<\/p>\n<p><strong>Caract\u00e9ristiques :<\/strong>\u00a0Hypoallerg\u00e9nique \u2013 Sans savon<\/p>\n<p><strong>Conditionnement au choix :<\/strong> Tube de 200 ml, Flacon-pompe de 500ml ou Flacon-pompe de 1 L<\/p>\n<h4>CONSEILS D\u2019UTILISATION :<\/h4>\n<p>Utiliser la 1ere Cr\u00e8me lavante Uriage B\u00e9b\u00e9 quotidiennement sous la douche ou dans le bain. Pr\u00e9lever une noix de produit et appliquer sur la peau et les cheveux pr\u00e9alablement humidifi\u00e9s. Faire mousser, rincer \u00e0 l\u2019eau claire puis s\u00e9cher sans oublier les plis cutan\u00e9s.<\/p>\n<\/div>\n<\/div>\n<\/div>\n<section class=\"up-sells upsells products c-home-tabs--carousel\">\n<h2><\/h2>\n<\/section>","protected":false},"excerpt":{"rendered":"<p>Uriage B\u00e9b\u00e9 1\u00e8re cr\u00e8me lavante 200ml Uriage B\u00e9b\u00e9 1\u00e8re cr\u00e8me lavante 200ml est un produit destin\u00e9 \u00e0 la toilette quotidienne et au bain des b\u00e9b\u00e9s. Elle peut s\u2019appliquer sur le visage, le corps et le cuir chevelu et permet de nettoyer la peau tout en douceur. Elle \u00e9limine les impuret\u00e9s et les salet\u00e9s accumul\u00e9es \u00e0 [&hellip;]<\/p>\n","protected":false},"featured_media":8009,"comment_status":"open","ping_status":"closed","template":"","meta":[],"product_brand":[237],"product_cat":[63],"product_tag":[],"giftcard-category":[],"class_list":{"0":"post-8008","1":"product","2":"type-product","3":"status-publish","4":"has-post-thumbnail","6":"product_brand-uriage","7":"product_cat-hygiene-et-soin","9":"first","10":"instock","11":"taxable","12":"shipping-taxable","13":"purchasable","14":"product-type-simple"},"jetpack_sharing_enabled":true,"_links":{"self":[{"href":"https:\/\/foryoubaby.ma\/ar\/wp-json\/wp\/v2\/product\/8008","targetHints":{"allow":["GET"]}}],"collection":[{"href":"https:\/\/foryoubaby.ma\/ar\/wp-json\/wp\/v2\/product"}],"about":[{"href":"https:\/\/foryoubaby.ma\/ar\/wp-json\/wp\/v2\/types\/product"}],"replies":[{"embeddable":true,"href":"https:\/\/foryoubaby.ma\/ar\/wp-json\/wp\/v2\/comments?post=8008"}],"wp:featuredmedia":[{"embeddable":true,"href":"https:\/\/foryoubaby.ma\/ar\/wp-json\/wp\/v2\/media\/8009"}],"wp:attachment":[{"href":"https:\/\/foryoubaby.ma\/ar\/wp-json\/wp\/v2\/media?parent=8008"}],"wp:term":[{"taxonomy":"product_brand","embeddable":true,"href":"https:\/\/foryoubaby.ma\/ar\/wp-json\/wp\/v2\/product_brand?post=8008"},{"taxonomy":"product_cat","embeddable":true,"href":"https:\/\/foryoubaby.ma\/ar\/wp-json\/wp\/v2\/product_cat?post=8008"},{"taxonomy":"product_tag","embeddable":true,"href":"https:\/\/foryoubaby.ma\/ar\/wp-json\/wp\/v2\/product_tag?post=8008"},{"taxonomy":"giftcard-category","embeddable":true,"href":"https:\/\/foryoubaby.ma\/ar\/wp-json\/wp\/v2\/giftcard-category?post=8008"}],"curies":[{"name":"wp","href":"https:\/\/api.w.org\/{rel}","templated":true}]}}