{"id":8004,"date":"2025-08-05T17:37:01","date_gmt":"2025-08-05T17:37:01","guid":{"rendered":"https:\/\/foryoubaby.ma\/?post_type=product&#038;p=8004"},"modified":"2025-08-05T17:37:01","modified_gmt":"2025-08-05T17:37:01","slug":"uriage-bebe-1ere-creme-lavante-500-ml","status":"publish","type":"product","link":"https:\/\/foryoubaby.ma\/ar\/product\/uriage-bebe-1ere-creme-lavante-500-ml\/","title":{"rendered":"Uriage B\u00e9b\u00e9 1\u00e8re Cr\u00e8me Lavante 500 ml"},"content":{"rendered":"<div class=\"c-product__intro u-intro\">\n<p>Cette cr\u00e8me lavante riche et onctueuse, nettoie en douceur et pr\u00e9serve le film hydrolipidique. Sa formule au complexe naturel [Eau Thermale d&rsquo;Uriage + Edelweiss bio] et au beurre de Karit\u00e9 laisse la peau hydrat\u00e9e.<br \/>\nSa nouvelle formule plus naturelle et son parfum addictif rendent cette 1\u00e8re Cr\u00e8me Lavante id\u00e9ale pour le bain du b\u00e9b\u00e9.<br \/>\nON ADORE : son parfum doudou iconique et sa gal\u00e9nique onctueuse !<\/p>\n<\/div>\n<div class=\"c-product__description c-content\">\n<h2>1. NETTOIE<\/h2>\n<p>Sa base lavante douce et onctueuse, sans savon \u00e0 pH physiologique, \u00e9limine d\u00e9licatement les impuret\u00e9s.<\/p>\n<h2>2. NOURRIT &amp; ADOUCIT<\/h2>\n<p>Gr\u00e2ce \u00e0 un nouveau complexe [Eau Thermale d\u2019Uriage + Edelweiss bio], la 1\u00e8re Cr\u00e8me Lavante nourrit et pr\u00e9serve le film hydrolipidique de b\u00e9b\u00e9 laissant la peau douce et souple.<\/p>\n<h2>D\u00c9MARCHE \u00c9CO-RESPONSABLE<\/h2>\n<p><strong>\u2022 FORMULE BIOD\u00c9GRADABLE ET D\u2019ORIGINE NATURELLE<\/strong><br \/>\n&#8211; 92% d\u2019ingr\u00e9dients d\u2019origine naturelle<br \/>\n&#8211; Formule biod\u00e9gradable selon norme OCDE301F\/OECD301F<br \/>\n&#8211; Complexe sourc\u00e9 localement (Alpes) 100% naturel : [Eau Thermale d\u2019Uriage + Edelweiss bio]<\/p>\n<p><strong>\u2022 PACKAGING \u00c9CO-CON<\/strong><strong>\u00c7<\/strong><strong>U<\/strong><br \/>\n<em>&#8211; Flacons 500ML &amp;<\/em><\/p>\n<\/div>\n","protected":false},"excerpt":{"rendered":"<p>Cette cr\u00e8me lavante riche et onctueuse, nettoie en douceur et pr\u00e9serve le film hydrolipidique. Sa formule au complexe naturel [Eau Thermale d&rsquo;Uriage + Edelweiss bio] et au beurre de Karit\u00e9 laisse la peau hydrat\u00e9e. Sa nouvelle formule plus naturelle et son parfum addictif rendent cette 1\u00e8re Cr\u00e8me Lavante id\u00e9ale pour le bain du b\u00e9b\u00e9. ON [&hellip;]<\/p>\n","protected":false},"featured_media":8005,"comment_status":"open","ping_status":"closed","template":"","meta":[],"product_brand":[237],"product_cat":[63],"product_tag":[],"giftcard-category":[],"class_list":{"0":"post-8004","1":"product","2":"type-product","3":"status-publish","4":"has-post-thumbnail","6":"product_brand-uriage","7":"product_cat-hygiene-et-soin","9":"first","10":"instock","11":"taxable","12":"shipping-taxable","13":"purchasable","14":"product-type-simple"},"jetpack_sharing_enabled":true,"_links":{"self":[{"href":"https:\/\/foryoubaby.ma\/ar\/wp-json\/wp\/v2\/product\/8004","targetHints":{"allow":["GET"]}}],"collection":[{"href":"https:\/\/foryoubaby.ma\/ar\/wp-json\/wp\/v2\/product"}],"about":[{"href":"https:\/\/foryoubaby.ma\/ar\/wp-json\/wp\/v2\/types\/product"}],"replies":[{"embeddable":true,"href":"https:\/\/foryoubaby.ma\/ar\/wp-json\/wp\/v2\/comments?post=8004"}],"wp:featuredmedia":[{"embeddable":true,"href":"https:\/\/foryoubaby.ma\/ar\/wp-json\/wp\/v2\/media\/8005"}],"wp:attachment":[{"href":"https:\/\/foryoubaby.ma\/ar\/wp-json\/wp\/v2\/media?parent=8004"}],"wp:term":[{"taxonomy":"product_brand","embeddable":true,"href":"https:\/\/foryoubaby.ma\/ar\/wp-json\/wp\/v2\/product_brand?post=8004"},{"taxonomy":"product_cat","embeddable":true,"href":"https:\/\/foryoubaby.ma\/ar\/wp-json\/wp\/v2\/product_cat?post=8004"},{"taxonomy":"product_tag","embeddable":true,"href":"https:\/\/foryoubaby.ma\/ar\/wp-json\/wp\/v2\/product_tag?post=8004"},{"taxonomy":"giftcard-category","embeddable":true,"href":"https:\/\/foryoubaby.ma\/ar\/wp-json\/wp\/v2\/giftcard-category?post=8004"}],"curies":[{"name":"wp","href":"https:\/\/api.w.org\/{rel}","templated":true}]}}