{"id":7994,"date":"2025-08-05T16:41:34","date_gmt":"2025-08-05T16:41:34","guid":{"rendered":"https:\/\/foryoubaby.ma\/?post_type=product&#038;p=7994"},"modified":"2025-08-05T16:41:35","modified_gmt":"2025-08-05T16:41:35","slug":"bioderma-abcderm-change-intensif-pate-a-leau-reparatrice-75g","status":"publish","type":"product","link":"https:\/\/foryoubaby.ma\/ar\/product\/bioderma-abcderm-change-intensif-pate-a-leau-reparatrice-75g\/","title":{"rendered":"BIODERMA ABCDERM CHANGE INTENSIF PATE A L&rsquo;EAU REPARATRICE 75G"},"content":{"rendered":"<p>D\u00e9couvrez ABCDerm Change Intensif, une cr\u00e8me sp\u00e9cialement formul\u00e9e pour apaiser les rougeurs du si\u00e8ge de votre b\u00e9b\u00e9 tout en respectant l&rsquo;engagement dermatologique ABCDerm. Ce soin intensif utilise des ingr\u00e9dients rigoureusement s\u00e9lectionn\u00e9s pour offrir une protection maximale contre les irritations et les inconforts cutan\u00e9s.<\/p>\n<p>Au c\u0153ur de la formule d&rsquo;ABCDerm Change Intensif se trouve le D-panth\u00e9nol, un actif reconnu pour ses propri\u00e9t\u00e9s apaisantes. Le D-panth\u00e9nol non seulement calme les sensations d&rsquo;inconfort mais renforce \u00e9galement la barri\u00e8re cutan\u00e9e de votre b\u00e9b\u00e9, en acc\u00e9l\u00e9rant la reconstruction de l&rsquo;\u00e9piderme. Ce double effet garantit une peau douce, prot\u00e9g\u00e9e et rapidement r\u00e9par\u00e9e apr\u00e8s chaque change.<\/p>\n<p>ABCDerm Change Intensif est con\u00e7u pour les peaux les plus d\u00e9licates et sensibles, notamment celle des nouveau-n\u00e9s. Son application r\u00e9guli\u00e8re forme une barri\u00e8re protectrice contre les agressions ext\u00e9rieures, pr\u00e9venant ainsi les rougeurs et irritations futures. La texture riche et onctueuse de la cr\u00e8me permet une application facile et rapide, sans laisser de film gras.<\/p>\n<p><strong>Conseils d&rsquo;utilisation :<\/strong><\/p>\n<p>Nettoyez et s\u00e9chez soigneusement le si\u00e8ge de votre b\u00e9b\u00e9 avant chaque application.<br \/>\nAppliquez une couche \u00e9paisse d&rsquo;ABCDerm Change Intensif sur les zones rouges et irrit\u00e9es.<\/p>","protected":false},"excerpt":{"rendered":"<p>D\u00e9couvrez ABCDerm Change Intensif, une cr\u00e8me sp\u00e9cialement formul\u00e9e pour apaiser les rougeurs du si\u00e8ge de votre b\u00e9b\u00e9 tout en respectant l&rsquo;engagement dermatologique ABCDerm. Ce soin intensif utilise des ingr\u00e9dients rigoureusement s\u00e9lectionn\u00e9s pour offrir une protection maximale contre les irritations et les inconforts cutan\u00e9s. Au c\u0153ur de la formule d&rsquo;ABCDerm Change Intensif se trouve le D-panth\u00e9nol, [&hellip;]<\/p>\n","protected":false},"featured_media":7995,"comment_status":"open","ping_status":"closed","template":"","meta":[],"product_brand":[111],"product_cat":[63],"product_tag":[],"giftcard-category":[],"class_list":{"0":"post-7994","1":"product","2":"type-product","3":"status-publish","4":"has-post-thumbnail","6":"product_brand-bioderma","7":"product_cat-hygiene-et-soin","9":"first","10":"instock","11":"taxable","12":"shipping-taxable","13":"purchasable","14":"product-type-simple"},"jetpack_sharing_enabled":true,"_links":{"self":[{"href":"https:\/\/foryoubaby.ma\/ar\/wp-json\/wp\/v2\/product\/7994","targetHints":{"allow":["GET"]}}],"collection":[{"href":"https:\/\/foryoubaby.ma\/ar\/wp-json\/wp\/v2\/product"}],"about":[{"href":"https:\/\/foryoubaby.ma\/ar\/wp-json\/wp\/v2\/types\/product"}],"replies":[{"embeddable":true,"href":"https:\/\/foryoubaby.ma\/ar\/wp-json\/wp\/v2\/comments?post=7994"}],"wp:featuredmedia":[{"embeddable":true,"href":"https:\/\/foryoubaby.ma\/ar\/wp-json\/wp\/v2\/media\/7995"}],"wp:attachment":[{"href":"https:\/\/foryoubaby.ma\/ar\/wp-json\/wp\/v2\/media?parent=7994"}],"wp:term":[{"taxonomy":"product_brand","embeddable":true,"href":"https:\/\/foryoubaby.ma\/ar\/wp-json\/wp\/v2\/product_brand?post=7994"},{"taxonomy":"product_cat","embeddable":true,"href":"https:\/\/foryoubaby.ma\/ar\/wp-json\/wp\/v2\/product_cat?post=7994"},{"taxonomy":"product_tag","embeddable":true,"href":"https:\/\/foryoubaby.ma\/ar\/wp-json\/wp\/v2\/product_tag?post=7994"},{"taxonomy":"giftcard-category","embeddable":true,"href":"https:\/\/foryoubaby.ma\/ar\/wp-json\/wp\/v2\/giftcard-category?post=7994"}],"curies":[{"name":"wp","href":"https:\/\/api.w.org\/{rel}","templated":true}]}}