{"id":7992,"date":"2025-08-05T16:37:01","date_gmt":"2025-08-05T16:37:01","guid":{"rendered":"https:\/\/foryoubaby.ma\/?post_type=product&#038;p=7992"},"modified":"2025-08-05T16:37:01","modified_gmt":"2025-08-05T16:37:01","slug":"bioderma-abcderm-shampooing-douceur-enfant-200-ml","status":"publish","type":"product","link":"https:\/\/foryoubaby.ma\/ar\/product\/bioderma-abcderm-shampooing-douceur-enfant-200-ml\/","title":{"rendered":"BIODERMA ABCDERM SHAMPOOING DOUCEUR ENFANT 200 ML"},"content":{"rendered":"<div id=\"description\" class=\"wc-tab tab-pane active js-product-tab-active\">\n<div class=\"product-description\">\n<p>D\u00e9couvrez ABCDerm Shampooing Douceur, une formule sp\u00e9cialement con\u00e7ue pour r\u00e9pondre aux besoins d\u00e9licats du cuir chevelu des enfants, en accord avec les normes de s\u00e9curit\u00e9 dermatologique d&rsquo;ABCDerm. Ce shampooing doux offre une solution apaisante et efficace pour nettoyer en toute s\u00e9curit\u00e9 les cheveux fragiles des tout-petits. Formul\u00e9 avec une grande attention pour la peau d\u00e9licate des enfants, il respecte l&rsquo;\u00e9quilibre naturel du cuir chevelu tout en assurant une propret\u00e9 optimale.<\/p>\n<p>ABCDerm Shampooing Douceur se distingue par sa composition douce et hypoallerg\u00e9nique, id\u00e9ale pour minimiser les risques d&rsquo;irritation tout en offrant une efficacit\u00e9 de nettoyage sup\u00e9rieure. Enrichi en agents lavants doux, il laisse les cheveux doux, brillants et faciles \u00e0 coiffer apr\u00e8s chaque utilisation. Parfaitement adapt\u00e9 \u00e0 un usage quotidien, ce shampooing respecte les normes strictes de qualit\u00e9 et de s\u00e9curit\u00e9 pour offrir une exp\u00e9rience de soin rassurante \u00e0 chaque lavage.<\/p>\n<p><strong>Conseils d&rsquo;utilisation :<\/strong><\/p>\n<p>Appliquez une petite quantit\u00e9 de shampooing ABCDerm Douceur sur les cheveux mouill\u00e9s, massez d\u00e9licatement le cuir chevelu pour faire mousser et rincez abondament<\/p>\n<\/div>\n<\/div>","protected":false},"excerpt":{"rendered":"<p>D\u00e9couvrez ABCDerm Shampooing Douceur, une formule sp\u00e9cialement con\u00e7ue pour r\u00e9pondre aux besoins d\u00e9licats du cuir chevelu des enfants, en accord avec les normes de s\u00e9curit\u00e9 dermatologique d&rsquo;ABCDerm. Ce shampooing doux offre une solution apaisante et efficace pour nettoyer en toute s\u00e9curit\u00e9 les cheveux fragiles des tout-petits. Formul\u00e9 avec une grande attention pour la peau d\u00e9licate [&hellip;]<\/p>\n","protected":false},"featured_media":7993,"comment_status":"open","ping_status":"closed","template":"","meta":[],"product_brand":[111],"product_cat":[63],"product_tag":[],"giftcard-category":[],"class_list":{"0":"post-7992","1":"product","2":"type-product","3":"status-publish","4":"has-post-thumbnail","6":"product_brand-bioderma","7":"product_cat-hygiene-et-soin","9":"first","10":"instock","11":"taxable","12":"shipping-taxable","13":"purchasable","14":"product-type-simple"},"jetpack_sharing_enabled":true,"_links":{"self":[{"href":"https:\/\/foryoubaby.ma\/ar\/wp-json\/wp\/v2\/product\/7992","targetHints":{"allow":["GET"]}}],"collection":[{"href":"https:\/\/foryoubaby.ma\/ar\/wp-json\/wp\/v2\/product"}],"about":[{"href":"https:\/\/foryoubaby.ma\/ar\/wp-json\/wp\/v2\/types\/product"}],"replies":[{"embeddable":true,"href":"https:\/\/foryoubaby.ma\/ar\/wp-json\/wp\/v2\/comments?post=7992"}],"wp:featuredmedia":[{"embeddable":true,"href":"https:\/\/foryoubaby.ma\/ar\/wp-json\/wp\/v2\/media\/7993"}],"wp:attachment":[{"href":"https:\/\/foryoubaby.ma\/ar\/wp-json\/wp\/v2\/media?parent=7992"}],"wp:term":[{"taxonomy":"product_brand","embeddable":true,"href":"https:\/\/foryoubaby.ma\/ar\/wp-json\/wp\/v2\/product_brand?post=7992"},{"taxonomy":"product_cat","embeddable":true,"href":"https:\/\/foryoubaby.ma\/ar\/wp-json\/wp\/v2\/product_cat?post=7992"},{"taxonomy":"product_tag","embeddable":true,"href":"https:\/\/foryoubaby.ma\/ar\/wp-json\/wp\/v2\/product_tag?post=7992"},{"taxonomy":"giftcard-category","embeddable":true,"href":"https:\/\/foryoubaby.ma\/ar\/wp-json\/wp\/v2\/giftcard-category?post=7992"}],"curies":[{"name":"wp","href":"https:\/\/api.w.org\/{rel}","templated":true}]}}