{"id":7983,"date":"2025-08-05T16:17:27","date_gmt":"2025-08-05T16:17:27","guid":{"rendered":"https:\/\/foryoubaby.ma\/?post_type=product&#038;p=7983"},"modified":"2025-08-05T16:17:27","modified_gmt":"2025-08-05T16:17:27","slug":"mustela-lait-solaire-tres-haute-protection-spf50","status":"publish","type":"product","link":"https:\/\/foryoubaby.ma\/ar\/product\/mustela-lait-solaire-tres-haute-protection-spf50\/","title":{"rendered":"Mustela \u2013 Lait solaire tr\u00e8s haute protection SPF50+"},"content":{"rendered":"<div class=\"product-short-description\">\n<h3>Une protection renforc\u00e9e face au soleil<\/h3>\n<p>La peau des b\u00e9b\u00e9s et des jeunes enfants, tr\u00e8s sensible, pr\u00e9sente une grande fragilit\u00e9 face au rayonnement solaire. Afin de prot\u00e9ger votre jeune enfant et ce d\u00e8s la sortie de n\u00e9onatologie,\u00a0Mustela\u00a0a cr\u00e9\u00e9 son\u00a0Lait Solaire Tr\u00e8s Haute Protection\u00a0dont 86% des ingr\u00e9dients proviennent de la nature :<\/p>\n<ul>\n<li>Il offre une tr\u00e8s haute protection (SPF 50+) contre les rayons UVA et UVB.<\/li>\n<li>Il est r\u00e9sistant \u00e0 l\u2019eau.<\/li>\n<li>Il soutient la r\u00e9sistance naturelle de la barri\u00e8re cutan\u00e9e face aux agressions et pr\u00e9serve le capital cellulaire pr\u00e9cieux des b\u00e9b\u00e9s gr\u00e2ce \u00e0 la pers\u00e9ose d\u2019avocat.<\/li>\n<\/ul>\n<p>Test\u00e9 sous contr\u00f4le dermatologique et p\u00e9diatrique, ce lait solaire hypoallerg\u00e9nique a prouv\u00e9 sa tr\u00e8s grande tol\u00e9rance cutan\u00e9e Sans parfum, sans alcool, il peut \u00eatre utilis\u00e9 sur la peau tr\u00e8s sensible ou \u00e0 tendance atopique<\/p>\n<h3>Un lait solaire facile \u00e0 appliquer<\/h3>\n<p>Le\u00a0Lait Solaire Tr\u00e8s Haute Protection Mustela\u00a0a \u00e9t\u00e9 pens\u00e9 pour une utilisation facilit\u00e9e par les parents.<\/p>\n<ul>\n<li>Il pr\u00e9sente une texture ultra-fluide et fondante, qui s\u2019\u00e9tend facilement sur la peau et ne colle pas.<\/li>\n<li>Il r\u00e9siste aux frottements des v\u00eatements et \u00e0 la transpiration.<\/li>\n<li>Invisible, il ne laisse pas de film blanc sur la peau et ne tache pas les v\u00eatements.<\/li>\n<\/ul>\n<p>Conditionn\u00e9 dans un tube muni d\u2019un compte-goutte, il est facile \u00e0 doser.<\/p>\n<\/div>\n<p class=\"stock out-of-stock\">Rupture de stock<\/p>\n<div id=\"wc_bis_product_form\" data-bis-product-id=\"66876\">\n<p class=\"wc_bis_form_title\">Vous souhaitez \u00eatre averti lorsque ce produit sera de nouveau en stock\u00a0?<\/p>\n<p><input id=\"wc_bis_email\" class=\"input-text\" name=\"wc_bis_email\" type=\"text\" placeholder=\"Saisir votre adresse e-mail\" \/><\/div>","protected":false},"excerpt":{"rendered":"<p>Une protection renforc\u00e9e face au soleil La peau des b\u00e9b\u00e9s et des jeunes enfants, tr\u00e8s sensible, pr\u00e9sente une grande fragilit\u00e9 face au rayonnement solaire. Afin de prot\u00e9ger votre jeune enfant et ce d\u00e8s la sortie de n\u00e9onatologie,\u00a0Mustela\u00a0a cr\u00e9\u00e9 son\u00a0Lait Solaire Tr\u00e8s Haute Protection\u00a0dont 86% des ingr\u00e9dients proviennent de la nature : Il offre une tr\u00e8s [&hellip;]<\/p>\n","protected":false},"featured_media":7984,"comment_status":"open","ping_status":"closed","template":"","meta":[],"product_brand":[102],"product_cat":[63],"product_tag":[],"giftcard-category":[],"class_list":{"0":"post-7983","1":"product","2":"type-product","3":"status-publish","4":"has-post-thumbnail","6":"product_brand-mustela","7":"product_cat-hygiene-et-soin","9":"first","10":"instock","11":"taxable","12":"shipping-taxable","13":"purchasable","14":"product-type-simple"},"jetpack_sharing_enabled":true,"_links":{"self":[{"href":"https:\/\/foryoubaby.ma\/ar\/wp-json\/wp\/v2\/product\/7983","targetHints":{"allow":["GET"]}}],"collection":[{"href":"https:\/\/foryoubaby.ma\/ar\/wp-json\/wp\/v2\/product"}],"about":[{"href":"https:\/\/foryoubaby.ma\/ar\/wp-json\/wp\/v2\/types\/product"}],"replies":[{"embeddable":true,"href":"https:\/\/foryoubaby.ma\/ar\/wp-json\/wp\/v2\/comments?post=7983"}],"wp:featuredmedia":[{"embeddable":true,"href":"https:\/\/foryoubaby.ma\/ar\/wp-json\/wp\/v2\/media\/7984"}],"wp:attachment":[{"href":"https:\/\/foryoubaby.ma\/ar\/wp-json\/wp\/v2\/media?parent=7983"}],"wp:term":[{"taxonomy":"product_brand","embeddable":true,"href":"https:\/\/foryoubaby.ma\/ar\/wp-json\/wp\/v2\/product_brand?post=7983"},{"taxonomy":"product_cat","embeddable":true,"href":"https:\/\/foryoubaby.ma\/ar\/wp-json\/wp\/v2\/product_cat?post=7983"},{"taxonomy":"product_tag","embeddable":true,"href":"https:\/\/foryoubaby.ma\/ar\/wp-json\/wp\/v2\/product_tag?post=7983"},{"taxonomy":"giftcard-category","embeddable":true,"href":"https:\/\/foryoubaby.ma\/ar\/wp-json\/wp\/v2\/giftcard-category?post=7983"}],"curies":[{"name":"wp","href":"https:\/\/api.w.org\/{rel}","templated":true}]}}