{"id":7943,"date":"2025-08-01T11:04:22","date_gmt":"2025-08-01T11:04:22","guid":{"rendered":"https:\/\/foryoubaby.ma\/?post_type=product&#038;p=7943"},"modified":"2025-08-01T11:04:22","modified_gmt":"2025-08-01T11:04:22","slug":"baume-dallaitement-bio","status":"publish","type":"product","link":"https:\/\/foryoubaby.ma\/ar\/product\/baume-dallaitement-bio\/","title":{"rendered":"Baume d\u2019allaitement Bio"},"content":{"rendered":"<p><strong>Formule 100% naturelle<\/strong>\u00a0pour assouplir les mamelons et la\u00a0<strong>peau s\u00e8che qui tiraille pendant la grossesse<\/strong>\u00a0ou les\u00a0<strong>premiers jours apr\u00e8s l\u2019accouchement.<\/strong><\/p>\n<p><strong>Le Baume Allaitement BIO Lansinoh\u00ae<\/strong>\u00a0vous permet de vous familiariser avec vos seins et de les masser en vue de l\u2019allaitement. On peut \u00e9galement l\u2019utiliser les premiers jours de l\u2019allaitement pour hydrater.<\/p>\n<p><strong>Sans odeur ni go\u00fbt<\/strong>, pas besoin de rincer avant de donner le sein \u00e0 b\u00e9b\u00e9.<\/p>\n<p><strong>Pourquoi ce produit ?<\/strong><br \/>\nLe baume d\u2019allaitement BIO Lansinoh est un rem\u00e8de naturel \u00e0 base de plantes pour pr\u00e9parer les seins \u00e0 l\u2019allaitement en les massant et prendre soin de la peau s\u00e8che qui tiraille.<\/p>\n<p><strong>Quand l\u2019utiliser ?<\/strong><\/p>\n<ul>\n<li>En phase pr\u00e9natale, il est \u00e0 utiliser principalement pendant la grossesse pour assouplir les mamelons pour avoir une zone bien hydrat\u00e9e et commencer l\u2019allaitement dans des conditions optimales. Le baume peut \u00e9galement \u00eatre utilis\u00e9 en cas de tiraillements de la peau et pour pr\u00e9venir des vergetures.<\/li>\n<li>D\u00e8s les premiers jours de b\u00e9b\u00e9, le baume d\u2019allaitement BIO pourra venir soulager la zone des mamelons en cas de peau s\u00e8che.<\/li>\n<\/ul>\n<p>Sans odeur, ni go\u00fbt, il peut s\u2019utiliser en toute s\u00e9curit\u00e9 durant l\u2019allaitement.<\/p>\n<p>&nbsp;<\/p>\n<p>Il ne contient pas d\u2019additifs ou de conservateurs, que du naturel \u2013 Sans eau (pas de prolif\u00e9ration de bact\u00e9rie, formule non dilu\u00e9e).<\/p>\n<p>&nbsp;<\/p>\n<p>Le baume d\u2019allaitement BIO Lansinoh permet d\u2019aider \u00e0 restaurer l\u2019\u00e9quilibre de la peau ass\u00e9ch\u00e9e et de familiariser la maman avec l\u2019allaitement \u00e0 venir. Les savons peuvent ass\u00e9cher la peau et les mamelons, le baume permet d\u2019hydrater et de r\u00e9tablir l\u2019\u00e9quilibre naturel<\/p>\n<p><strong>Et en cas de s\u00e9cheresses durant l\u2019allaitement ?<\/strong><\/p>\n<p>La cr\u00e8me Lanoline HPA de Lansinoh pourra venir soigner, apaiser et prot\u00e9ger les mamelons sensibles ou irrit\u00e9s pour une gu\u00e9rison totale.<\/p>\n<p>&nbsp;<\/p>\n<p>La gamme de produits Lansinoh se compl\u00e8te pour r\u00e9pondre \u00e0 tous les besoins des mamans.<\/p>","protected":false},"excerpt":{"rendered":"<p>Formule 100% naturelle\u00a0pour assouplir les mamelons et la\u00a0peau s\u00e8che qui tiraille pendant la grossesse\u00a0ou les\u00a0premiers jours apr\u00e8s l\u2019accouchement. Le Baume Allaitement BIO Lansinoh\u00ae\u00a0vous permet de vous familiariser avec vos seins et de les masser en vue de l\u2019allaitement. On peut \u00e9galement l\u2019utiliser les premiers jours de l\u2019allaitement pour hydrater. Sans odeur ni go\u00fbt, pas besoin [&hellip;]<\/p>\n","protected":false},"featured_media":7944,"comment_status":"open","ping_status":"closed","template":"","meta":[],"product_brand":[110],"product_cat":[63,65],"product_tag":[],"giftcard-category":[],"class_list":{"0":"post-7943","1":"product","2":"type-product","3":"status-publish","4":"has-post-thumbnail","6":"product_brand-lansinoh","7":"product_cat-hygiene-et-soin","8":"product_cat-pour-elle-maman","10":"first","11":"instock","12":"taxable","13":"shipping-taxable","14":"purchasable","15":"product-type-simple"},"jetpack_sharing_enabled":true,"_links":{"self":[{"href":"https:\/\/foryoubaby.ma\/ar\/wp-json\/wp\/v2\/product\/7943","targetHints":{"allow":["GET"]}}],"collection":[{"href":"https:\/\/foryoubaby.ma\/ar\/wp-json\/wp\/v2\/product"}],"about":[{"href":"https:\/\/foryoubaby.ma\/ar\/wp-json\/wp\/v2\/types\/product"}],"replies":[{"embeddable":true,"href":"https:\/\/foryoubaby.ma\/ar\/wp-json\/wp\/v2\/comments?post=7943"}],"wp:featuredmedia":[{"embeddable":true,"href":"https:\/\/foryoubaby.ma\/ar\/wp-json\/wp\/v2\/media\/7944"}],"wp:attachment":[{"href":"https:\/\/foryoubaby.ma\/ar\/wp-json\/wp\/v2\/media?parent=7943"}],"wp:term":[{"taxonomy":"product_brand","embeddable":true,"href":"https:\/\/foryoubaby.ma\/ar\/wp-json\/wp\/v2\/product_brand?post=7943"},{"taxonomy":"product_cat","embeddable":true,"href":"https:\/\/foryoubaby.ma\/ar\/wp-json\/wp\/v2\/product_cat?post=7943"},{"taxonomy":"product_tag","embeddable":true,"href":"https:\/\/foryoubaby.ma\/ar\/wp-json\/wp\/v2\/product_tag?post=7943"},{"taxonomy":"giftcard-category","embeddable":true,"href":"https:\/\/foryoubaby.ma\/ar\/wp-json\/wp\/v2\/giftcard-category?post=7943"}],"curies":[{"name":"wp","href":"https:\/\/api.w.org\/{rel}","templated":true}]}}