{"id":7903,"date":"2025-07-26T15:08:40","date_gmt":"2025-07-26T15:08:40","guid":{"rendered":"https:\/\/foryoubaby.ma\/?post_type=product&#038;p=7903"},"modified":"2025-09-30T19:32:34","modified_gmt":"2025-09-30T19:32:34","slug":"carryboo-couches-de-nos-regions-taille-5-12-25kg-40-unites","status":"publish","type":"product","link":"https:\/\/foryoubaby.ma\/ar\/product\/carryboo-couches-de-nos-regions-taille-5-12-25kg-40-unites\/","title":{"rendered":"Carryboo Couches de nos R\u00e9gions Taille 5 (12-25kg) &#8211; 40 Unit\u00e9s"},"content":{"rendered":"<div class=\"disclosure__panel has-motion\">\n<div class=\"disclosure__content rte product-description\">\n<p><strong>Carryboo Couches de nos R\u00e9gions Taille 5 (12-25kg) &#8211; 40 Unit\u00e9s :<\/strong><\/p>\n<div>\n<p><strong>COMPOSITION<\/strong><br \/>\nLa couche Carryboo est con\u00e7ue avec soin !<\/p>\n<ul>\n<li><strong>Matelas absorbant<\/strong> : En cellulose naturelle r\u00e9colt\u00e9e dans les Landes et microbilles (polyacrylate de sodium), avec un syst\u00e8me de canaux pour une meilleure dispersion de l&rsquo;urine.<\/li>\n<li><strong>Voile ultra-doux<\/strong> : Fabriqu\u00e9 pr\u00e8s de Lille, il est sans lotion, sans parfum et sans p\u00e9trolatum, en non tiss\u00e9 de polypropyl\u00e8ne.<\/li>\n<li><strong>Barri\u00e8res anti-fuites<\/strong> : Permettent \u00e0 b\u00e9b\u00e9 de gigoter en toute tranquillit\u00e9, en non tiss\u00e9 de polypropyl\u00e8ne et \u00e9lastiques en \u00e9lasthanne sans latex.<\/li>\n<li><strong>Attaches extensibles adh\u00e9sives<\/strong> : S&rsquo;ajustent parfaitement au petit ventre de b\u00e9b\u00e9, en film \u00e9lastom\u00e8re sans latex, non tiss\u00e9 en polypropyl\u00e8ne et film polypropyl\u00e8ne imprim\u00e9, avec des fibres en polyamide et\/ou polyester.<\/li>\n<li><strong>Enveloppe ext\u00e9rieure<\/strong> : Douce et respirante, orn\u00e9e de jolis motifs, en non tiss\u00e9 de polypropyl\u00e8ne et film polypropyl\u00e8ne imprim\u00e9 \u00e0 l&rsquo;encre \u00e0 l&rsquo;eau.<\/li>\n<li><strong>Bande frontale<\/strong> : Pour accrocher facilement les attaches extensibles, fabriqu\u00e9e dans la r\u00e9gion nantaise !<\/li>\n<\/ul>\n<p><img decoding=\"async\" src=\"https:\/\/cdn.shopify.com\/s\/files\/1\/0402\/1413\/4952\/files\/couches_carryboo1.webp?v=1730293550\" alt=\"\" \/><\/p>\n<p><strong>1 \/ COUSSIN ULTRA ABSORBANT<\/strong><br \/>\nEfficacit\u00e9 anti-fuites pendant 12 heures<\/p>\n<ul>\n<li>C\u0153ur absorbant en cellulose naturelle et microbilles<\/li>\n<\/ul>\n<p><strong>2 \/ VOILE<\/strong><br \/>\nVoile ultra doux pour la peau de b\u00e9b\u00e9<\/p>\n<ul>\n<li>Sans lotion, parfum ni p\u00e9trolatum<\/li>\n<li>En non tiss\u00e9 de polypropyl\u00e8ne<\/li>\n<\/ul>\n<p><strong>3 \/ BARRI\u00c8RE ANTI-FUITES<\/strong><br \/>\nPour que b\u00e9b\u00e9 puisse bouger librement sans inqui\u00e9tude<\/p>\n<ul>\n<li>En non tiss\u00e9 de polypropyl\u00e8ne<\/li>\n<li>\u00c9lastiques en \u00e9lasthanne sans latex<\/li>\n<\/ul>\n<p><strong>4 \/ ENVELOPPE EXT\u00c9RIEURE<\/strong><br \/>\nDouce et respirante, orn\u00e9e de jolis motifs !<\/p>\n<ul>\n<li>En non tiss\u00e9 de polypropyl\u00e8ne<\/li>\n<li>Imprim\u00e9e \u00e0 l&rsquo;encre \u00e0 l&rsquo;eau<\/li>\n<\/ul>\n<p><strong>5 \/ ATTACHES EXTENSIBLES<\/strong><br \/>\nAdh\u00e9sives pour un ajustement parfait au petit ventre de b\u00e9b\u00e9<\/p>\n<ul>\n<li>En film \u00e9lastom\u00e8re sans latex<\/li>\n<li>Non tiss\u00e9 en polypropyl\u00e8ne et film polypropyl\u00e8ne imprim\u00e9<\/li>\n<li>Fibres en polyamide et\/ou polyester<\/li>\n<li>Colle<\/li>\n<\/ul>\n<p><strong>6 \/ TECHNOLOGIE DE CANAUX<\/strong><br \/>\nSyst\u00e8me de canaux pour une absorption optimale et une meilleure dispersion de l&rsquo;urine<\/p>\n<\/div>\n<\/div>\n<\/div>","protected":false},"excerpt":{"rendered":"<p>Carryboo Couches de nos R\u00e9gions Taille 5 (12-25kg) &#8211; 40 Unit\u00e9s : COMPOSITION La couche Carryboo est con\u00e7ue avec soin ! Matelas absorbant : En cellulose naturelle r\u00e9colt\u00e9e dans les Landes et microbilles (polyacrylate de sodium), avec un syst\u00e8me de canaux pour une meilleure dispersion de l&rsquo;urine. Voile ultra-doux : Fabriqu\u00e9 pr\u00e8s de Lille, il [&hellip;]<\/p>\n","protected":false},"featured_media":7904,"comment_status":"open","ping_status":"closed","template":"","meta":[],"product_brand":[234],"product_cat":[63],"product_tag":[],"giftcard-category":[],"class_list":{"0":"post-7903","1":"product","2":"type-product","3":"status-publish","4":"has-post-thumbnail","6":"product_brand-carryboo","7":"product_cat-hygiene-et-soin","9":"first","10":"instock","11":"sale","12":"taxable","13":"shipping-taxable","14":"purchasable","15":"product-type-simple"},"jetpack_sharing_enabled":true,"_links":{"self":[{"href":"https:\/\/foryoubaby.ma\/ar\/wp-json\/wp\/v2\/product\/7903","targetHints":{"allow":["GET"]}}],"collection":[{"href":"https:\/\/foryoubaby.ma\/ar\/wp-json\/wp\/v2\/product"}],"about":[{"href":"https:\/\/foryoubaby.ma\/ar\/wp-json\/wp\/v2\/types\/product"}],"replies":[{"embeddable":true,"href":"https:\/\/foryoubaby.ma\/ar\/wp-json\/wp\/v2\/comments?post=7903"}],"wp:featuredmedia":[{"embeddable":true,"href":"https:\/\/foryoubaby.ma\/ar\/wp-json\/wp\/v2\/media\/7904"}],"wp:attachment":[{"href":"https:\/\/foryoubaby.ma\/ar\/wp-json\/wp\/v2\/media?parent=7903"}],"wp:term":[{"taxonomy":"product_brand","embeddable":true,"href":"https:\/\/foryoubaby.ma\/ar\/wp-json\/wp\/v2\/product_brand?post=7903"},{"taxonomy":"product_cat","embeddable":true,"href":"https:\/\/foryoubaby.ma\/ar\/wp-json\/wp\/v2\/product_cat?post=7903"},{"taxonomy":"product_tag","embeddable":true,"href":"https:\/\/foryoubaby.ma\/ar\/wp-json\/wp\/v2\/product_tag?post=7903"},{"taxonomy":"giftcard-category","embeddable":true,"href":"https:\/\/foryoubaby.ma\/ar\/wp-json\/wp\/v2\/giftcard-category?post=7903"}],"curies":[{"name":"wp","href":"https:\/\/api.w.org\/{rel}","templated":true}]}}