{"id":7888,"date":"2025-07-17T11:26:21","date_gmt":"2025-07-17T11:26:21","guid":{"rendered":"https:\/\/foryoubaby.ma\/?post_type=product&#038;p=7888"},"modified":"2025-07-29T16:52:51","modified_gmt":"2025-07-29T16:52:51","slug":"poussette-mios-3-black-finition-rose-gold","status":"publish","type":"product","link":"https:\/\/foryoubaby.ma\/ar\/product\/poussette-mios-3-black-finition-rose-gold\/","title":{"rendered":"Cybex Poussette Mios 3 &#8211; Black finition Rose gold"},"content":{"rendered":"<p>D\u00e9couvrez cette belle\u00a0<strong>poussette Mios<\/strong>\u00a0avec ch\u00e2ssis Rose Gold\u00a0 de la marque Cybex Platinum. Elle est dot\u00e9e d&rsquo;une<strong>\u00a0assise r\u00e9versible<\/strong>\u00a0pour permettre \u00e0 votre enfant d&rsquo;\u00eatre\u00a0<strong>face \u00e0 vous<\/strong>\u00a0pour le rassurer ou\u00a0<strong>face \u00e0 la route<\/strong>\u00a0pour explorer ce qui l&rsquo;entoure. L&rsquo;assise de la\u00a0<strong>poussette Cybex<\/strong>\u00a0est inclinable \u00e0 plat pour \u00eatre utilisable d\u00e8s la naissance de votre b\u00e9b\u00e9. La\u00a0<strong>Mios de Cybex<\/strong>\u00a0est la poussette citadine par excellence !<\/p>\n<h4>QUELS SONT LES POINTS FORTS DU PRODUIT ?<\/h4>\n<ul>\n<li>Poussette l\u00e9g\u00e8re et compacte<\/li>\n<li>Ch\u00e2ssis robuste et confortable<\/li>\n<li>Utilisable en Travel System<\/li>\n<li><strong>Harnais ajustable d&rsquo;une seule main\u00a0<\/strong><\/li>\n<li><strong>Inclinable \u00e0 plat et assise r\u00e9versible<\/strong><\/li>\n<li>Guidon r\u00e9glable<\/li>\n<li><strong>Roues citadines avec suspensions<\/strong><\/li>\n<li><strong>Repose pied ajustable<\/strong><\/li>\n<li><strong>Barre de protection<\/strong><\/li>\n<li><strong>Canopy XXL UPF50+<\/strong><\/li>\n<li>Dossier filet et tissu<\/li>\n<li>Pliage \u00e0 une seule main<\/li>\n<li>Guidon r\u00e9glable<\/li>\n<li>Poussette avec frein \u00e0 pied<\/li>\n<li>Panier shopping extra large<\/li>\n<li>Apparence soign\u00e9e<\/li>\n<li>Poussette adapt\u00e9e \u00e0 la ville<\/li>\n<li>Habillage pluie et adaptateurs inclus<\/li>\n<\/ul>\n<h4><strong>QUELLES SONT LES CARACT\u00c9RISTIQUES DE LA POUSSETTE CITADINE MIOS ROSE GOLD?<\/strong><\/h4>\n<p>Cette\u00a0<strong>poussette Cybex<\/strong>\u00a0est utilisable en Travel System, c&rsquo;est-\u00e0-dire que vous pouvez installer une\u00a0<strong>nacelle Luxe Mios<\/strong>\u00a0ou un si\u00e8ge auto de la m\u00eame marque pour l&rsquo;utiliser\u00a0<strong>d\u00e8s la naissance<\/strong>\u00a0de votre enfant. Le ch\u00e2ssis de la\u00a0<strong>Mios\u00a0<\/strong>est robuste et confortable gr\u00e2ce \u00e0 ses 4 roues avec suspensions. Cette poussette citadine sera parfaite pour les obstacles de la ville (trottoirs, pav\u00e9s, petits espaces) gr\u00e2ce \u00e0 son ch\u00e2ssis \u00e9troit.<\/p>\n<h4>QUELLES SONT LES SP\u00c9CIFICIT\u00c9S DE LA POUSSETTE MIOS CYBEX ?<\/h4>\n<div>\n<ul>\n<li>Dimensions poussette ouverte : 50 x 83 x 98 cm<\/li>\n<li>Dimensions pli\u00e9e 65 x 50 x 29 cm<\/li>\n<li>\u00c2ge : D\u00e8s la naissance et jusqu&rsquo;\u00e0 22\u00a0kg<\/li>\n<li>Poids max enfant : 22\u00a0kg<\/li>\n<li>Mati\u00e8re ch\u00e2ssis : Acier et plastique<\/li>\n<li>Mati\u00e8re roues : Caoutchouc<\/li>\n<li>Mati\u00e8re tissu : Polyester<\/li>\n<li>Coloris ch\u00e2ssis : Rose Gold<\/li>\n<li>Coloris assise :\u00a0Deep Black<\/li>\n<li>Poids poussette : 9.9 kg<\/li>\n<\/ul>\n<\/div>","protected":false},"excerpt":{"rendered":"<p>D\u00e9couvrez cette belle\u00a0poussette Mios\u00a0avec ch\u00e2ssis Rose Gold\u00a0 de la marque Cybex Platinum. Elle est dot\u00e9e d&rsquo;une\u00a0assise r\u00e9versible\u00a0pour permettre \u00e0 votre enfant d&rsquo;\u00eatre\u00a0face \u00e0 vous\u00a0pour le rassurer ou\u00a0face \u00e0 la route\u00a0pour explorer ce qui l&rsquo;entoure. L&rsquo;assise de la\u00a0poussette Cybex\u00a0est inclinable \u00e0 plat pour \u00eatre utilisable d\u00e8s la naissance de votre b\u00e9b\u00e9. La\u00a0Mios de Cybex\u00a0est la poussette [&hellip;]<\/p>\n","protected":false},"featured_media":7892,"comment_status":"open","ping_status":"closed","template":"","meta":[],"product_brand":[105],"product_cat":[59],"product_tag":[],"giftcard-category":[],"class_list":{"0":"post-7888","1":"product","2":"type-product","3":"status-publish","4":"has-post-thumbnail","6":"product_brand-cybex","7":"product_cat-poussettes","9":"first","10":"instock","11":"taxable","12":"shipping-taxable","13":"purchasable","14":"product-type-simple"},"jetpack_sharing_enabled":true,"_links":{"self":[{"href":"https:\/\/foryoubaby.ma\/ar\/wp-json\/wp\/v2\/product\/7888","targetHints":{"allow":["GET"]}}],"collection":[{"href":"https:\/\/foryoubaby.ma\/ar\/wp-json\/wp\/v2\/product"}],"about":[{"href":"https:\/\/foryoubaby.ma\/ar\/wp-json\/wp\/v2\/types\/product"}],"replies":[{"embeddable":true,"href":"https:\/\/foryoubaby.ma\/ar\/wp-json\/wp\/v2\/comments?post=7888"}],"wp:featuredmedia":[{"embeddable":true,"href":"https:\/\/foryoubaby.ma\/ar\/wp-json\/wp\/v2\/media\/7892"}],"wp:attachment":[{"href":"https:\/\/foryoubaby.ma\/ar\/wp-json\/wp\/v2\/media?parent=7888"}],"wp:term":[{"taxonomy":"product_brand","embeddable":true,"href":"https:\/\/foryoubaby.ma\/ar\/wp-json\/wp\/v2\/product_brand?post=7888"},{"taxonomy":"product_cat","embeddable":true,"href":"https:\/\/foryoubaby.ma\/ar\/wp-json\/wp\/v2\/product_cat?post=7888"},{"taxonomy":"product_tag","embeddable":true,"href":"https:\/\/foryoubaby.ma\/ar\/wp-json\/wp\/v2\/product_tag?post=7888"},{"taxonomy":"giftcard-category","embeddable":true,"href":"https:\/\/foryoubaby.ma\/ar\/wp-json\/wp\/v2\/giftcard-category?post=7888"}],"curies":[{"name":"wp","href":"https:\/\/api.w.org\/{rel}","templated":true}]}}