{"id":7883,"date":"2025-07-17T11:18:21","date_gmt":"2025-07-17T11:18:21","guid":{"rendered":"https:\/\/foryoubaby.ma\/?post_type=product&#038;p=7883"},"modified":"2025-12-08T16:17:47","modified_gmt":"2025-12-08T16:17:47","slug":"cybex-siege-auto-sirona-gi-i-size-moon-black","status":"publish","type":"product","link":"https:\/\/foryoubaby.ma\/ar\/product\/cybex-siege-auto-sirona-gi-i-size-moon-black\/","title":{"rendered":"Cybex si\u00e8ge auto sirona Gi i-size moon black"},"content":{"rendered":"<div class=\"content-full-desc\">\n<p>Avec le si\u00e8ge auto Cybex Sirona Gi i-Size, votre enfant b\u00e9n\u00e9ficie d\u2019un confort et d\u2019une s\u00e9curit\u00e9 ultimes. En tant que parent, vous pouvez profiter d\u2019une facilit\u00e9 d\u2019utilisation ultime, car ce si\u00e8ge-auto peut pivoter \u00e0 360\u00b0. Entrer et sortir n\u2019a jamais \u00e9t\u00e9 aussi simple. Vous utilisez le si\u00e8ge auto entre 3 mois et 4 ans environ.<\/p>\n<p><strong>Rotative sur 360 :<\/strong><\/p>\n<p>Le si\u00e8ge auto a une base int\u00e9gr\u00e9e avec pied de support. Cela rend l\u2019installation du si\u00e8ge auto encore plus s\u00fbre dans la voiture. Des indicateurs visuels indiquent si la base a \u00e9t\u00e9 correctement install\u00e9e. Vous pouvez \u00e9galement utiliser le m\u00e9canisme de rotation pratique. De cette fa\u00e7on, votre enfant entre et descend de la voiture en douceur. Avec le choix de cinq positions d\u2019inclinaison (dans les deux sens de d\u00e9placement), votre enfant peut toujours faire une merveilleuse sieste.<\/p>\n<p><strong>Des trajets en voiture confortables :<\/strong><\/p>\n<p>Parce que vous utilisez le si\u00e8ge auto Cybex Sirona Gi i-Size pendant une p\u00e9riode plus longue, il grandit \u00e9galement avec votre enfant. L\u2019appui-t\u00eate peut \u00eatre r\u00e9gl\u00e9 sur 12 positions pour un ajustement confortable \u00e0 tout \u00e2ge. Lors du r\u00e9glage de l\u2019appui-t\u00eate, le harnais s\u2019ajuste \u00e9galement automatiquement. Et m\u00eame en toute saison, c\u2019est une belle chaise. La ventilation tout autour permet \u00e0 l\u2019air de circuler \u00e0 travers les canaux du si\u00e8ge auto, dissipant ainsi la chaleur.<\/p>\n<p><strong>Syst\u00e8me LSP int\u00e9gr\u00e9 :<\/strong><\/p>\n<p>Le si\u00e8ge auto est \u00e9quip\u00e9 d\u2019un LSP int\u00e9gr\u00e9 syst\u00e8me ( Protection Lin\u00e9aire contre les Impacts Lat\u00e9raux). En cas d\u2019accident, cela garantit que l\u2019impact du coup est r\u00e9duit d\u2019environ 25%. Ceci est particuli\u00e8rement efficace dans un accident o\u00f9 le coup vient du c\u00f4t\u00e9.<\/p>\n<p><strong>Caract\u00e9ristiques :<\/strong><\/p>\n<ul>\n<li>si\u00e8ge auto avec base int\u00e9gr\u00e9e<\/li>\n<li>Confirmation ISOFIX<\/li>\n<li>des indicateurs visuels indiquent une installation correcte<\/li>\n<li>le pied de support offre plus de s\u00e9curit\u00e9 et de stabilit\u00e9<\/li>\n<li>convient aux enfants de 3 mois \u00e0 4 ans (max. 20 kg.)<\/li>\n<li>convient aux enfants de 61 \u00e0 105 cm.<\/li>\n<li>utiliser d\u00e8s la naissance avec insert nouveau-n\u00e9 (insert vendu s\u00e9par\u00e9ment)<\/li>\n<li>dimensions : 71x44x75cm.<\/li>\n<li>poids du si\u00e8ge auto : 13 kg.<\/li>\n<li>i-Size<\/li>\n<li>Rotative sur 360<\/li>\n<li>appui-t\u00eate r\u00e9glable en hauteur (12 positions)<\/li>\n<li>ventilation tout autour<\/li>\n<li>Syst\u00e8me LSP int\u00e9gr\u00e9 dans les impacts lat\u00e9raux<\/li>\n<li>r\u00e9glable d\u2019une seule main sur cinq positions d\u2019inclinaison (dans les deux sens de d\u00e9placement)<\/li>\n<li>le harnais reste ouvert pour placer facilement votre enfant dans le si\u00e8ge<\/li>\n<li>tissus lavables en machine \u00e0 30\u00b0<\/li>\n<\/ul>\n<\/div>","protected":false},"excerpt":{"rendered":"<p>Avec le si\u00e8ge auto Cybex Sirona Gi i-Size, votre enfant b\u00e9n\u00e9ficie d\u2019un confort et d\u2019une s\u00e9curit\u00e9 ultimes. En tant que parent, vous pouvez profiter d\u2019une facilit\u00e9 d\u2019utilisation ultime, car ce si\u00e8ge-auto peut pivoter \u00e0 360\u00b0. Entrer et sortir n\u2019a jamais \u00e9t\u00e9 aussi simple. Vous utilisez le si\u00e8ge auto entre 3 mois et 4 ans environ. [&hellip;]<\/p>\n","protected":false},"featured_media":7887,"comment_status":"open","ping_status":"closed","template":"","meta":[],"product_brand":[105],"product_cat":[96],"product_tag":[],"giftcard-category":[],"class_list":{"0":"post-7883","1":"product","2":"type-product","3":"status-publish","4":"has-post-thumbnail","6":"product_brand-cybex","7":"product_cat-siege-auto","9":"first","10":"outofstock","11":"taxable","12":"shipping-taxable","13":"purchasable","14":"product-type-simple"},"jetpack_sharing_enabled":true,"_links":{"self":[{"href":"https:\/\/foryoubaby.ma\/ar\/wp-json\/wp\/v2\/product\/7883","targetHints":{"allow":["GET"]}}],"collection":[{"href":"https:\/\/foryoubaby.ma\/ar\/wp-json\/wp\/v2\/product"}],"about":[{"href":"https:\/\/foryoubaby.ma\/ar\/wp-json\/wp\/v2\/types\/product"}],"replies":[{"embeddable":true,"href":"https:\/\/foryoubaby.ma\/ar\/wp-json\/wp\/v2\/comments?post=7883"}],"wp:featuredmedia":[{"embeddable":true,"href":"https:\/\/foryoubaby.ma\/ar\/wp-json\/wp\/v2\/media\/7887"}],"wp:attachment":[{"href":"https:\/\/foryoubaby.ma\/ar\/wp-json\/wp\/v2\/media?parent=7883"}],"wp:term":[{"taxonomy":"product_brand","embeddable":true,"href":"https:\/\/foryoubaby.ma\/ar\/wp-json\/wp\/v2\/product_brand?post=7883"},{"taxonomy":"product_cat","embeddable":true,"href":"https:\/\/foryoubaby.ma\/ar\/wp-json\/wp\/v2\/product_cat?post=7883"},{"taxonomy":"product_tag","embeddable":true,"href":"https:\/\/foryoubaby.ma\/ar\/wp-json\/wp\/v2\/product_tag?post=7883"},{"taxonomy":"giftcard-category","embeddable":true,"href":"https:\/\/foryoubaby.ma\/ar\/wp-json\/wp\/v2\/giftcard-category?post=7883"}],"curies":[{"name":"wp","href":"https:\/\/api.w.org\/{rel}","templated":true}]}}