{"id":7879,"date":"2025-07-17T11:13:27","date_gmt":"2025-07-17T11:13:27","guid":{"rendered":"https:\/\/foryoubaby.ma\/?post_type=product&#038;p=7879"},"modified":"2025-07-17T11:13:27","modified_gmt":"2025-07-17T11:13:27","slug":"cybex-siege-auto-aton-b2-i-size-volcano-black","status":"publish","type":"product","link":"https:\/\/foryoubaby.ma\/ar\/product\/cybex-siege-auto-aton-b2-i-size-volcano-black\/","title":{"rendered":"Cybex siege auto aton b2 i-size \u2013 volcano black"},"content":{"rendered":"<div class=\"content-full-desc\">\n<p>Le si\u00e8ge auto Aton B2 de Cybex s\u2019utilise d\u00e8s la naissance et jusqu\u2019\u00e0 24 mois. Il garantit la s\u00e9curit\u00e9 de votre b\u00e9b\u00e9 gr\u00e2ce \u00e0 son syst\u00e8me de protection lin\u00e9aire et \u00e0 sa coque \u00e0 absorption d\u2019\u00e9nergie qui le prot\u00e8ge en cas de choc lat\u00e9ral et qui r\u00e9duit de 25% l\u2019impact. Test\u00e9 par des experts, ce si\u00e8ge auto r\u00e9ponds \u00e0 toutes les derni\u00e8resnormes de s\u00e9curit\u00e9 europ\u00e9enne. De plus, il a \u00e9t\u00e9 soumis \u00e0 de nombreux tests d\u2019impact.<\/p>\n<p>Il est \u00e9galement tout confort avec son r\u00e9ducteur\u00a0nouveau-n\u00e9 amovible et son appuie-t\u00eate r\u00e9glable sur 11 positions. Ce si\u00e8ge auto est aussi dot\u00e9 d\u2019un canopy XXL enUPF50+ qui vient prot\u00e9ger b\u00e9b\u00e9 des rayons du soleil et des intemp\u00e9ries (vent, pluie, etc).<\/p>\n<p>Ultra l\u00e9ger, vous pourrez l\u2019installer et le transporter facilement de la voiture \u00e0 la poussette. En effet, le si\u00e8ge auto est compatible avec de nombreuses poussettes Cybexgr\u00e2ce \u00e0 son travel syst\u00e8me, qui permet d\u2019attacher le si\u00e8ge \u00e0 la poussette.<\/p>\n<p>Notre avis :\u00a0Un si\u00e8ge auto l\u00e9ger, tout confort et ultra s\u00e9curis\u00e9.<\/p>\n<p><strong>Caract\u00e9ristiques :\u00a0<\/strong><\/p>\n<p>\u2013 D\u00e8s la naissance jusqu\u2019\u00e0 24 mois<\/p>\n<p>\u2013 Dimensions : 66 x 44 x 39 cm<\/p>\n<p>\u2013 Hauteur : 45 \u00e0 87 cm<\/p>\n<p>\u2013 Poids max avec l\u2019enfant : 13 kg<\/p>\n<p>\u2013 Poids : 3.8 kg<\/p>\n<p>\u2013 Taille de l\u2019enfant max avec le r\u00e9ducteur : 60 cm<\/p>\n<p>\u2013 Housse en tissu lavables en machine \u00e0 30 \u00b0C<\/p>\n<p>\u2013 Compatible avec la base One de Cybex<\/p>\n<\/div>","protected":false},"excerpt":{"rendered":"<p>Le si\u00e8ge auto Aton B2 de Cybex s\u2019utilise d\u00e8s la naissance et jusqu\u2019\u00e0 24 mois. Il garantit la s\u00e9curit\u00e9 de votre b\u00e9b\u00e9 gr\u00e2ce \u00e0 son syst\u00e8me de protection lin\u00e9aire et \u00e0 sa coque \u00e0 absorption d\u2019\u00e9nergie qui le prot\u00e8ge en cas de choc lat\u00e9ral et qui r\u00e9duit de 25% l\u2019impact. Test\u00e9 par des experts, ce [&hellip;]<\/p>\n","protected":false},"featured_media":7880,"comment_status":"open","ping_status":"closed","template":"","meta":[],"product_brand":[105],"product_cat":[59],"product_tag":[],"giftcard-category":[],"class_list":{"0":"post-7879","1":"product","2":"type-product","3":"status-publish","4":"has-post-thumbnail","6":"product_brand-cybex","7":"product_cat-poussettes","9":"first","10":"instock","11":"taxable","12":"shipping-taxable","13":"purchasable","14":"product-type-simple"},"jetpack_sharing_enabled":true,"_links":{"self":[{"href":"https:\/\/foryoubaby.ma\/ar\/wp-json\/wp\/v2\/product\/7879","targetHints":{"allow":["GET"]}}],"collection":[{"href":"https:\/\/foryoubaby.ma\/ar\/wp-json\/wp\/v2\/product"}],"about":[{"href":"https:\/\/foryoubaby.ma\/ar\/wp-json\/wp\/v2\/types\/product"}],"replies":[{"embeddable":true,"href":"https:\/\/foryoubaby.ma\/ar\/wp-json\/wp\/v2\/comments?post=7879"}],"wp:featuredmedia":[{"embeddable":true,"href":"https:\/\/foryoubaby.ma\/ar\/wp-json\/wp\/v2\/media\/7880"}],"wp:attachment":[{"href":"https:\/\/foryoubaby.ma\/ar\/wp-json\/wp\/v2\/media?parent=7879"}],"wp:term":[{"taxonomy":"product_brand","embeddable":true,"href":"https:\/\/foryoubaby.ma\/ar\/wp-json\/wp\/v2\/product_brand?post=7879"},{"taxonomy":"product_cat","embeddable":true,"href":"https:\/\/foryoubaby.ma\/ar\/wp-json\/wp\/v2\/product_cat?post=7879"},{"taxonomy":"product_tag","embeddable":true,"href":"https:\/\/foryoubaby.ma\/ar\/wp-json\/wp\/v2\/product_tag?post=7879"},{"taxonomy":"giftcard-category","embeddable":true,"href":"https:\/\/foryoubaby.ma\/ar\/wp-json\/wp\/v2\/giftcard-category?post=7879"}],"curies":[{"name":"wp","href":"https:\/\/api.w.org\/{rel}","templated":true}]}}