{"id":7856,"date":"2025-07-17T11:01:20","date_gmt":"2025-07-17T11:01:20","guid":{"rendered":"https:\/\/foryoubaby.ma\/?post_type=product&#038;p=7856"},"modified":"2025-07-29T16:54:58","modified_gmt":"2025-07-29T16:54:58","slug":"poussette-libelle","status":"publish","type":"product","link":"https:\/\/foryoubaby.ma\/ar\/product\/poussette-libelle\/","title":{"rendered":"Cybex Poussette Libelle"},"content":{"rendered":"<p>Vous \u00eates un parent actif qui aime emmener son petit partout, mais de pr\u00e9f\u00e9rence de la mani\u00e8re<strong>\u00a0la plus l\u00e9g\u00e8re et la plus compacte\u00a0<\/strong>possible ? Alors la poussette\u00a0<strong>Libelle 2 de la marque Cybex<\/strong>\u00a0pourrait devenir votre meilleur ami. Vous pouvez utiliser la Libelle 2 pour les enfants\u00a0<strong>de 6 mois \u00e0 4 ans\u00a0<\/strong>environ qui p\u00e8sent jusqu\u2019\u00e0 22 kilogrammes. Gr\u00e2ce aux adaptateurs vendus s\u00e9par\u00e9ment, vous pouvez \u00e9galement y fixer une coque b\u00e9b\u00e9 de Cybex afin de pouvoir utiliser la poussette\u00a0<strong>d\u00e8s la naissance\u00a0<\/strong>de votre enfant. La Cybex Libelle 2 est la solution id\u00e9ale pour les parents occup\u00e9s qui passent souvent du temps en ville ou qui prennent l\u2019avion avec leur petit.<\/p>","protected":false},"excerpt":{"rendered":"<p>Vous \u00eates un parent actif qui aime emmener son petit partout, mais de pr\u00e9f\u00e9rence de la mani\u00e8re\u00a0la plus l\u00e9g\u00e8re et la plus compacte\u00a0possible ? Alors la poussette\u00a0Libelle 2 de la marque Cybex\u00a0pourrait devenir votre meilleur ami. Vous pouvez utiliser la Libelle 2 pour les enfants\u00a0de 6 mois \u00e0 4 ans\u00a0environ qui p\u00e8sent jusqu\u2019\u00e0 22 kilogrammes. [&hellip;]<\/p>\n","protected":false},"featured_media":7865,"comment_status":"open","ping_status":"closed","template":"","meta":[],"product_brand":[],"product_cat":[59],"product_tag":[],"giftcard-category":[],"class_list":{"0":"post-7856","1":"product","2":"type-product","3":"status-publish","4":"has-post-thumbnail","6":"product_cat-poussettes","8":"first","9":"instock","10":"taxable","11":"shipping-taxable","12":"purchasable","13":"product-type-variable"},"jetpack_sharing_enabled":true,"_links":{"self":[{"href":"https:\/\/foryoubaby.ma\/ar\/wp-json\/wp\/v2\/product\/7856","targetHints":{"allow":["GET"]}}],"collection":[{"href":"https:\/\/foryoubaby.ma\/ar\/wp-json\/wp\/v2\/product"}],"about":[{"href":"https:\/\/foryoubaby.ma\/ar\/wp-json\/wp\/v2\/types\/product"}],"replies":[{"embeddable":true,"href":"https:\/\/foryoubaby.ma\/ar\/wp-json\/wp\/v2\/comments?post=7856"}],"wp:featuredmedia":[{"embeddable":true,"href":"https:\/\/foryoubaby.ma\/ar\/wp-json\/wp\/v2\/media\/7865"}],"wp:attachment":[{"href":"https:\/\/foryoubaby.ma\/ar\/wp-json\/wp\/v2\/media?parent=7856"}],"wp:term":[{"taxonomy":"product_brand","embeddable":true,"href":"https:\/\/foryoubaby.ma\/ar\/wp-json\/wp\/v2\/product_brand?post=7856"},{"taxonomy":"product_cat","embeddable":true,"href":"https:\/\/foryoubaby.ma\/ar\/wp-json\/wp\/v2\/product_cat?post=7856"},{"taxonomy":"product_tag","embeddable":true,"href":"https:\/\/foryoubaby.ma\/ar\/wp-json\/wp\/v2\/product_tag?post=7856"},{"taxonomy":"giftcard-category","embeddable":true,"href":"https:\/\/foryoubaby.ma\/ar\/wp-json\/wp\/v2\/giftcard-category?post=7856"}],"curies":[{"name":"wp","href":"https:\/\/api.w.org\/{rel}","templated":true}]}}