{"id":7847,"date":"2025-07-17T10:42:02","date_gmt":"2025-07-17T10:42:02","guid":{"rendered":"https:\/\/foryoubaby.ma\/?post_type=product&#038;p=7847"},"modified":"2025-07-29T16:58:44","modified_gmt":"2025-07-29T16:58:44","slug":"poussette-orfeo-silver-moon-black-cybex","status":"publish","type":"product","link":"https:\/\/foryoubaby.ma\/ar\/product\/poussette-orfeo-silver-moon-black-cybex\/","title":{"rendered":"cybex Poussette Orfeo black"},"content":{"rendered":"<div class=\"b-product_details-description_small\">L&rsquo;Orfeo combine la commodit\u00e9 d&rsquo;une poussette compacte avec le confort d&rsquo;une poussette citadine.<\/div>\n<div class=\"b-product_details-description_small\">Compatible avec les bagages \u00e0 main pour voyager facilement d\u00e8s la naissance (avec l&rsquo;utilisation d&rsquo;un si\u00e8ge auto pour b\u00e9b\u00e9, vendu s\u00e9par\u00e9ment).<\/div>\n<div class=\"b-product_details-description_small\"><\/div>\n<div class=\"b-product_details-description_small\">\n<div class=\"b-product_info-item\">\n<h4 class=\"b-product_info-item_title\">Caract\u00e9ristiques:<\/h4>\n<ul>\n<li><strong>Tranche d&rsquo;\u00e2ge\u00a0:<\/strong> De la naissance (avec utilisation d&rsquo;un si\u00e8ge auto pour b\u00e9b\u00e9, vendu s\u00e9par\u00e9ment) \u00e0 env.\u00a04 ans<\/li>\n<li><strong>Poids :<\/strong> Max.\u00a0poids de l&rsquo;enfant 25 kg<\/li>\n<\/ul>\n<\/div>\n<div class=\"b-product_info-item\">\n<h4 class=\"b-product_info-item_title\">Le confort devient compact :<\/h4>\n<p class=\"b-product_info-item_info\">Partagez le monde avec votre proche.\u00a0Pr\u00eate d\u00e8s la naissance, la poussette Orfeo est dot\u00e9e d&rsquo;un pli compatible bagage \u00e0 main pour faciliter les d\u00e9placements en avion ou en train.<\/p>\n<p>L&rsquo;inclinaison ergonomique presque plate offre un confort prolong\u00e9, et le harnais \u00e0 une seule traction s\u00e9curise votre enfant en quelques secondes.\u00a0D\u00e8s la naissance, transformez votre Orfeo en un syst\u00e8me de voyage compact avec votre si\u00e8ge auto pour b\u00e9b\u00e9 prim\u00e9 CYBEX pr\u00e9f\u00e9r\u00e9.\u00a0Que vous embarquiez sur votre vol, exploriez une nouvelle ville ou trouviez votre nouveau lieu touristique pr\u00e9f\u00e9r\u00e9, l&rsquo;Orfeo peut aider votre famille \u00e0 profiter du voyage le plus fabuleux et le plus m\u00e9morable.<\/p>\n<\/div>\n<div class=\"b-product_info-item\">\n<h4 class=\"b-product_info-item_title\">Conseils d&rsquo;entretien :<\/h4>\n<ul class=\"b-product_info-list\">\n<li class=\"b-product_info-list_item\">Laver s\u00e9par\u00e9ment.\u00a0Lavage doux \u00e0 l&rsquo;eau ti\u00e8de, ne pas blanchir, ne pas s\u00e9cher au s\u00e8che-linge, ne pas repasser, ne pas nettoyer \u00e0 sec.<\/li>\n<\/ul>\n<\/div>\n<div class=\"b-product_info-item\">\n<h4 class=\"b-product_info-item_title\">Compatible avec:<\/h4>\n<ul>\n<li>Si\u00e8ges d&rsquo;auto pour b\u00e9b\u00e9 CYBEX<\/li>\n<li>Sac de voyage Orfeo\/Beezy\/Eezy S Line<\/li>\n<li>Doublure de si\u00e8ge d&rsquo;\u00e9t\u00e9<\/li>\n<\/ul>\n<h4>Points Forts :<\/h4>\n<ul>\n<li><strong>Compatible avec les bagages \u00e0 main :<\/strong><\/li>\n<\/ul>\n<p>Un essentiel de voyage qui se plie suffisamment petit pour prendre confortablement votre vol.\u00a0D\u00e8s que vous atteignez votre destination, vous pouvez le d\u00e9plier en quelques secondes ou le porter sur votre \u00e9paule avec une sangle de transport pratique.<\/p>\n<ul>\n<li><strong>Sangle de transport int\u00e9gr\u00e9e :<\/strong><\/li>\n<\/ul>\n<p>Portez l&rsquo;Orfeo pli\u00e9 sur votre \u00e9paule gr\u00e2ce \u00e0 sa sangle de transport.\u00a0Outre la l\u00e9g\u00e8ret\u00e9 de l&rsquo;Orfeo et sa taille pliable ultra-compacte, ce d\u00e9tail de conception en fait un jeu d&rsquo;enfant \u00e0 transporter.<\/p>\n<ul>\n<li><strong>Harnais \u00e0 une traction :<\/strong><\/li>\n<\/ul>\n<p>S\u00e9curisez votre enfant en quelques secondes.\u00a0Une seule main suffit pour ajuster le harnais \u00e0 la forme parfaite.<\/p>\n<ul>\n<li><strong>Pr\u00eat pour le syst\u00e8me de voyage :<\/strong><\/li>\n<\/ul>\n<p>L&rsquo;Orfeo est compatible avec nos si\u00e8ges auto pour b\u00e9b\u00e9 prim\u00e9s, vous offrant une flexibilit\u00e9 suppl\u00e9mentaire lors de votre voyage.<\/p>\n<h4 class=\"b-product_info-item_title\">Instructions d\u2019entretien\u00a0:<\/h4>\n<ul class=\"b-product_info-list\">\n<li class=\"b-product_info-list_item\">Housses en tissu lavables en machine \u00e0 30\u00a0\u00b0C<\/li>\n<\/ul>\n<h4>Dimensions :<\/h4>\n<div class=\"b-specifications-col\">\n<div class=\"b-specifications-table\">\n<dl>\n<dt><strong>Longueur : 77cm<\/strong><\/dt>\n<dt><strong>Largeur : 52 cm<\/strong><\/dt>\n<dt><strong>Hauteur :<\/strong> <strong>102cm<\/strong><\/dt>\n<dt><strong>Poids :\u00a06,3 kg<\/strong><\/dt>\n<\/dl>\n<\/div>\n<\/div>\n<\/div>\n<\/div>","protected":false},"excerpt":{"rendered":"<p>L&rsquo;Orfeo combine la commodit\u00e9 d&rsquo;une poussette compacte avec le confort d&rsquo;une poussette citadine. Compatible avec les bagages \u00e0 main pour voyager facilement d\u00e8s la naissance (avec l&rsquo;utilisation d&rsquo;un si\u00e8ge auto pour b\u00e9b\u00e9, vendu s\u00e9par\u00e9ment). Caract\u00e9ristiques: Tranche d&rsquo;\u00e2ge\u00a0: De la naissance (avec utilisation d&rsquo;un si\u00e8ge auto pour b\u00e9b\u00e9, vendu s\u00e9par\u00e9ment) \u00e0 env.\u00a04 ans Poids : Max.\u00a0poids [&hellip;]<\/p>\n","protected":false},"featured_media":7854,"comment_status":"open","ping_status":"closed","template":"","meta":[],"product_brand":[105],"product_cat":[59],"product_tag":[],"giftcard-category":[],"class_list":{"0":"post-7847","1":"product","2":"type-product","3":"status-publish","4":"has-post-thumbnail","6":"product_brand-cybex","7":"product_cat-poussettes","9":"first","10":"instock","11":"taxable","12":"shipping-taxable","13":"purchasable","14":"product-type-simple"},"jetpack_sharing_enabled":true,"_links":{"self":[{"href":"https:\/\/foryoubaby.ma\/ar\/wp-json\/wp\/v2\/product\/7847","targetHints":{"allow":["GET"]}}],"collection":[{"href":"https:\/\/foryoubaby.ma\/ar\/wp-json\/wp\/v2\/product"}],"about":[{"href":"https:\/\/foryoubaby.ma\/ar\/wp-json\/wp\/v2\/types\/product"}],"replies":[{"embeddable":true,"href":"https:\/\/foryoubaby.ma\/ar\/wp-json\/wp\/v2\/comments?post=7847"}],"wp:featuredmedia":[{"embeddable":true,"href":"https:\/\/foryoubaby.ma\/ar\/wp-json\/wp\/v2\/media\/7854"}],"wp:attachment":[{"href":"https:\/\/foryoubaby.ma\/ar\/wp-json\/wp\/v2\/media?parent=7847"}],"wp:term":[{"taxonomy":"product_brand","embeddable":true,"href":"https:\/\/foryoubaby.ma\/ar\/wp-json\/wp\/v2\/product_brand?post=7847"},{"taxonomy":"product_cat","embeddable":true,"href":"https:\/\/foryoubaby.ma\/ar\/wp-json\/wp\/v2\/product_cat?post=7847"},{"taxonomy":"product_tag","embeddable":true,"href":"https:\/\/foryoubaby.ma\/ar\/wp-json\/wp\/v2\/product_tag?post=7847"},{"taxonomy":"giftcard-category","embeddable":true,"href":"https:\/\/foryoubaby.ma\/ar\/wp-json\/wp\/v2\/giftcard-category?post=7847"}],"curies":[{"name":"wp","href":"https:\/\/api.w.org\/{rel}","templated":true}]}}