{"id":7803,"date":"2025-07-16T15:51:40","date_gmt":"2025-07-16T15:51:40","guid":{"rendered":"https:\/\/foryoubaby.ma\/?post_type=product&#038;p=7803"},"modified":"2025-12-19T15:45:13","modified_gmt":"2025-12-19T15:45:13","slug":"babybio-lait-caprea","status":"publish","type":"product","link":"https:\/\/foryoubaby.ma\/ar\/product\/babybio-lait-caprea\/","title":{"rendered":"Babybio lait caprea N 1"},"content":{"rendered":"<p>&nbsp;<\/p>\n<p>Lait en poudre bio pour nourrissons \u00e9labor\u00e9 en France avec du lait de ch\u00e8vre bio. Convient \u00e0 l\u2019alimentation particuli\u00e8re du nourrisson, d\u00e8s la naissance, conform\u00e9ment \u00e0 la r\u00e9glementation.<\/p>\n<p>Le lait entier de la recette Babybio est issu de ch\u00e8vres qui sont nourries principalement avec de l\u2019herbe ou des fourrages et sont \u00e9lev\u00e9es dans le respect du bien-\u00eatre animal, conform\u00e9ment \u00e0 la r\u00e9glementation biologique.<\/p>\n<p>AVIS IMPORTANT : le lait maternel est, pour chaque nourrissons, l&rsquo;aliment qui lui convient le mieux. Toutefois, si vous ne pouvez pas ou ne d\u00e9sirez pas allaiter, votre m\u00e9decin vous conseillera un lait pour nourrissons. Le lait pour nourrissons convient \u00e0 l&rsquo;alimentation particuli\u00e8re des nourrissons d\u00e8s leur naissance quand ils ne sont pas allait\u00e9s. Ne changez pas de lait sans avis m\u00e9dical.<\/p>","protected":false},"excerpt":{"rendered":"<p>&nbsp; Lait en poudre bio pour nourrissons \u00e9labor\u00e9 en France avec du lait de ch\u00e8vre bio. Convient \u00e0 l\u2019alimentation particuli\u00e8re du nourrisson, d\u00e8s la naissance, conform\u00e9ment \u00e0 la r\u00e9glementation. Le lait entier de la recette Babybio est issu de ch\u00e8vres qui sont nourries principalement avec de l\u2019herbe ou des fourrages et sont \u00e9lev\u00e9es dans le [&hellip;]<\/p>\n","protected":false},"featured_media":7804,"comment_status":"open","ping_status":"closed","template":"","meta":[],"product_brand":[91],"product_cat":[62],"product_tag":[],"giftcard-category":[],"class_list":{"0":"post-7803","1":"product","2":"type-product","3":"status-publish","4":"has-post-thumbnail","6":"product_brand-babybio","7":"product_cat-alimentation","9":"first","10":"outofstock","11":"taxable","12":"shipping-taxable","13":"purchasable","14":"product-type-variable"},"jetpack_sharing_enabled":true,"_links":{"self":[{"href":"https:\/\/foryoubaby.ma\/ar\/wp-json\/wp\/v2\/product\/7803","targetHints":{"allow":["GET"]}}],"collection":[{"href":"https:\/\/foryoubaby.ma\/ar\/wp-json\/wp\/v2\/product"}],"about":[{"href":"https:\/\/foryoubaby.ma\/ar\/wp-json\/wp\/v2\/types\/product"}],"replies":[{"embeddable":true,"href":"https:\/\/foryoubaby.ma\/ar\/wp-json\/wp\/v2\/comments?post=7803"}],"wp:featuredmedia":[{"embeddable":true,"href":"https:\/\/foryoubaby.ma\/ar\/wp-json\/wp\/v2\/media\/7804"}],"wp:attachment":[{"href":"https:\/\/foryoubaby.ma\/ar\/wp-json\/wp\/v2\/media?parent=7803"}],"wp:term":[{"taxonomy":"product_brand","embeddable":true,"href":"https:\/\/foryoubaby.ma\/ar\/wp-json\/wp\/v2\/product_brand?post=7803"},{"taxonomy":"product_cat","embeddable":true,"href":"https:\/\/foryoubaby.ma\/ar\/wp-json\/wp\/v2\/product_cat?post=7803"},{"taxonomy":"product_tag","embeddable":true,"href":"https:\/\/foryoubaby.ma\/ar\/wp-json\/wp\/v2\/product_tag?post=7803"},{"taxonomy":"giftcard-category","embeddable":true,"href":"https:\/\/foryoubaby.ma\/ar\/wp-json\/wp\/v2\/giftcard-category?post=7803"}],"curies":[{"name":"wp","href":"https:\/\/api.w.org\/{rel}","templated":true}]}}