{"id":7241,"date":"2025-07-07T13:40:53","date_gmt":"2025-07-07T13:40:53","guid":{"rendered":"https:\/\/foryoubaby.ma\/?post_type=product&#038;p=7241"},"modified":"2025-07-07T13:40:53","modified_gmt":"2025-07-07T13:40:53","slug":"canape-dactivites","status":"publish","type":"product","link":"https:\/\/foryoubaby.ma\/ar\/product\/canape-dactivites\/","title":{"rendered":"Canap\u00e9 d&rsquo;activit\u00e9s"},"content":{"rendered":"<p>Canap\u00e9 d&rsquo;activit\u00e9 anti-basculement Dalia<br \/>\n60 x 65 x 30 Farm beig<\/p>","protected":false},"excerpt":{"rendered":"<p>Canap\u00e9 d&rsquo;activit\u00e9 anti-basculement Dalia 60 x 65 x 30 Farm beig<\/p>","protected":false},"featured_media":7244,"comment_status":"open","ping_status":"closed","template":"","meta":[],"product_brand":[72],"product_cat":[62,30],"product_tag":[],"giftcard-category":[],"class_list":{"0":"post-7241","1":"product","2":"type-product","3":"status-publish","4":"has-post-thumbnail","6":"product_brand-bimbidreams","7":"product_cat-alimentation","8":"product_cat-jouets","10":"first","11":"instock","12":"taxable","13":"shipping-taxable","14":"purchasable","15":"product-type-variable"},"jetpack_sharing_enabled":true,"_links":{"self":[{"href":"https:\/\/foryoubaby.ma\/ar\/wp-json\/wp\/v2\/product\/7241","targetHints":{"allow":["GET"]}}],"collection":[{"href":"https:\/\/foryoubaby.ma\/ar\/wp-json\/wp\/v2\/product"}],"about":[{"href":"https:\/\/foryoubaby.ma\/ar\/wp-json\/wp\/v2\/types\/product"}],"replies":[{"embeddable":true,"href":"https:\/\/foryoubaby.ma\/ar\/wp-json\/wp\/v2\/comments?post=7241"}],"wp:featuredmedia":[{"embeddable":true,"href":"https:\/\/foryoubaby.ma\/ar\/wp-json\/wp\/v2\/media\/7244"}],"wp:attachment":[{"href":"https:\/\/foryoubaby.ma\/ar\/wp-json\/wp\/v2\/media?parent=7241"}],"wp:term":[{"taxonomy":"product_brand","embeddable":true,"href":"https:\/\/foryoubaby.ma\/ar\/wp-json\/wp\/v2\/product_brand?post=7241"},{"taxonomy":"product_cat","embeddable":true,"href":"https:\/\/foryoubaby.ma\/ar\/wp-json\/wp\/v2\/product_cat?post=7241"},{"taxonomy":"product_tag","embeddable":true,"href":"https:\/\/foryoubaby.ma\/ar\/wp-json\/wp\/v2\/product_tag?post=7241"},{"taxonomy":"giftcard-category","embeddable":true,"href":"https:\/\/foryoubaby.ma\/ar\/wp-json\/wp\/v2\/giftcard-category?post=7241"}],"curies":[{"name":"wp","href":"https:\/\/api.w.org\/{rel}","templated":true}]}}