{"id":7207,"date":"2025-07-07T13:03:32","date_gmt":"2025-07-07T13:03:32","guid":{"rendered":"https:\/\/foryoubaby.ma\/?post_type=product&#038;p=7207"},"modified":"2025-07-30T12:35:20","modified_gmt":"2025-07-30T12:35:20","slug":"sac-bandouliere","status":"publish","type":"product","link":"https:\/\/foryoubaby.ma\/ar\/product\/sac-bandouliere\/","title":{"rendered":"Sac bandouli\u00e8re"},"content":{"rendered":"<p>Sac bandouli\u00e8re + matelas \u00e0 langer<\/p>","protected":false},"excerpt":{"rendered":"<p>Sac bandouli\u00e8re + matelas \u00e0 langer<\/p>","protected":false},"featured_media":7210,"comment_status":"open","ping_status":"closed","template":"","meta":[],"product_brand":[72],"product_cat":[65],"product_tag":[],"giftcard-category":[],"class_list":{"0":"post-7207","1":"product","2":"type-product","3":"status-publish","4":"has-post-thumbnail","6":"product_brand-bimbidreams","7":"product_cat-pour-elle-maman","9":"first","10":"instock","11":"taxable","12":"shipping-taxable","13":"purchasable","14":"product-type-variable"},"jetpack_sharing_enabled":true,"_links":{"self":[{"href":"https:\/\/foryoubaby.ma\/ar\/wp-json\/wp\/v2\/product\/7207","targetHints":{"allow":["GET"]}}],"collection":[{"href":"https:\/\/foryoubaby.ma\/ar\/wp-json\/wp\/v2\/product"}],"about":[{"href":"https:\/\/foryoubaby.ma\/ar\/wp-json\/wp\/v2\/types\/product"}],"replies":[{"embeddable":true,"href":"https:\/\/foryoubaby.ma\/ar\/wp-json\/wp\/v2\/comments?post=7207"}],"wp:featuredmedia":[{"embeddable":true,"href":"https:\/\/foryoubaby.ma\/ar\/wp-json\/wp\/v2\/media\/7210"}],"wp:attachment":[{"href":"https:\/\/foryoubaby.ma\/ar\/wp-json\/wp\/v2\/media?parent=7207"}],"wp:term":[{"taxonomy":"product_brand","embeddable":true,"href":"https:\/\/foryoubaby.ma\/ar\/wp-json\/wp\/v2\/product_brand?post=7207"},{"taxonomy":"product_cat","embeddable":true,"href":"https:\/\/foryoubaby.ma\/ar\/wp-json\/wp\/v2\/product_cat?post=7207"},{"taxonomy":"product_tag","embeddable":true,"href":"https:\/\/foryoubaby.ma\/ar\/wp-json\/wp\/v2\/product_tag?post=7207"},{"taxonomy":"giftcard-category","embeddable":true,"href":"https:\/\/foryoubaby.ma\/ar\/wp-json\/wp\/v2\/giftcard-category?post=7207"}],"curies":[{"name":"wp","href":"https:\/\/api.w.org\/{rel}","templated":true}]}}