{"id":7139,"date":"2025-07-07T11:13:38","date_gmt":"2025-07-07T11:13:38","guid":{"rendered":"https:\/\/foryoubaby.ma\/?post_type=product&#038;p=7139"},"modified":"2025-07-07T11:13:38","modified_gmt":"2025-07-07T11:13:38","slug":"nid-de-bebe-botanic-beig","status":"publish","type":"product","link":"https:\/\/foryoubaby.ma\/ar\/product\/nid-de-bebe-botanic-beig\/","title":{"rendered":"Nid de b\u00e9b\u00e9 Botanic beig"},"content":{"rendered":"<p>Nid de b\u00e9b\u00e9 Botanic beig 100% coton<br \/>\ntricot\u00e9.Dimensions : 85 x 60 x 18 cm<\/p>","protected":false},"excerpt":{"rendered":"<p>Nid de b\u00e9b\u00e9 Botanic beig 100% coton tricot\u00e9.Dimensions : 85 x 60 x 18 cm<\/p>","protected":false},"featured_media":7142,"comment_status":"open","ping_status":"closed","template":"","meta":[],"product_brand":[72],"product_cat":[61,71,98],"product_tag":[],"giftcard-category":[],"class_list":{"0":"post-7139","1":"product","2":"type-product","3":"status-publish","4":"has-post-thumbnail","6":"product_brand-bimbidreams","7":"product_cat-aide-sommeil","8":"product_cat-berceaux-et-couffins","9":"product_cat-cuna","11":"first","12":"instock","13":"taxable","14":"shipping-taxable","15":"purchasable","16":"product-type-variable"},"jetpack_sharing_enabled":true,"_links":{"self":[{"href":"https:\/\/foryoubaby.ma\/ar\/wp-json\/wp\/v2\/product\/7139","targetHints":{"allow":["GET"]}}],"collection":[{"href":"https:\/\/foryoubaby.ma\/ar\/wp-json\/wp\/v2\/product"}],"about":[{"href":"https:\/\/foryoubaby.ma\/ar\/wp-json\/wp\/v2\/types\/product"}],"replies":[{"embeddable":true,"href":"https:\/\/foryoubaby.ma\/ar\/wp-json\/wp\/v2\/comments?post=7139"}],"wp:featuredmedia":[{"embeddable":true,"href":"https:\/\/foryoubaby.ma\/ar\/wp-json\/wp\/v2\/media\/7142"}],"wp:attachment":[{"href":"https:\/\/foryoubaby.ma\/ar\/wp-json\/wp\/v2\/media?parent=7139"}],"wp:term":[{"taxonomy":"product_brand","embeddable":true,"href":"https:\/\/foryoubaby.ma\/ar\/wp-json\/wp\/v2\/product_brand?post=7139"},{"taxonomy":"product_cat","embeddable":true,"href":"https:\/\/foryoubaby.ma\/ar\/wp-json\/wp\/v2\/product_cat?post=7139"},{"taxonomy":"product_tag","embeddable":true,"href":"https:\/\/foryoubaby.ma\/ar\/wp-json\/wp\/v2\/product_tag?post=7139"},{"taxonomy":"giftcard-category","embeddable":true,"href":"https:\/\/foryoubaby.ma\/ar\/wp-json\/wp\/v2\/giftcard-category?post=7139"}],"curies":[{"name":"wp","href":"https:\/\/api.w.org\/{rel}","templated":true}]}}