{"id":7056,"date":"2025-07-05T15:18:11","date_gmt":"2025-07-05T15:18:11","guid":{"rendered":"https:\/\/foryoubaby.ma\/?post_type=product&#038;p=7056"},"modified":"2025-07-05T15:18:11","modified_gmt":"2025-07-05T15:18:11","slug":"mini-berceau-cododo-en-metal-basics","status":"publish","type":"product","link":"https:\/\/foryoubaby.ma\/ar\/product\/mini-berceau-cododo-en-metal-basics\/","title":{"rendered":"Mini-berceau cododo en m\u00e9tal Basics"},"content":{"rendered":"<p>Mini berceau cododo avec cadre<br \/>\nen m\u00e9tal<br \/>\n\u2714 6 options de hauteur et<br \/>\nd&rsquo;inclinaison pour \u00e9viter les \u00e9pisodes<br \/>\nde r\u00e9gurgitation<br \/>\n\u2714 Comprend un matelas et des<br \/>\nsangles d&rsquo;ancrage<\/p>","protected":false},"excerpt":{"rendered":"<p>Mini berceau cododo avec cadre en m\u00e9tal \u2714 6 options de hauteur et d&rsquo;inclinaison pour \u00e9viter les \u00e9pisodes de r\u00e9gurgitation \u2714 Comprend un matelas et des sangles d&rsquo;ancrage<\/p>","protected":false},"featured_media":7059,"comment_status":"open","ping_status":"closed","template":"","meta":[],"product_brand":[72],"product_cat":[61,71,98],"product_tag":[],"giftcard-category":[],"class_list":{"0":"post-7056","1":"product","2":"type-product","3":"status-publish","4":"has-post-thumbnail","6":"product_brand-bimbidreams","7":"product_cat-aide-sommeil","8":"product_cat-berceaux-et-couffins","9":"product_cat-cuna","11":"first","12":"instock","13":"taxable","14":"shipping-taxable","15":"purchasable","16":"product-type-variable"},"jetpack_sharing_enabled":true,"_links":{"self":[{"href":"https:\/\/foryoubaby.ma\/ar\/wp-json\/wp\/v2\/product\/7056","targetHints":{"allow":["GET"]}}],"collection":[{"href":"https:\/\/foryoubaby.ma\/ar\/wp-json\/wp\/v2\/product"}],"about":[{"href":"https:\/\/foryoubaby.ma\/ar\/wp-json\/wp\/v2\/types\/product"}],"replies":[{"embeddable":true,"href":"https:\/\/foryoubaby.ma\/ar\/wp-json\/wp\/v2\/comments?post=7056"}],"wp:featuredmedia":[{"embeddable":true,"href":"https:\/\/foryoubaby.ma\/ar\/wp-json\/wp\/v2\/media\/7059"}],"wp:attachment":[{"href":"https:\/\/foryoubaby.ma\/ar\/wp-json\/wp\/v2\/media?parent=7056"}],"wp:term":[{"taxonomy":"product_brand","embeddable":true,"href":"https:\/\/foryoubaby.ma\/ar\/wp-json\/wp\/v2\/product_brand?post=7056"},{"taxonomy":"product_cat","embeddable":true,"href":"https:\/\/foryoubaby.ma\/ar\/wp-json\/wp\/v2\/product_cat?post=7056"},{"taxonomy":"product_tag","embeddable":true,"href":"https:\/\/foryoubaby.ma\/ar\/wp-json\/wp\/v2\/product_tag?post=7056"},{"taxonomy":"giftcard-category","embeddable":true,"href":"https:\/\/foryoubaby.ma\/ar\/wp-json\/wp\/v2\/giftcard-category?post=7056"}],"curies":[{"name":"wp","href":"https:\/\/api.w.org\/{rel}","templated":true}]}}