{"id":6443,"date":"2025-07-04T14:51:12","date_gmt":"2025-07-04T14:51:12","guid":{"rendered":"https:\/\/foryoubaby.ma\/?post_type=product&#038;p=6443"},"modified":"2025-12-08T16:04:20","modified_gmt":"2025-12-08T16:04:20","slug":"alfombra-de-juegos-animales-ciudad","status":"publish","type":"product","link":"https:\/\/foryoubaby.ma\/ar\/product\/alfombra-de-juegos-animales-ciudad\/","title":{"rendered":"Alfombra De Juegos Animales-Ciudad"},"content":{"rendered":"<p>120X180<br \/>\n\u25cf Tapis r\u00e9versible avec une illustraon sur<br \/>\nchaque face.<br \/>\n\u25cf Tapis en mousse XPE haute densit\u00e9<br \/>\n\u25cf Illustraons imprim\u00e9es \u00e0 l&rsquo;encre v\u00e9g\u00e9tale<br \/>\n\u25cf Sans BPA, non toxique<br \/>\n\u25cf Pliage tr\u00e8s r\u00e9duit<br \/>\n\u25cf Sac de transport<\/p>","protected":false},"excerpt":{"rendered":"<p>120X180 \u25cf Tapis r\u00e9versible avec une illustraon sur chaque face. \u25cf Tapis en mousse XPE haute densit\u00e9 \u25cf Illustraons imprim\u00e9es \u00e0 l&rsquo;encre v\u00e9g\u00e9tale \u25cf Sans BPA, non toxique \u25cf Pliage tr\u00e8s r\u00e9duit \u25cf Sac de transport<\/p>","protected":false},"featured_media":6447,"comment_status":"open","ping_status":"closed","template":"","meta":[],"product_brand":[73],"product_cat":[30],"product_tag":[],"giftcard-category":[],"class_list":{"0":"post-6443","1":"product","2":"type-product","3":"status-publish","4":"has-post-thumbnail","6":"product_brand-asalvo","7":"product_cat-jouets","9":"first","10":"outofstock","11":"taxable","12":"shipping-taxable","13":"purchasable","14":"product-type-simple"},"jetpack_sharing_enabled":true,"_links":{"self":[{"href":"https:\/\/foryoubaby.ma\/ar\/wp-json\/wp\/v2\/product\/6443","targetHints":{"allow":["GET"]}}],"collection":[{"href":"https:\/\/foryoubaby.ma\/ar\/wp-json\/wp\/v2\/product"}],"about":[{"href":"https:\/\/foryoubaby.ma\/ar\/wp-json\/wp\/v2\/types\/product"}],"replies":[{"embeddable":true,"href":"https:\/\/foryoubaby.ma\/ar\/wp-json\/wp\/v2\/comments?post=6443"}],"wp:featuredmedia":[{"embeddable":true,"href":"https:\/\/foryoubaby.ma\/ar\/wp-json\/wp\/v2\/media\/6447"}],"wp:attachment":[{"href":"https:\/\/foryoubaby.ma\/ar\/wp-json\/wp\/v2\/media?parent=6443"}],"wp:term":[{"taxonomy":"product_brand","embeddable":true,"href":"https:\/\/foryoubaby.ma\/ar\/wp-json\/wp\/v2\/product_brand?post=6443"},{"taxonomy":"product_cat","embeddable":true,"href":"https:\/\/foryoubaby.ma\/ar\/wp-json\/wp\/v2\/product_cat?post=6443"},{"taxonomy":"product_tag","embeddable":true,"href":"https:\/\/foryoubaby.ma\/ar\/wp-json\/wp\/v2\/product_tag?post=6443"},{"taxonomy":"giftcard-category","embeddable":true,"href":"https:\/\/foryoubaby.ma\/ar\/wp-json\/wp\/v2\/giftcard-category?post=6443"}],"curies":[{"name":"wp","href":"https:\/\/api.w.org\/{rel}","templated":true}]}}