{"id":6428,"date":"2025-07-04T12:22:39","date_gmt":"2025-07-04T12:22:39","guid":{"rendered":"https:\/\/foryoubaby.ma\/?post_type=product&#038;p=6428"},"modified":"2025-12-08T16:04:20","modified_gmt":"2025-12-08T16:04:20","slug":"parque-infantil-montessori-con-centro-de","status":"publish","type":"product","link":"https:\/\/foryoubaby.ma\/ar\/product\/parque-infantil-montessori-con-centro-de\/","title":{"rendered":"Parque Infantil Montessori Con Centro De"},"content":{"rendered":"<p>Pour les b\u00e9b\u00e9s de 6 mois \u00e0 6 ans<br \/>\n\u25cfAvec ventouses and\u00e9rapantes<br \/>\n\u25cfMat\u00e9riau facile \u00e0 nettoyer<br \/>\n\u25cfInclus : panier, ballon et anneaux de jeu<br \/>\n\u25cfJoints de s\u00e9curit\u00e9<br \/>\n\u25cf Dimension160X120 CM<\/p>","protected":false},"excerpt":{"rendered":"<p>Pour les b\u00e9b\u00e9s de 6 mois \u00e0 6 ans \u25cfAvec ventouses and\u00e9rapantes \u25cfMat\u00e9riau facile \u00e0 nettoyer \u25cfInclus : panier, ballon et anneaux de jeu \u25cfJoints de s\u00e9curit\u00e9 \u25cf Dimension160X120 CM<\/p>","protected":false},"featured_media":6429,"comment_status":"open","ping_status":"closed","template":"","meta":[],"product_brand":[73],"product_cat":[30],"product_tag":[],"giftcard-category":[],"class_list":{"0":"post-6428","1":"product","2":"type-product","3":"status-publish","4":"has-post-thumbnail","6":"product_brand-asalvo","7":"product_cat-jouets","9":"first","10":"outofstock","11":"taxable","12":"shipping-taxable","13":"purchasable","14":"product-type-simple"},"jetpack_sharing_enabled":true,"_links":{"self":[{"href":"https:\/\/foryoubaby.ma\/ar\/wp-json\/wp\/v2\/product\/6428","targetHints":{"allow":["GET"]}}],"collection":[{"href":"https:\/\/foryoubaby.ma\/ar\/wp-json\/wp\/v2\/product"}],"about":[{"href":"https:\/\/foryoubaby.ma\/ar\/wp-json\/wp\/v2\/types\/product"}],"replies":[{"embeddable":true,"href":"https:\/\/foryoubaby.ma\/ar\/wp-json\/wp\/v2\/comments?post=6428"}],"wp:featuredmedia":[{"embeddable":true,"href":"https:\/\/foryoubaby.ma\/ar\/wp-json\/wp\/v2\/media\/6429"}],"wp:attachment":[{"href":"https:\/\/foryoubaby.ma\/ar\/wp-json\/wp\/v2\/media?parent=6428"}],"wp:term":[{"taxonomy":"product_brand","embeddable":true,"href":"https:\/\/foryoubaby.ma\/ar\/wp-json\/wp\/v2\/product_brand?post=6428"},{"taxonomy":"product_cat","embeddable":true,"href":"https:\/\/foryoubaby.ma\/ar\/wp-json\/wp\/v2\/product_cat?post=6428"},{"taxonomy":"product_tag","embeddable":true,"href":"https:\/\/foryoubaby.ma\/ar\/wp-json\/wp\/v2\/product_tag?post=6428"},{"taxonomy":"giftcard-category","embeddable":true,"href":"https:\/\/foryoubaby.ma\/ar\/wp-json\/wp\/v2\/giftcard-category?post=6428"}],"curies":[{"name":"wp","href":"https:\/\/api.w.org\/{rel}","templated":true}]}}