{"id":6419,"date":"2025-07-08T10:46:11","date_gmt":"2025-07-08T10:46:11","guid":{"rendered":"https:\/\/foryoubaby.ma\/?post_type=product&#038;p=6419"},"modified":"2025-07-08T10:46:11","modified_gmt":"2025-07-08T10:46:11","slug":"__trashed","status":"publish","type":"product","link":"https:\/\/foryoubaby.ma\/ar\/product\/__trashed\/","title":{"rendered":"Andador Ocean"},"content":{"rendered":"<p>\u00e9glable en 3 hauteurs : s\u2019adapte \u00e0 la taille de<br \/>\nl\u2019enfant pour que ses pieds touchent le sol.<br \/>\nEquip\u00e9 de roues pivotantes pour faciliter la<br \/>\ndirection.<br \/>\nAssise amovible et lavable.<br \/>\nCabriolet : D\u00e9ambulateur et porteur<br \/>\nSupport illustr\u00e9.<br \/>\nPlateau de jeu avec 10 m\u00e9lodies, 3 jouets et<br \/>\nlumi\u00e8re<br \/>\nPlateau de pied avec 5 m\u00e9lodies<\/p>","protected":false},"excerpt":{"rendered":"<p>\u00e9glable en 3 hauteurs : s\u2019adapte \u00e0 la taille de l\u2019enfant pour que ses pieds touchent le sol. Equip\u00e9 de roues pivotantes pour faciliter la direction. Assise amovible et lavable. Cabriolet : D\u00e9ambulateur et porteur Support illustr\u00e9. Plateau de jeu avec 10 m\u00e9lodies, 3 jouets et lumi\u00e8re Plateau de pied avec 5 m\u00e9lodies<\/p>","protected":false},"featured_media":6426,"comment_status":"open","ping_status":"closed","template":"","meta":[],"product_brand":[73],"product_cat":[30],"product_tag":[],"giftcard-category":[],"class_list":{"0":"post-6419","1":"product","2":"type-product","3":"status-publish","4":"has-post-thumbnail","6":"product_brand-asalvo","7":"product_cat-jouets","9":"first","10":"instock","11":"taxable","12":"shipping-taxable","13":"purchasable","14":"product-type-simple"},"jetpack_sharing_enabled":true,"_links":{"self":[{"href":"https:\/\/foryoubaby.ma\/ar\/wp-json\/wp\/v2\/product\/6419","targetHints":{"allow":["GET"]}}],"collection":[{"href":"https:\/\/foryoubaby.ma\/ar\/wp-json\/wp\/v2\/product"}],"about":[{"href":"https:\/\/foryoubaby.ma\/ar\/wp-json\/wp\/v2\/types\/product"}],"replies":[{"embeddable":true,"href":"https:\/\/foryoubaby.ma\/ar\/wp-json\/wp\/v2\/comments?post=6419"}],"wp:featuredmedia":[{"embeddable":true,"href":"https:\/\/foryoubaby.ma\/ar\/wp-json\/wp\/v2\/media\/6426"}],"wp:attachment":[{"href":"https:\/\/foryoubaby.ma\/ar\/wp-json\/wp\/v2\/media?parent=6419"}],"wp:term":[{"taxonomy":"product_brand","embeddable":true,"href":"https:\/\/foryoubaby.ma\/ar\/wp-json\/wp\/v2\/product_brand?post=6419"},{"taxonomy":"product_cat","embeddable":true,"href":"https:\/\/foryoubaby.ma\/ar\/wp-json\/wp\/v2\/product_cat?post=6419"},{"taxonomy":"product_tag","embeddable":true,"href":"https:\/\/foryoubaby.ma\/ar\/wp-json\/wp\/v2\/product_tag?post=6419"},{"taxonomy":"giftcard-category","embeddable":true,"href":"https:\/\/foryoubaby.ma\/ar\/wp-json\/wp\/v2\/giftcard-category?post=6419"}],"curies":[{"name":"wp","href":"https:\/\/api.w.org\/{rel}","templated":true}]}}