{"id":6411,"date":"2025-07-04T12:12:38","date_gmt":"2025-07-04T12:12:38","guid":{"rendered":"https:\/\/foryoubaby.ma\/?post_type=product&#038;p=6411"},"modified":"2025-07-04T15:25:44","modified_gmt":"2025-07-04T15:25:44","slug":"andador-hamilton-rosa","status":"publish","type":"product","link":"https:\/\/foryoubaby.ma\/ar\/product\/andador-hamilton-rosa\/","title":{"rendered":"Andador Hamilton Rosa"},"content":{"rendered":"<p>\u25cfR\u00e9glable en hauteur : s&rsquo;adapte \u00e0 la taille de<br \/>\nl&rsquo;enfant pour que ses pieds puissent toucher<br \/>\nle sol.<br \/>\n\u25cfEquip\u00e9 de roues pivotantes pour faciliter la<br \/>\ndirection.<br \/>\n\u25cfPlateau de jeu avec sons.\u25cfPi\u00e8ces chrom\u00e9es.<br \/>\nd\u00e9coration brod\u00e9e<br \/>\n\u25cf6 m\u00e9lodies\u25cf2 sons de voiture<br \/>\n\u25cfCl\u00e9 avec son de d\u00e9marrage\u25cfLevier de<br \/>\nvitesses avec son d&rsquo;acc\u00e9l\u00e9ration \u25cfson du<br \/>\nklaxon \u25cfLumi\u00e8res<\/p>","protected":false},"excerpt":{"rendered":"<p>\u25cfR\u00e9glable en hauteur : s&rsquo;adapte \u00e0 la taille de l&rsquo;enfant pour que ses pieds puissent toucher le sol. \u25cfEquip\u00e9 de roues pivotantes pour faciliter la direction. \u25cfPlateau de jeu avec sons.\u25cfPi\u00e8ces chrom\u00e9es. d\u00e9coration brod\u00e9e \u25cf6 m\u00e9lodies\u25cf2 sons de voiture \u25cfCl\u00e9 avec son de d\u00e9marrage\u25cfLevier de vitesses avec son d&rsquo;acc\u00e9l\u00e9ration \u25cfson du klaxon \u25cfLumi\u00e8res<\/p>","protected":false},"featured_media":6417,"comment_status":"open","ping_status":"closed","template":"","meta":[],"product_brand":[73],"product_cat":[30],"product_tag":[],"giftcard-category":[],"class_list":{"0":"post-6411","1":"product","2":"type-product","3":"status-publish","4":"has-post-thumbnail","6":"product_brand-asalvo","7":"product_cat-jouets","9":"first","10":"instock","11":"taxable","12":"shipping-taxable","13":"purchasable","14":"product-type-simple"},"jetpack_sharing_enabled":true,"_links":{"self":[{"href":"https:\/\/foryoubaby.ma\/ar\/wp-json\/wp\/v2\/product\/6411","targetHints":{"allow":["GET"]}}],"collection":[{"href":"https:\/\/foryoubaby.ma\/ar\/wp-json\/wp\/v2\/product"}],"about":[{"href":"https:\/\/foryoubaby.ma\/ar\/wp-json\/wp\/v2\/types\/product"}],"replies":[{"embeddable":true,"href":"https:\/\/foryoubaby.ma\/ar\/wp-json\/wp\/v2\/comments?post=6411"}],"wp:featuredmedia":[{"embeddable":true,"href":"https:\/\/foryoubaby.ma\/ar\/wp-json\/wp\/v2\/media\/6417"}],"wp:attachment":[{"href":"https:\/\/foryoubaby.ma\/ar\/wp-json\/wp\/v2\/media?parent=6411"}],"wp:term":[{"taxonomy":"product_brand","embeddable":true,"href":"https:\/\/foryoubaby.ma\/ar\/wp-json\/wp\/v2\/product_brand?post=6411"},{"taxonomy":"product_cat","embeddable":true,"href":"https:\/\/foryoubaby.ma\/ar\/wp-json\/wp\/v2\/product_cat?post=6411"},{"taxonomy":"product_tag","embeddable":true,"href":"https:\/\/foryoubaby.ma\/ar\/wp-json\/wp\/v2\/product_tag?post=6411"},{"taxonomy":"giftcard-category","embeddable":true,"href":"https:\/\/foryoubaby.ma\/ar\/wp-json\/wp\/v2\/giftcard-category?post=6411"}],"curies":[{"name":"wp","href":"https:\/\/api.w.org\/{rel}","templated":true}]}}