{"id":6395,"date":"2025-07-04T12:00:01","date_gmt":"2025-07-04T12:00:01","guid":{"rendered":"https:\/\/foryoubaby.ma\/?post_type=product&#038;p=6395"},"modified":"2025-12-08T16:04:20","modified_gmt":"2025-12-08T16:04:20","slug":"andador-f1-negro","status":"publish","type":"product","link":"https:\/\/foryoubaby.ma\/ar\/product\/andador-f1-negro\/","title":{"rendered":"Andador F1 Negro"},"content":{"rendered":"<p>R\u00e9glable sur 3 hauteurs : s&rsquo;adapte \u00e0 la taille<br \/>\nde l&rsquo;enfant pour que ses pieds puissent<br \/>\ntoucher le sol<br \/>\n3 en 1 : 3 utilisations diff\u00e9rentes selon<br \/>\nl&rsquo;\u00e2ge,Plateau de jeu avec sons et<br \/>\nlumi\u00e8res,Bouchons de s\u00e9curit\u00e9 anti-<br \/>\nmarche,Si\u00e8ge amovible et lavable<br \/>\nPi\u00e8ces chrom\u00e9es, design attrayant<br \/>\nD\u00e9coration brod\u00e9e sur le dossier<br \/>\nRoues avant pivotantes pour une direction<br \/>\nfacile,Vitesse de roue r\u00e9glable<\/p>","protected":false},"excerpt":{"rendered":"<p>R\u00e9glable sur 3 hauteurs : s&rsquo;adapte \u00e0 la taille de l&rsquo;enfant pour que ses pieds puissent toucher le sol 3 en 1 : 3 utilisations diff\u00e9rentes selon l&rsquo;\u00e2ge,Plateau de jeu avec sons et lumi\u00e8res,Bouchons de s\u00e9curit\u00e9 anti- marche,Si\u00e8ge amovible et lavable Pi\u00e8ces chrom\u00e9es, design attrayant D\u00e9coration brod\u00e9e sur le dossier Roues avant pivotantes pour une [&hellip;]<\/p>\n","protected":false},"featured_media":6399,"comment_status":"open","ping_status":"closed","template":"","meta":[],"product_brand":[73],"product_cat":[30],"product_tag":[],"giftcard-category":[],"class_list":{"0":"post-6395","1":"product","2":"type-product","3":"status-publish","4":"has-post-thumbnail","6":"product_brand-asalvo","7":"product_cat-jouets","9":"first","10":"outofstock","11":"taxable","12":"shipping-taxable","13":"purchasable","14":"product-type-simple"},"jetpack_sharing_enabled":true,"_links":{"self":[{"href":"https:\/\/foryoubaby.ma\/ar\/wp-json\/wp\/v2\/product\/6395","targetHints":{"allow":["GET"]}}],"collection":[{"href":"https:\/\/foryoubaby.ma\/ar\/wp-json\/wp\/v2\/product"}],"about":[{"href":"https:\/\/foryoubaby.ma\/ar\/wp-json\/wp\/v2\/types\/product"}],"replies":[{"embeddable":true,"href":"https:\/\/foryoubaby.ma\/ar\/wp-json\/wp\/v2\/comments?post=6395"}],"wp:featuredmedia":[{"embeddable":true,"href":"https:\/\/foryoubaby.ma\/ar\/wp-json\/wp\/v2\/media\/6399"}],"wp:attachment":[{"href":"https:\/\/foryoubaby.ma\/ar\/wp-json\/wp\/v2\/media?parent=6395"}],"wp:term":[{"taxonomy":"product_brand","embeddable":true,"href":"https:\/\/foryoubaby.ma\/ar\/wp-json\/wp\/v2\/product_brand?post=6395"},{"taxonomy":"product_cat","embeddable":true,"href":"https:\/\/foryoubaby.ma\/ar\/wp-json\/wp\/v2\/product_cat?post=6395"},{"taxonomy":"product_tag","embeddable":true,"href":"https:\/\/foryoubaby.ma\/ar\/wp-json\/wp\/v2\/product_tag?post=6395"},{"taxonomy":"giftcard-category","embeddable":true,"href":"https:\/\/foryoubaby.ma\/ar\/wp-json\/wp\/v2\/giftcard-category?post=6395"}],"curies":[{"name":"wp","href":"https:\/\/api.w.org\/{rel}","templated":true}]}}