{"id":6375,"date":"2025-07-04T11:42:32","date_gmt":"2025-07-04T11:42:32","guid":{"rendered":"https:\/\/foryoubaby.ma\/?post_type=product&#038;p=6375"},"modified":"2025-07-30T16:12:42","modified_gmt":"2025-07-30T16:12:42","slug":"trona-2-en-1-boucuse-beige","status":"publish","type":"product","link":"https:\/\/foryoubaby.ma\/ar\/product\/trona-2-en-1-boucuse-beige\/","title":{"rendered":"Trona 2 En 1 Boucuse Beige"},"content":{"rendered":"<p>fonction 2 en 1 gr\u00e2ce \u00e0 sa hauteur r\u00e9glable :<br \/>\nles pieds peuvent \u00eatre raccourcis, se<br \/>\ntransformant en chaise normale. La structure<br \/>\nest en acier avec une finition imitation bois.<br \/>\nLe plateau est double, spacieux, amovible et<br \/>\nr\u00e9glable sur trois positions. Le si\u00e8ge est<br \/>\nrecouvert de tissu en cuir, amovible et facile \u00e0<br \/>\nlaver, avec un harnais de s\u00e9curit\u00e9 \u00e0 cinq<br \/>\npoints. Tr\u00e8s l\u00e9ger. Dimensions ouvert :<br \/>\n56X45,6X91 cm. Dimensions ferm\u00e9 :<br \/>\n56X43,5X27,5 cm<\/p>","protected":false},"excerpt":{"rendered":"<p>fonction 2 en 1 gr\u00e2ce \u00e0 sa hauteur r\u00e9glable : les pieds peuvent \u00eatre raccourcis, se transformant en chaise normale. La structure est en acier avec une finition imitation bois. Le plateau est double, spacieux, amovible et r\u00e9glable sur trois positions. Le si\u00e8ge est recouvert de tissu en cuir, amovible et facile \u00e0 laver, avec [&hellip;]<\/p>\n","protected":false},"featured_media":6384,"comment_status":"open","ping_status":"closed","template":"","meta":[],"product_brand":[73],"product_cat":[67],"product_tag":[],"giftcard-category":[],"class_list":{"0":"post-6375","1":"product","2":"type-product","3":"status-publish","4":"has-post-thumbnail","6":"product_brand-asalvo","7":"product_cat-chaise-hot","9":"first","10":"outofstock","11":"taxable","12":"shipping-taxable","13":"purchasable","14":"product-type-simple"},"jetpack_sharing_enabled":true,"_links":{"self":[{"href":"https:\/\/foryoubaby.ma\/ar\/wp-json\/wp\/v2\/product\/6375","targetHints":{"allow":["GET"]}}],"collection":[{"href":"https:\/\/foryoubaby.ma\/ar\/wp-json\/wp\/v2\/product"}],"about":[{"href":"https:\/\/foryoubaby.ma\/ar\/wp-json\/wp\/v2\/types\/product"}],"replies":[{"embeddable":true,"href":"https:\/\/foryoubaby.ma\/ar\/wp-json\/wp\/v2\/comments?post=6375"}],"wp:featuredmedia":[{"embeddable":true,"href":"https:\/\/foryoubaby.ma\/ar\/wp-json\/wp\/v2\/media\/6384"}],"wp:attachment":[{"href":"https:\/\/foryoubaby.ma\/ar\/wp-json\/wp\/v2\/media?parent=6375"}],"wp:term":[{"taxonomy":"product_brand","embeddable":true,"href":"https:\/\/foryoubaby.ma\/ar\/wp-json\/wp\/v2\/product_brand?post=6375"},{"taxonomy":"product_cat","embeddable":true,"href":"https:\/\/foryoubaby.ma\/ar\/wp-json\/wp\/v2\/product_cat?post=6375"},{"taxonomy":"product_tag","embeddable":true,"href":"https:\/\/foryoubaby.ma\/ar\/wp-json\/wp\/v2\/product_tag?post=6375"},{"taxonomy":"giftcard-category","embeddable":true,"href":"https:\/\/foryoubaby.ma\/ar\/wp-json\/wp\/v2\/giftcard-category?post=6375"}],"curies":[{"name":"wp","href":"https:\/\/api.w.org\/{rel}","templated":true}]}}