{"id":6364,"date":"2025-07-04T11:37:51","date_gmt":"2025-07-04T11:37:51","guid":{"rendered":"https:\/\/foryoubaby.ma\/?post_type=product&#038;p=6364"},"modified":"2025-07-04T11:37:51","modified_gmt":"2025-07-04T11:37:51","slug":"trona-stronge","status":"publish","type":"product","link":"https:\/\/foryoubaby.ma\/ar\/product\/trona-stronge\/","title":{"rendered":"Trona Stronge"},"content":{"rendered":"<p>Tr\u00e8s robuste, convient aux enfants jusqu&rsquo;\u00e0 18<br \/>\nkg<br \/>\nSp\u00e9cialement con\u00e7u pour l&rsquo;h\u00f4tellerie et la<br \/>\nrestauration<br \/>\nEmpilable<br \/>\nPlateau r\u00e9glable et amovible<br \/>\nRoues non incluses<br \/>\nFacile \u00e0 nettoyer et avec protection<br \/>\nantibact\u00e9rienne<br \/>\nFabriqu\u00e9 en plastique moul\u00e9<br \/>\nInt\u00e8gre un harnais r\u00e9glable<\/p>","protected":false},"excerpt":{"rendered":"<p>Tr\u00e8s robuste, convient aux enfants jusqu&rsquo;\u00e0 18 kg Sp\u00e9cialement con\u00e7u pour l&rsquo;h\u00f4tellerie et la restauration Empilable Plateau r\u00e9glable et amovible Roues non incluses Facile \u00e0 nettoyer et avec protection antibact\u00e9rienne Fabriqu\u00e9 en plastique moul\u00e9 Int\u00e8gre un harnais r\u00e9glable<\/p>","protected":false},"featured_media":6374,"comment_status":"open","ping_status":"closed","template":"","meta":[],"product_brand":[73],"product_cat":[67],"product_tag":[],"giftcard-category":[],"class_list":{"0":"post-6364","1":"product","2":"type-product","3":"status-publish","4":"has-post-thumbnail","6":"product_brand-asalvo","7":"product_cat-chaise-hot","9":"first","10":"instock","11":"taxable","12":"shipping-taxable","13":"purchasable","14":"product-type-simple"},"jetpack_sharing_enabled":true,"_links":{"self":[{"href":"https:\/\/foryoubaby.ma\/ar\/wp-json\/wp\/v2\/product\/6364","targetHints":{"allow":["GET"]}}],"collection":[{"href":"https:\/\/foryoubaby.ma\/ar\/wp-json\/wp\/v2\/product"}],"about":[{"href":"https:\/\/foryoubaby.ma\/ar\/wp-json\/wp\/v2\/types\/product"}],"replies":[{"embeddable":true,"href":"https:\/\/foryoubaby.ma\/ar\/wp-json\/wp\/v2\/comments?post=6364"}],"wp:featuredmedia":[{"embeddable":true,"href":"https:\/\/foryoubaby.ma\/ar\/wp-json\/wp\/v2\/media\/6374"}],"wp:attachment":[{"href":"https:\/\/foryoubaby.ma\/ar\/wp-json\/wp\/v2\/media?parent=6364"}],"wp:term":[{"taxonomy":"product_brand","embeddable":true,"href":"https:\/\/foryoubaby.ma\/ar\/wp-json\/wp\/v2\/product_brand?post=6364"},{"taxonomy":"product_cat","embeddable":true,"href":"https:\/\/foryoubaby.ma\/ar\/wp-json\/wp\/v2\/product_cat?post=6364"},{"taxonomy":"product_tag","embeddable":true,"href":"https:\/\/foryoubaby.ma\/ar\/wp-json\/wp\/v2\/product_tag?post=6364"},{"taxonomy":"giftcard-category","embeddable":true,"href":"https:\/\/foryoubaby.ma\/ar\/wp-json\/wp\/v2\/giftcard-category?post=6364"}],"curies":[{"name":"wp","href":"https:\/\/api.w.org\/{rel}","templated":true}]}}