{"id":6360,"date":"2025-07-04T11:11:04","date_gmt":"2025-07-04T11:11:04","guid":{"rendered":"https:\/\/foryoubaby.ma\/?post_type=product&#038;p=6360"},"modified":"2025-07-30T16:15:46","modified_gmt":"2025-07-30T16:15:46","slug":"trona-con-ruedas-nordic","status":"publish","type":"product","link":"https:\/\/foryoubaby.ma\/ar\/product\/trona-con-ruedas-nordic\/","title":{"rendered":"Trona Con Ruedas Nordic"},"content":{"rendered":"<p>CHAISE HAUTE A ROUES<br \/>\nHauteur r\u00e9glable sur 7 positions. Tissu<br \/>\nrembourr\u00e9 amovible et lavable. Syst\u00e8me de<br \/>\npliage facile. Repose-pieds r\u00e9glable. Dossier<br \/>\nr\u00e9glable sur 3 positions. 2 roues pour un<br \/>\ntransport facile. Grand plateau alimentaire<br \/>\ndouble fa\u00e7ade, r\u00e9glable et amovible<\/p>","protected":false},"excerpt":{"rendered":"<p>CHAISE HAUTE A ROUES Hauteur r\u00e9glable sur 7 positions. Tissu rembourr\u00e9 amovible et lavable. Syst\u00e8me de pliage facile. Repose-pieds r\u00e9glable. Dossier r\u00e9glable sur 3 positions. 2 roues pour un transport facile. Grand plateau alimentaire double fa\u00e7ade, r\u00e9glable et amovible<\/p>","protected":false},"featured_media":6361,"comment_status":"open","ping_status":"closed","template":"","meta":[],"product_brand":[73],"product_cat":[67],"product_tag":[],"giftcard-category":[],"class_list":{"0":"post-6360","1":"product","2":"type-product","3":"status-publish","4":"has-post-thumbnail","6":"product_brand-asalvo","7":"product_cat-chaise-hot","9":"first","10":"outofstock","11":"taxable","12":"shipping-taxable","13":"purchasable","14":"product-type-simple"},"jetpack_sharing_enabled":true,"_links":{"self":[{"href":"https:\/\/foryoubaby.ma\/ar\/wp-json\/wp\/v2\/product\/6360","targetHints":{"allow":["GET"]}}],"collection":[{"href":"https:\/\/foryoubaby.ma\/ar\/wp-json\/wp\/v2\/product"}],"about":[{"href":"https:\/\/foryoubaby.ma\/ar\/wp-json\/wp\/v2\/types\/product"}],"replies":[{"embeddable":true,"href":"https:\/\/foryoubaby.ma\/ar\/wp-json\/wp\/v2\/comments?post=6360"}],"wp:featuredmedia":[{"embeddable":true,"href":"https:\/\/foryoubaby.ma\/ar\/wp-json\/wp\/v2\/media\/6361"}],"wp:attachment":[{"href":"https:\/\/foryoubaby.ma\/ar\/wp-json\/wp\/v2\/media?parent=6360"}],"wp:term":[{"taxonomy":"product_brand","embeddable":true,"href":"https:\/\/foryoubaby.ma\/ar\/wp-json\/wp\/v2\/product_brand?post=6360"},{"taxonomy":"product_cat","embeddable":true,"href":"https:\/\/foryoubaby.ma\/ar\/wp-json\/wp\/v2\/product_cat?post=6360"},{"taxonomy":"product_tag","embeddable":true,"href":"https:\/\/foryoubaby.ma\/ar\/wp-json\/wp\/v2\/product_tag?post=6360"},{"taxonomy":"giftcard-category","embeddable":true,"href":"https:\/\/foryoubaby.ma\/ar\/wp-json\/wp\/v2\/giftcard-category?post=6360"}],"curies":[{"name":"wp","href":"https:\/\/api.w.org\/{rel}","templated":true}]}}