{"id":6343,"date":"2025-07-04T10:50:44","date_gmt":"2025-07-04T10:50:44","guid":{"rendered":"https:\/\/foryoubaby.ma\/?post_type=product&#038;p=6343"},"modified":"2025-10-01T09:18:15","modified_gmt":"2025-10-01T09:18:15","slug":"cuna-de-viaje-mix-plus-tres-cerditos","status":"publish","type":"product","link":"https:\/\/foryoubaby.ma\/ar\/product\/cuna-de-viaje-mix-plus-tres-cerditos\/","title":{"rendered":"Cuna De Viaje Mix Plus Tres Cerditos"},"content":{"rendered":"<p>Lit de voyage Mix Plus 4 en 1, \u00c0 partir de<br \/>\n0 mois &#8211; jusqu&rsquo;\u00e0 15 kg (Lit b\u00e9b\u00e9) | jusqu&rsquo;\u00e0<br \/>\n11 kg (Changeur)<\/p>","protected":false},"excerpt":{"rendered":"<p>Lit de voyage Mix Plus 4 en 1, \u00c0 partir de 0 mois &#8211; jusqu&rsquo;\u00e0 15 kg (Lit b\u00e9b\u00e9) | jusqu&rsquo;\u00e0 11 kg (Changeur)<\/p>","protected":false},"featured_media":6344,"comment_status":"open","ping_status":"closed","template":"","meta":[],"product_brand":[73],"product_cat":[61,98],"product_tag":[],"giftcard-category":[],"class_list":{"0":"post-6343","1":"product","2":"type-product","3":"status-publish","4":"has-post-thumbnail","6":"product_brand-asalvo","7":"product_cat-aide-sommeil","8":"product_cat-cuna","10":"first","11":"outofstock","12":"taxable","13":"shipping-taxable","14":"purchasable","15":"product-type-simple"},"jetpack_sharing_enabled":true,"_links":{"self":[{"href":"https:\/\/foryoubaby.ma\/ar\/wp-json\/wp\/v2\/product\/6343","targetHints":{"allow":["GET"]}}],"collection":[{"href":"https:\/\/foryoubaby.ma\/ar\/wp-json\/wp\/v2\/product"}],"about":[{"href":"https:\/\/foryoubaby.ma\/ar\/wp-json\/wp\/v2\/types\/product"}],"replies":[{"embeddable":true,"href":"https:\/\/foryoubaby.ma\/ar\/wp-json\/wp\/v2\/comments?post=6343"}],"wp:featuredmedia":[{"embeddable":true,"href":"https:\/\/foryoubaby.ma\/ar\/wp-json\/wp\/v2\/media\/6344"}],"wp:attachment":[{"href":"https:\/\/foryoubaby.ma\/ar\/wp-json\/wp\/v2\/media?parent=6343"}],"wp:term":[{"taxonomy":"product_brand","embeddable":true,"href":"https:\/\/foryoubaby.ma\/ar\/wp-json\/wp\/v2\/product_brand?post=6343"},{"taxonomy":"product_cat","embeddable":true,"href":"https:\/\/foryoubaby.ma\/ar\/wp-json\/wp\/v2\/product_cat?post=6343"},{"taxonomy":"product_tag","embeddable":true,"href":"https:\/\/foryoubaby.ma\/ar\/wp-json\/wp\/v2\/product_tag?post=6343"},{"taxonomy":"giftcard-category","embeddable":true,"href":"https:\/\/foryoubaby.ma\/ar\/wp-json\/wp\/v2\/giftcard-category?post=6343"}],"curies":[{"name":"wp","href":"https:\/\/api.w.org\/{rel}","templated":true}]}}