{"id":6337,"date":"2025-07-04T10:45:31","date_gmt":"2025-07-04T10:45:31","guid":{"rendered":"https:\/\/foryoubaby.ma\/?post_type=product&#038;p=6337"},"modified":"2025-07-29T17:38:52","modified_gmt":"2025-07-29T17:38:52","slug":"cuna-de-viaje-baleares-estrellas-rosa","status":"publish","type":"product","link":"https:\/\/foryoubaby.ma\/ar\/product\/cuna-de-viaje-baleares-estrellas-rosa\/","title":{"rendered":"Cuna De Viaje Baleares Estrellas Rosa"},"content":{"rendered":"<p>Lit de voyage indispensable, confort et<br \/>\ns\u00e9curit\u00e9 pour b\u00e9b\u00e9<br \/>\nDe la naissance jusqu&rsquo;\u00e0 15 kg<br \/>\n\u25cfPliage tr\u00e8s compact<br \/>\n\u25cfR\u00e9sistant \u00e0 l&rsquo;eau Base rembourr\u00e9e<br \/>\n\u25cfSac de transport<br \/>\n\u25cfConcepon robuste<br \/>\n\u25cfDeux roues avec freins<br \/>\n\u25cfDouble fermeture de s\u00e9curit\u00e9<br \/>\n\u25cfPlasques assors au texle<br \/>\n\u25cfDeux c\u00f4t\u00e9s en mesh<\/p>","protected":false},"excerpt":{"rendered":"<p>Lit de voyage indispensable, confort et s\u00e9curit\u00e9 pour b\u00e9b\u00e9 De la naissance jusqu&rsquo;\u00e0 15 kg \u25cfPliage tr\u00e8s compact \u25cfR\u00e9sistant \u00e0 l&rsquo;eau Base rembourr\u00e9e \u25cfSac de transport \u25cfConcepon robuste \u25cfDeux roues avec freins \u25cfDouble fermeture de s\u00e9curit\u00e9 \u25cfPlasques assors au texle \u25cfDeux c\u00f4t\u00e9s en mesh<\/p>","protected":false},"featured_media":6342,"comment_status":"open","ping_status":"closed","template":"","meta":[],"product_brand":[73],"product_cat":[61,98],"product_tag":[],"giftcard-category":[],"class_list":{"0":"post-6337","1":"product","2":"type-product","3":"status-publish","4":"has-post-thumbnail","6":"product_brand-asalvo","7":"product_cat-aide-sommeil","8":"product_cat-cuna","10":"first","11":"outofstock","12":"taxable","13":"shipping-taxable","14":"purchasable","15":"product-type-simple"},"jetpack_sharing_enabled":true,"_links":{"self":[{"href":"https:\/\/foryoubaby.ma\/ar\/wp-json\/wp\/v2\/product\/6337","targetHints":{"allow":["GET"]}}],"collection":[{"href":"https:\/\/foryoubaby.ma\/ar\/wp-json\/wp\/v2\/product"}],"about":[{"href":"https:\/\/foryoubaby.ma\/ar\/wp-json\/wp\/v2\/types\/product"}],"replies":[{"embeddable":true,"href":"https:\/\/foryoubaby.ma\/ar\/wp-json\/wp\/v2\/comments?post=6337"}],"wp:featuredmedia":[{"embeddable":true,"href":"https:\/\/foryoubaby.ma\/ar\/wp-json\/wp\/v2\/media\/6342"}],"wp:attachment":[{"href":"https:\/\/foryoubaby.ma\/ar\/wp-json\/wp\/v2\/media?parent=6337"}],"wp:term":[{"taxonomy":"product_brand","embeddable":true,"href":"https:\/\/foryoubaby.ma\/ar\/wp-json\/wp\/v2\/product_brand?post=6337"},{"taxonomy":"product_cat","embeddable":true,"href":"https:\/\/foryoubaby.ma\/ar\/wp-json\/wp\/v2\/product_cat?post=6337"},{"taxonomy":"product_tag","embeddable":true,"href":"https:\/\/foryoubaby.ma\/ar\/wp-json\/wp\/v2\/product_tag?post=6337"},{"taxonomy":"giftcard-category","embeddable":true,"href":"https:\/\/foryoubaby.ma\/ar\/wp-json\/wp\/v2\/giftcard-category?post=6337"}],"curies":[{"name":"wp","href":"https:\/\/api.w.org\/{rel}","templated":true}]}}