{"id":6312,"date":"2025-07-04T10:36:05","date_gmt":"2025-07-04T10:36:05","guid":{"rendered":"https:\/\/foryoubaby.ma\/?post_type=product&#038;p=6312"},"modified":"2025-07-29T17:39:28","modified_gmt":"2025-07-29T17:39:28","slug":"inicuna-de-colecho-calm-gris","status":"publish","type":"product","link":"https:\/\/foryoubaby.ma\/ar\/product\/inicuna-de-colecho-calm-gris\/","title":{"rendered":"inicuna De Colecho Calm Gris"},"content":{"rendered":"<p>De 0 \u00e0 6 mois | Utiliser comme cododo ou<br \/>\nmini-berceau ind\u00e9pendant<br \/>\n\u25cf Sangles de fixaon : pour le fixer<br \/>\nsolidement au lit\u25cf Matelas avec housses<br \/>\ntextile amovible et lavable \u25cf Hauteur r\u00e9glable<br \/>\n: sur 5 positions\u25cf Cot\u00e9s venl\u00e9s : avec<br \/>\ntextile maill\u00e9 pliable\u25cf PIEDS EXTENSIBLES :<br \/>\npour ajuster le berceau \u00e0 la position du lit\u25cf<br \/>\nUtilliser comme basculte : pour soulever les<br \/>\nroues et l&rsquo;utiliser comme bascule<\/p>","protected":false},"excerpt":{"rendered":"<p>De 0 \u00e0 6 mois | Utiliser comme cododo ou mini-berceau ind\u00e9pendant \u25cf Sangles de fixaon : pour le fixer solidement au lit\u25cf Matelas avec housses textile amovible et lavable \u25cf Hauteur r\u00e9glable : sur 5 positions\u25cf Cot\u00e9s venl\u00e9s : avec textile maill\u00e9 pliable\u25cf PIEDS EXTENSIBLES : pour ajuster le berceau \u00e0 la position du [&hellip;]<\/p>\n","protected":false},"featured_media":6325,"comment_status":"open","ping_status":"closed","template":"","meta":[],"product_brand":[73],"product_cat":[61,98],"product_tag":[],"giftcard-category":[],"class_list":{"0":"post-6312","1":"product","2":"type-product","3":"status-publish","4":"has-post-thumbnail","6":"product_brand-asalvo","7":"product_cat-aide-sommeil","8":"product_cat-cuna","10":"first","11":"outofstock","12":"taxable","13":"shipping-taxable","14":"purchasable","15":"product-type-simple"},"jetpack_sharing_enabled":true,"_links":{"self":[{"href":"https:\/\/foryoubaby.ma\/ar\/wp-json\/wp\/v2\/product\/6312","targetHints":{"allow":["GET"]}}],"collection":[{"href":"https:\/\/foryoubaby.ma\/ar\/wp-json\/wp\/v2\/product"}],"about":[{"href":"https:\/\/foryoubaby.ma\/ar\/wp-json\/wp\/v2\/types\/product"}],"replies":[{"embeddable":true,"href":"https:\/\/foryoubaby.ma\/ar\/wp-json\/wp\/v2\/comments?post=6312"}],"wp:featuredmedia":[{"embeddable":true,"href":"https:\/\/foryoubaby.ma\/ar\/wp-json\/wp\/v2\/media\/6325"}],"wp:attachment":[{"href":"https:\/\/foryoubaby.ma\/ar\/wp-json\/wp\/v2\/media?parent=6312"}],"wp:term":[{"taxonomy":"product_brand","embeddable":true,"href":"https:\/\/foryoubaby.ma\/ar\/wp-json\/wp\/v2\/product_brand?post=6312"},{"taxonomy":"product_cat","embeddable":true,"href":"https:\/\/foryoubaby.ma\/ar\/wp-json\/wp\/v2\/product_cat?post=6312"},{"taxonomy":"product_tag","embeddable":true,"href":"https:\/\/foryoubaby.ma\/ar\/wp-json\/wp\/v2\/product_tag?post=6312"},{"taxonomy":"giftcard-category","embeddable":true,"href":"https:\/\/foryoubaby.ma\/ar\/wp-json\/wp\/v2\/giftcard-category?post=6312"}],"curies":[{"name":"wp","href":"https:\/\/api.w.org\/{rel}","templated":true}]}}