{"id":6291,"date":"2025-07-03T19:32:33","date_gmt":"2025-07-03T19:32:33","guid":{"rendered":"https:\/\/foryoubaby.ma\/?post_type=product&#038;p=6291"},"modified":"2025-07-03T19:32:34","modified_gmt":"2025-07-03T19:32:34","slug":"booster-alzafix-r129-con-isofix-gris","status":"publish","type":"product","link":"https:\/\/foryoubaby.ma\/ar\/product\/booster-alzafix-r129-con-isofix-gris\/","title":{"rendered":"Booster Alzafix R129 Con Isofix Gris"},"content":{"rendered":"<p>Booster I-size IsoFix Groupe 3 de 22 \u00e0 36 kg<br \/>\nDe 135cm \u00e0 150cm<br \/>\nr\u00e9glementation : I-SIZE R129+ISOFIX<br \/>\nDOUBLE USAGE : avec ou sans Isofix<\/p>","protected":false},"excerpt":{"rendered":"<p>Booster I-size IsoFix Groupe 3 de 22 \u00e0 36 kg De 135cm \u00e0 150cm r\u00e9glementation : I-SIZE R129+ISOFIX DOUBLE USAGE : avec ou sans Isofix<\/p>","protected":false},"featured_media":6293,"comment_status":"open","ping_status":"closed","template":"","meta":[],"product_brand":[73],"product_cat":[96],"product_tag":[],"giftcard-category":[],"class_list":{"0":"post-6291","1":"product","2":"type-product","3":"status-publish","4":"has-post-thumbnail","6":"product_brand-asalvo","7":"product_cat-siege-auto","9":"first","10":"instock","11":"taxable","12":"shipping-taxable","13":"purchasable","14":"product-type-simple"},"jetpack_sharing_enabled":true,"_links":{"self":[{"href":"https:\/\/foryoubaby.ma\/ar\/wp-json\/wp\/v2\/product\/6291","targetHints":{"allow":["GET"]}}],"collection":[{"href":"https:\/\/foryoubaby.ma\/ar\/wp-json\/wp\/v2\/product"}],"about":[{"href":"https:\/\/foryoubaby.ma\/ar\/wp-json\/wp\/v2\/types\/product"}],"replies":[{"embeddable":true,"href":"https:\/\/foryoubaby.ma\/ar\/wp-json\/wp\/v2\/comments?post=6291"}],"wp:featuredmedia":[{"embeddable":true,"href":"https:\/\/foryoubaby.ma\/ar\/wp-json\/wp\/v2\/media\/6293"}],"wp:attachment":[{"href":"https:\/\/foryoubaby.ma\/ar\/wp-json\/wp\/v2\/media?parent=6291"}],"wp:term":[{"taxonomy":"product_brand","embeddable":true,"href":"https:\/\/foryoubaby.ma\/ar\/wp-json\/wp\/v2\/product_brand?post=6291"},{"taxonomy":"product_cat","embeddable":true,"href":"https:\/\/foryoubaby.ma\/ar\/wp-json\/wp\/v2\/product_cat?post=6291"},{"taxonomy":"product_tag","embeddable":true,"href":"https:\/\/foryoubaby.ma\/ar\/wp-json\/wp\/v2\/product_tag?post=6291"},{"taxonomy":"giftcard-category","embeddable":true,"href":"https:\/\/foryoubaby.ma\/ar\/wp-json\/wp\/v2\/giftcard-category?post=6291"}],"curies":[{"name":"wp","href":"https:\/\/api.w.org\/{rel}","templated":true}]}}