{"id":6280,"date":"2025-07-03T19:13:21","date_gmt":"2025-07-03T19:13:21","guid":{"rendered":"https:\/\/foryoubaby.ma\/?post_type=product&#038;p=6280"},"modified":"2025-07-03T19:13:21","modified_gmt":"2025-07-03T19:13:21","slug":"silla-de-auto-i-size-40-150-cm-austen-2-negro","status":"publish","type":"product","link":"https:\/\/foryoubaby.ma\/ar\/product\/silla-de-auto-i-size-40-150-cm-austen-2-negro\/","title":{"rendered":"Silla De Auto I-Size 40-150 Cm Austen 2 Negro"},"content":{"rendered":"<p>\u25cf De 40 cm \u00e0 150 cm<br \/>\n\u25cf Installaon avec isofix + top tether.<br \/>\n\u25cf Si\u00e8ge rotatif \u00e0 360\u00ba.<br \/>\n\u25cf Orient\u00e9 vers l&rsquo;arri\u00e8re jusqu&rsquo;\u00e0 76 cm<br \/>\n\u25cf Dossier r\u00e9glable sur 4 posions<br \/>\nd&rsquo;inclinaison dans les deux sens de marche.<br \/>\n\u25cf Appui-t\u00eate r\u00e9glable en hauteur.<br \/>\n\u25cf Tissu amovible et lavable.<br \/>\n\u25cf Protecon contre les chocs lat\u00e9raux.<br \/>\n\u25cf Syst\u00e8me de ventilation arri\u00e8re<\/p>","protected":false},"excerpt":{"rendered":"<p>\u25cf De 40 cm \u00e0 150 cm \u25cf Installaon avec isofix + top tether. \u25cf Si\u00e8ge rotatif \u00e0 360\u00ba. \u25cf Orient\u00e9 vers l&rsquo;arri\u00e8re jusqu&rsquo;\u00e0 76 cm \u25cf Dossier r\u00e9glable sur 4 posions d&rsquo;inclinaison dans les deux sens de marche. \u25cf Appui-t\u00eate r\u00e9glable en hauteur. \u25cf Tissu amovible et lavable. \u25cf Protecon contre les chocs lat\u00e9raux. [&hellip;]<\/p>\n","protected":false},"featured_media":6290,"comment_status":"open","ping_status":"closed","template":"","meta":[],"product_brand":[73],"product_cat":[96],"product_tag":[],"giftcard-category":[],"class_list":{"0":"post-6280","1":"product","2":"type-product","3":"status-publish","4":"has-post-thumbnail","6":"product_brand-asalvo","7":"product_cat-siege-auto","9":"first","10":"instock","11":"taxable","12":"shipping-taxable","13":"purchasable","14":"product-type-simple"},"jetpack_sharing_enabled":true,"_links":{"self":[{"href":"https:\/\/foryoubaby.ma\/ar\/wp-json\/wp\/v2\/product\/6280","targetHints":{"allow":["GET"]}}],"collection":[{"href":"https:\/\/foryoubaby.ma\/ar\/wp-json\/wp\/v2\/product"}],"about":[{"href":"https:\/\/foryoubaby.ma\/ar\/wp-json\/wp\/v2\/types\/product"}],"replies":[{"embeddable":true,"href":"https:\/\/foryoubaby.ma\/ar\/wp-json\/wp\/v2\/comments?post=6280"}],"wp:featuredmedia":[{"embeddable":true,"href":"https:\/\/foryoubaby.ma\/ar\/wp-json\/wp\/v2\/media\/6290"}],"wp:attachment":[{"href":"https:\/\/foryoubaby.ma\/ar\/wp-json\/wp\/v2\/media?parent=6280"}],"wp:term":[{"taxonomy":"product_brand","embeddable":true,"href":"https:\/\/foryoubaby.ma\/ar\/wp-json\/wp\/v2\/product_brand?post=6280"},{"taxonomy":"product_cat","embeddable":true,"href":"https:\/\/foryoubaby.ma\/ar\/wp-json\/wp\/v2\/product_cat?post=6280"},{"taxonomy":"product_tag","embeddable":true,"href":"https:\/\/foryoubaby.ma\/ar\/wp-json\/wp\/v2\/product_tag?post=6280"},{"taxonomy":"giftcard-category","embeddable":true,"href":"https:\/\/foryoubaby.ma\/ar\/wp-json\/wp\/v2\/giftcard-category?post=6280"}],"curies":[{"name":"wp","href":"https:\/\/api.w.org\/{rel}","templated":true}]}}