{"id":6261,"date":"2025-07-03T19:04:55","date_gmt":"2025-07-03T19:04:55","guid":{"rendered":"https:\/\/foryoubaby.ma\/?post_type=product&#038;p=6261"},"modified":"2025-07-03T19:04:55","modified_gmt":"2025-07-03T19:04:55","slug":"silla-de-auto-dickens-i-size-40-150-cm-gris","status":"publish","type":"product","link":"https:\/\/foryoubaby.ma\/ar\/product\/silla-de-auto-dickens-i-size-40-150-cm-gris\/","title":{"rendered":"Silla De Auto Dickens I-Size 40-150 cm Gris"},"content":{"rendered":"<p>\u25cf De 40 \u00e0 150 cm<br \/>\n\u25cf Jusqu&rsquo;\u00e0 105 cm dos \u00e0 la route (environ 18<br \/>\nkilos), 100-150 cm dans le sens de la marche<br \/>\n\u25cf Si\u00e8ge rotatif \u00e0 360\u00ba<br \/>\n\u25cf Isofix + pied d&rsquo;appui<br \/>\n\u25cf Inclinable jusqu&rsquo;\u00e0 5 positions (4 positions<br \/>\nface \u00e0 la route , 1 position dos \u00e0 la route)<\/p>\n<ul>\n<li>Appui-t\u00eate r\u00e9glable sur 10 positions<\/li>\n<\/ul>","protected":false},"excerpt":{"rendered":"<p>\u25cf De 40 \u00e0 150 cm \u25cf Jusqu&rsquo;\u00e0 105 cm dos \u00e0 la route (environ 18 kilos), 100-150 cm dans le sens de la marche \u25cf Si\u00e8ge rotatif \u00e0 360\u00ba \u25cf Isofix + pied d&rsquo;appui \u25cf Inclinable jusqu&rsquo;\u00e0 5 positions (4 positions face \u00e0 la route , 1 position dos \u00e0 la route) Appui-t\u00eate r\u00e9glable [&hellip;]<\/p>\n","protected":false},"featured_media":6266,"comment_status":"open","ping_status":"closed","template":"","meta":[],"product_brand":[73],"product_cat":[96],"product_tag":[],"giftcard-category":[],"class_list":{"0":"post-6261","1":"product","2":"type-product","3":"status-publish","4":"has-post-thumbnail","6":"product_brand-asalvo","7":"product_cat-siege-auto","9":"first","10":"instock","11":"taxable","12":"shipping-taxable","13":"purchasable","14":"product-type-simple"},"jetpack_sharing_enabled":true,"_links":{"self":[{"href":"https:\/\/foryoubaby.ma\/ar\/wp-json\/wp\/v2\/product\/6261","targetHints":{"allow":["GET"]}}],"collection":[{"href":"https:\/\/foryoubaby.ma\/ar\/wp-json\/wp\/v2\/product"}],"about":[{"href":"https:\/\/foryoubaby.ma\/ar\/wp-json\/wp\/v2\/types\/product"}],"replies":[{"embeddable":true,"href":"https:\/\/foryoubaby.ma\/ar\/wp-json\/wp\/v2\/comments?post=6261"}],"wp:featuredmedia":[{"embeddable":true,"href":"https:\/\/foryoubaby.ma\/ar\/wp-json\/wp\/v2\/media\/6266"}],"wp:attachment":[{"href":"https:\/\/foryoubaby.ma\/ar\/wp-json\/wp\/v2\/media?parent=6261"}],"wp:term":[{"taxonomy":"product_brand","embeddable":true,"href":"https:\/\/foryoubaby.ma\/ar\/wp-json\/wp\/v2\/product_brand?post=6261"},{"taxonomy":"product_cat","embeddable":true,"href":"https:\/\/foryoubaby.ma\/ar\/wp-json\/wp\/v2\/product_cat?post=6261"},{"taxonomy":"product_tag","embeddable":true,"href":"https:\/\/foryoubaby.ma\/ar\/wp-json\/wp\/v2\/product_tag?post=6261"},{"taxonomy":"giftcard-category","embeddable":true,"href":"https:\/\/foryoubaby.ma\/ar\/wp-json\/wp\/v2\/giftcard-category?post=6261"}],"curies":[{"name":"wp","href":"https:\/\/api.w.org\/{rel}","templated":true}]}}