{"id":6245,"date":"2025-07-03T17:55:26","date_gmt":"2025-07-03T17:55:26","guid":{"rendered":"https:\/\/foryoubaby.ma\/?post_type=product&#038;p=6245"},"modified":"2025-07-03T17:55:26","modified_gmt":"2025-07-03T17:55:26","slug":"silla-de-auto-i-size-40-150-cm-starfix-black","status":"publish","type":"product","link":"https:\/\/foryoubaby.ma\/ar\/product\/silla-de-auto-i-size-40-150-cm-starfix-black\/","title":{"rendered":"Silla De Auto I-Size 40-150 Cm Starfix Black"},"content":{"rendered":"<p>De 40 \u00e0 150 cm\u00b7 D\u00e9passement jusqu&rsquo;\u00e0 105<br \/>\ncm\u00b7 si\u00e8ge pivotant \u00e0 360\u00b0\u00b7 Facilit\u00e9<br \/>\nd&rsquo;installation avec Isofix\u00b7 Repose-t\u00eate en V\u00b7<br \/>\nProtection lat\u00e9rale SideSafe<br \/>\nIndicateur de bonne installation\u00b7 Si\u00e8ge<br \/>\ninclinable 4 positions (direction de marche)\u00b7<br \/>\nHarnais de s\u00e9curit\u00e9 \u00e0 5 points<br \/>\n\u00b7 R\u00e9ducteur et coussin pour la premi\u00e8re<br \/>\n\u00e9tape\u00b7 Repose-t\u00eate r\u00e9glable en hauteur 9<br \/>\npositions<\/p>","protected":false},"excerpt":{"rendered":"<p>De 40 \u00e0 150 cm\u00b7 D\u00e9passement jusqu&rsquo;\u00e0 105 cm\u00b7 si\u00e8ge pivotant \u00e0 360\u00b0\u00b7 Facilit\u00e9 d&rsquo;installation avec Isofix\u00b7 Repose-t\u00eate en V\u00b7 Protection lat\u00e9rale SideSafe Indicateur de bonne installation\u00b7 Si\u00e8ge inclinable 4 positions (direction de marche)\u00b7 Harnais de s\u00e9curit\u00e9 \u00e0 5 points \u00b7 R\u00e9ducteur et coussin pour la premi\u00e8re \u00e9tape\u00b7 Repose-t\u00eate r\u00e9glable en hauteur 9 positions<\/p>","protected":false},"featured_media":6259,"comment_status":"open","ping_status":"closed","template":"","meta":[],"product_brand":[73],"product_cat":[96],"product_tag":[],"giftcard-category":[],"class_list":{"0":"post-6245","1":"product","2":"type-product","3":"status-publish","4":"has-post-thumbnail","6":"product_brand-asalvo","7":"product_cat-siege-auto","9":"first","10":"instock","11":"taxable","12":"shipping-taxable","13":"purchasable","14":"product-type-simple"},"jetpack_sharing_enabled":true,"_links":{"self":[{"href":"https:\/\/foryoubaby.ma\/ar\/wp-json\/wp\/v2\/product\/6245","targetHints":{"allow":["GET"]}}],"collection":[{"href":"https:\/\/foryoubaby.ma\/ar\/wp-json\/wp\/v2\/product"}],"about":[{"href":"https:\/\/foryoubaby.ma\/ar\/wp-json\/wp\/v2\/types\/product"}],"replies":[{"embeddable":true,"href":"https:\/\/foryoubaby.ma\/ar\/wp-json\/wp\/v2\/comments?post=6245"}],"wp:featuredmedia":[{"embeddable":true,"href":"https:\/\/foryoubaby.ma\/ar\/wp-json\/wp\/v2\/media\/6259"}],"wp:attachment":[{"href":"https:\/\/foryoubaby.ma\/ar\/wp-json\/wp\/v2\/media?parent=6245"}],"wp:term":[{"taxonomy":"product_brand","embeddable":true,"href":"https:\/\/foryoubaby.ma\/ar\/wp-json\/wp\/v2\/product_brand?post=6245"},{"taxonomy":"product_cat","embeddable":true,"href":"https:\/\/foryoubaby.ma\/ar\/wp-json\/wp\/v2\/product_cat?post=6245"},{"taxonomy":"product_tag","embeddable":true,"href":"https:\/\/foryoubaby.ma\/ar\/wp-json\/wp\/v2\/product_tag?post=6245"},{"taxonomy":"giftcard-category","embeddable":true,"href":"https:\/\/foryoubaby.ma\/ar\/wp-json\/wp\/v2\/giftcard-category?post=6245"}],"curies":[{"name":"wp","href":"https:\/\/api.w.org\/{rel}","templated":true}]}}