{"id":6242,"date":"2025-07-03T17:50:21","date_gmt":"2025-07-03T17:50:21","guid":{"rendered":"https:\/\/foryoubaby.ma\/?post_type=product&#038;p=6242"},"modified":"2025-07-30T12:48:17","modified_gmt":"2025-07-30T12:48:17","slug":"burbuja-de-lluvia-hoody-para-capazo","status":"publish","type":"product","link":"https:\/\/foryoubaby.ma\/ar\/product\/burbuja-de-lluvia-hoody-para-capazo\/","title":{"rendered":"Burbuja De Lluvia Hoody Para Capazo"},"content":{"rendered":"<p>Universel : s&rsquo;adapte facilement \u00e0 n&rsquo;importe<br \/>\nquelle nacelle<br \/>\n\u25cf Prot\u00e8ge de la pluie, du vent et du froid<br \/>\n\u25cf Fen\u00eatre avant<br \/>\n\u25cf 100% PVC<br \/>\n\u25cf Tr\u00e8s facile \u00e0 placer et \u00e0 ranger<\/p>","protected":false},"excerpt":{"rendered":"<p>Universel : s&rsquo;adapte facilement \u00e0 n&rsquo;importe quelle nacelle \u25cf Prot\u00e8ge de la pluie, du vent et du froid \u25cf Fen\u00eatre avant \u25cf 100% PVC \u25cf Tr\u00e8s facile \u00e0 placer et \u00e0 ranger<\/p>","protected":false},"featured_media":6243,"comment_status":"open","ping_status":"closed","template":"","meta":[],"product_brand":[73],"product_cat":[59],"product_tag":[],"giftcard-category":[],"class_list":{"0":"post-6242","1":"product","2":"type-product","3":"status-publish","4":"has-post-thumbnail","6":"product_brand-asalvo","7":"product_cat-poussettes","9":"first","10":"instock","11":"taxable","12":"shipping-taxable","13":"purchasable","14":"product-type-simple"},"jetpack_sharing_enabled":true,"_links":{"self":[{"href":"https:\/\/foryoubaby.ma\/ar\/wp-json\/wp\/v2\/product\/6242","targetHints":{"allow":["GET"]}}],"collection":[{"href":"https:\/\/foryoubaby.ma\/ar\/wp-json\/wp\/v2\/product"}],"about":[{"href":"https:\/\/foryoubaby.ma\/ar\/wp-json\/wp\/v2\/types\/product"}],"replies":[{"embeddable":true,"href":"https:\/\/foryoubaby.ma\/ar\/wp-json\/wp\/v2\/comments?post=6242"}],"wp:featuredmedia":[{"embeddable":true,"href":"https:\/\/foryoubaby.ma\/ar\/wp-json\/wp\/v2\/media\/6243"}],"wp:attachment":[{"href":"https:\/\/foryoubaby.ma\/ar\/wp-json\/wp\/v2\/media?parent=6242"}],"wp:term":[{"taxonomy":"product_brand","embeddable":true,"href":"https:\/\/foryoubaby.ma\/ar\/wp-json\/wp\/v2\/product_brand?post=6242"},{"taxonomy":"product_cat","embeddable":true,"href":"https:\/\/foryoubaby.ma\/ar\/wp-json\/wp\/v2\/product_cat?post=6242"},{"taxonomy":"product_tag","embeddable":true,"href":"https:\/\/foryoubaby.ma\/ar\/wp-json\/wp\/v2\/product_tag?post=6242"},{"taxonomy":"giftcard-category","embeddable":true,"href":"https:\/\/foryoubaby.ma\/ar\/wp-json\/wp\/v2\/giftcard-category?post=6242"}],"curies":[{"name":"wp","href":"https:\/\/api.w.org\/{rel}","templated":true}]}}