{"id":6237,"date":"2025-07-03T17:48:09","date_gmt":"2025-07-03T17:48:09","guid":{"rendered":"https:\/\/foryoubaby.ma\/?post_type=product&#038;p=6237"},"modified":"2025-07-30T12:48:32","modified_gmt":"2025-07-30T12:48:32","slug":"bubuja-universal","status":"publish","type":"product","link":"https:\/\/foryoubaby.ma\/ar\/product\/bubuja-universal\/","title":{"rendered":"Bubuja Universal"},"content":{"rendered":"<p>Universel, s&rsquo;adapte facilement \u00e0 n&rsquo;importe\u00a0quelle poussette Prot\u00e8ge de la pluie, du vent et du froid<br \/>\nVentil\u00e9<br \/>\n100% PVC<br \/>\nTr\u00e8s facile \u00e0 placer et \u00e0 ranger<\/p>","protected":false},"excerpt":{"rendered":"<p>Universel, s&rsquo;adapte facilement \u00e0 n&rsquo;importe\u00a0quelle poussette Prot\u00e8ge de la pluie, du vent et du froid Ventil\u00e9 100% PVC Tr\u00e8s facile \u00e0 placer et \u00e0 ranger<\/p>","protected":false},"featured_media":6241,"comment_status":"open","ping_status":"closed","template":"","meta":[],"product_brand":[73],"product_cat":[59],"product_tag":[],"giftcard-category":[],"class_list":{"0":"post-6237","1":"product","2":"type-product","3":"status-publish","4":"has-post-thumbnail","6":"product_brand-asalvo","7":"product_cat-poussettes","9":"first","10":"instock","11":"taxable","12":"shipping-taxable","13":"purchasable","14":"product-type-simple"},"jetpack_sharing_enabled":true,"_links":{"self":[{"href":"https:\/\/foryoubaby.ma\/ar\/wp-json\/wp\/v2\/product\/6237","targetHints":{"allow":["GET"]}}],"collection":[{"href":"https:\/\/foryoubaby.ma\/ar\/wp-json\/wp\/v2\/product"}],"about":[{"href":"https:\/\/foryoubaby.ma\/ar\/wp-json\/wp\/v2\/types\/product"}],"replies":[{"embeddable":true,"href":"https:\/\/foryoubaby.ma\/ar\/wp-json\/wp\/v2\/comments?post=6237"}],"wp:featuredmedia":[{"embeddable":true,"href":"https:\/\/foryoubaby.ma\/ar\/wp-json\/wp\/v2\/media\/6241"}],"wp:attachment":[{"href":"https:\/\/foryoubaby.ma\/ar\/wp-json\/wp\/v2\/media?parent=6237"}],"wp:term":[{"taxonomy":"product_brand","embeddable":true,"href":"https:\/\/foryoubaby.ma\/ar\/wp-json\/wp\/v2\/product_brand?post=6237"},{"taxonomy":"product_cat","embeddable":true,"href":"https:\/\/foryoubaby.ma\/ar\/wp-json\/wp\/v2\/product_cat?post=6237"},{"taxonomy":"product_tag","embeddable":true,"href":"https:\/\/foryoubaby.ma\/ar\/wp-json\/wp\/v2\/product_tag?post=6237"},{"taxonomy":"giftcard-category","embeddable":true,"href":"https:\/\/foryoubaby.ma\/ar\/wp-json\/wp\/v2\/giftcard-category?post=6237"}],"curies":[{"name":"wp","href":"https:\/\/api.w.org\/{rel}","templated":true}]}}