{"id":6226,"date":"2025-07-03T17:43:16","date_gmt":"2025-07-03T17:43:16","guid":{"rendered":"https:\/\/foryoubaby.ma\/?post_type=product&#038;p=6226"},"modified":"2025-07-29T17:10:59","modified_gmt":"2025-07-29T17:10:59","slug":"silla-paseo-henry-verde","status":"publish","type":"product","link":"https:\/\/foryoubaby.ma\/ar\/product\/silla-paseo-henry-verde\/","title":{"rendered":"Silla Paseo Henry Verde"},"content":{"rendered":"<p>L\u00e9g\u00e8ret\u00e9 maximale avec la poussette Henry<br \/>\nDouble Twin De 0 mois \u00e0 15 kg<br \/>\n\u25cf CH\u00c2SSIS EN ACIER : tr\u00e8s r\u00e9sistant\u25cf<br \/>\nDOSSIERS MULTI-POSITIONS : confort et<br \/>\ns\u00e9curit\u00e9\u25cf HOTTE R\u00c9GLABLE AVEC 3<br \/>\nPOSITIONS ET FEN\u00caTRE \u25cf REPOSE-PIEDS<br \/>\nR\u00c9GLABLE\u25cf MELANGE TEXTILE : Douceur et<br \/>\nr\u00e9sistance maximales\u25cf HARNAIS AVEC<br \/>\nPROTECTEUR ET BARRE DE S\u00c9CURIT\u00c9<br \/>\nREMBOURR\u00c9E : Apporte de la douceur aux<br \/>\n\u00e9l\u00e9ments de s\u00e9curit\u00e9<\/p>","protected":false},"excerpt":{"rendered":"<p>L\u00e9g\u00e8ret\u00e9 maximale avec la poussette Henry Double Twin De 0 mois \u00e0 15 kg \u25cf CH\u00c2SSIS EN ACIER : tr\u00e8s r\u00e9sistant\u25cf DOSSIERS MULTI-POSITIONS : confort et s\u00e9curit\u00e9\u25cf HOTTE R\u00c9GLABLE AVEC 3 POSITIONS ET FEN\u00caTRE \u25cf REPOSE-PIEDS R\u00c9GLABLE\u25cf MELANGE TEXTILE : Douceur et r\u00e9sistance maximales\u25cf HARNAIS AVEC PROTECTEUR ET BARRE DE S\u00c9CURIT\u00c9 REMBOURR\u00c9E : Apporte de [&hellip;]<\/p>\n","protected":false},"featured_media":6236,"comment_status":"open","ping_status":"closed","template":"","meta":[],"product_brand":[73],"product_cat":[59],"product_tag":[],"giftcard-category":[],"class_list":{"0":"post-6226","1":"product","2":"type-product","3":"status-publish","4":"has-post-thumbnail","6":"product_brand-asalvo","7":"product_cat-poussettes","9":"first","10":"outofstock","11":"taxable","12":"shipping-taxable","13":"purchasable","14":"product-type-simple"},"jetpack_sharing_enabled":true,"_links":{"self":[{"href":"https:\/\/foryoubaby.ma\/ar\/wp-json\/wp\/v2\/product\/6226","targetHints":{"allow":["GET"]}}],"collection":[{"href":"https:\/\/foryoubaby.ma\/ar\/wp-json\/wp\/v2\/product"}],"about":[{"href":"https:\/\/foryoubaby.ma\/ar\/wp-json\/wp\/v2\/types\/product"}],"replies":[{"embeddable":true,"href":"https:\/\/foryoubaby.ma\/ar\/wp-json\/wp\/v2\/comments?post=6226"}],"wp:featuredmedia":[{"embeddable":true,"href":"https:\/\/foryoubaby.ma\/ar\/wp-json\/wp\/v2\/media\/6236"}],"wp:attachment":[{"href":"https:\/\/foryoubaby.ma\/ar\/wp-json\/wp\/v2\/media?parent=6226"}],"wp:term":[{"taxonomy":"product_brand","embeddable":true,"href":"https:\/\/foryoubaby.ma\/ar\/wp-json\/wp\/v2\/product_brand?post=6226"},{"taxonomy":"product_cat","embeddable":true,"href":"https:\/\/foryoubaby.ma\/ar\/wp-json\/wp\/v2\/product_cat?post=6226"},{"taxonomy":"product_tag","embeddable":true,"href":"https:\/\/foryoubaby.ma\/ar\/wp-json\/wp\/v2\/product_tag?post=6226"},{"taxonomy":"giftcard-category","embeddable":true,"href":"https:\/\/foryoubaby.ma\/ar\/wp-json\/wp\/v2\/giftcard-category?post=6226"}],"curies":[{"name":"wp","href":"https:\/\/api.w.org\/{rel}","templated":true}]}}