{"id":6210,"date":"2025-07-03T17:38:44","date_gmt":"2025-07-03T17:38:44","guid":{"rendered":"https:\/\/foryoubaby.ma\/?post_type=product&#038;p=6210"},"modified":"2025-07-03T17:38:44","modified_gmt":"2025-07-03T17:38:44","slug":"silla-de-paseo-travelblack-aqua","status":"publish","type":"product","link":"https:\/\/foryoubaby.ma\/ar\/product\/silla-de-paseo-travelblack-aqua\/","title":{"rendered":"Silla De Paseo Travel+Black Aqua"},"content":{"rendered":"<p>oussette Travel+, fonctionnelle avec cadre<br \/>\nen acier et m\u00e9canisme de pliage qui permet<br \/>\nun transport facile dans la cabine de l&rsquo;avion.<br \/>\nDe 0 mois \u00e0 15 kg.<\/p>\n<p>Dossier multi-position par sangle . ropose-pieds r\u00e9glable.Frein arri\u00e8re.Guidon pouvant<br \/>\n\u00eatre port\u00e9 d&rsquo;une seule main.<br \/>\nGrand panier de rangement.<br \/>\nTextile lavabl<\/p>","protected":false},"excerpt":{"rendered":"<p>oussette Travel+, fonctionnelle avec cadre en acier et m\u00e9canisme de pliage qui permet un transport facile dans la cabine de l&rsquo;avion. De 0 mois \u00e0 15 kg. Dossier multi-position par sangle . ropose-pieds r\u00e9glable.Frein arri\u00e8re.Guidon pouvant \u00eatre port\u00e9 d&rsquo;une seule main. Grand panier de rangement. Textile lavabl<\/p>","protected":false},"featured_media":6225,"comment_status":"open","ping_status":"closed","template":"","meta":[],"product_brand":[73],"product_cat":[59],"product_tag":[],"giftcard-category":[],"class_list":{"0":"post-6210","1":"product","2":"type-product","3":"status-publish","4":"has-post-thumbnail","6":"product_brand-asalvo","7":"product_cat-poussettes","9":"first","10":"instock","11":"taxable","12":"shipping-taxable","13":"purchasable","14":"product-type-simple"},"jetpack_sharing_enabled":true,"_links":{"self":[{"href":"https:\/\/foryoubaby.ma\/ar\/wp-json\/wp\/v2\/product\/6210","targetHints":{"allow":["GET"]}}],"collection":[{"href":"https:\/\/foryoubaby.ma\/ar\/wp-json\/wp\/v2\/product"}],"about":[{"href":"https:\/\/foryoubaby.ma\/ar\/wp-json\/wp\/v2\/types\/product"}],"replies":[{"embeddable":true,"href":"https:\/\/foryoubaby.ma\/ar\/wp-json\/wp\/v2\/comments?post=6210"}],"wp:featuredmedia":[{"embeddable":true,"href":"https:\/\/foryoubaby.ma\/ar\/wp-json\/wp\/v2\/media\/6225"}],"wp:attachment":[{"href":"https:\/\/foryoubaby.ma\/ar\/wp-json\/wp\/v2\/media?parent=6210"}],"wp:term":[{"taxonomy":"product_brand","embeddable":true,"href":"https:\/\/foryoubaby.ma\/ar\/wp-json\/wp\/v2\/product_brand?post=6210"},{"taxonomy":"product_cat","embeddable":true,"href":"https:\/\/foryoubaby.ma\/ar\/wp-json\/wp\/v2\/product_cat?post=6210"},{"taxonomy":"product_tag","embeddable":true,"href":"https:\/\/foryoubaby.ma\/ar\/wp-json\/wp\/v2\/product_tag?post=6210"},{"taxonomy":"giftcard-category","embeddable":true,"href":"https:\/\/foryoubaby.ma\/ar\/wp-json\/wp\/v2\/giftcard-category?post=6210"}],"curies":[{"name":"wp","href":"https:\/\/api.w.org\/{rel}","templated":true}]}}