{"id":6193,"date":"2025-07-03T17:28:44","date_gmt":"2025-07-03T17:28:44","guid":{"rendered":"https:\/\/foryoubaby.ma\/?post_type=product&#038;p=6193"},"modified":"2025-07-29T17:17:42","modified_gmt":"2025-07-29T17:17:42","slug":"silla-de-paseo-flight-negro","status":"publish","type":"product","link":"https:\/\/foryoubaby.ma\/ar\/product\/silla-de-paseo-flight-negro\/","title":{"rendered":"Silla De Paseo Flight Negro"},"content":{"rendered":"<p>De 0 mois \u00e0 15 kg.<br \/>\nChassis en acier<br \/>\nSi\u00e8ge large et rembourr\u00e9e<br \/>\nTr\u00e8s l\u00e9ger et compact avec un poids de\u00a0seulement 6,6 kg.<br \/>\nPli\u00e9 et d\u00e9ploy\u00e9 \u00e0 la main<\/p>","protected":false},"excerpt":{"rendered":"<p>De 0 mois \u00e0 15 kg. Chassis en acier Si\u00e8ge large et rembourr\u00e9e Tr\u00e8s l\u00e9ger et compact avec un poids de\u00a0seulement 6,6 kg. Pli\u00e9 et d\u00e9ploy\u00e9 \u00e0 la main<\/p>","protected":false},"featured_media":6209,"comment_status":"open","ping_status":"closed","template":"","meta":[],"product_brand":[73],"product_cat":[59],"product_tag":[],"giftcard-category":[],"class_list":{"0":"post-6193","1":"product","2":"type-product","3":"status-publish","4":"has-post-thumbnail","6":"product_brand-asalvo","7":"product_cat-poussettes","9":"first","10":"instock","11":"taxable","12":"shipping-taxable","13":"purchasable","14":"product-type-simple"},"jetpack_sharing_enabled":true,"_links":{"self":[{"href":"https:\/\/foryoubaby.ma\/ar\/wp-json\/wp\/v2\/product\/6193","targetHints":{"allow":["GET"]}}],"collection":[{"href":"https:\/\/foryoubaby.ma\/ar\/wp-json\/wp\/v2\/product"}],"about":[{"href":"https:\/\/foryoubaby.ma\/ar\/wp-json\/wp\/v2\/types\/product"}],"replies":[{"embeddable":true,"href":"https:\/\/foryoubaby.ma\/ar\/wp-json\/wp\/v2\/comments?post=6193"}],"wp:featuredmedia":[{"embeddable":true,"href":"https:\/\/foryoubaby.ma\/ar\/wp-json\/wp\/v2\/media\/6209"}],"wp:attachment":[{"href":"https:\/\/foryoubaby.ma\/ar\/wp-json\/wp\/v2\/media?parent=6193"}],"wp:term":[{"taxonomy":"product_brand","embeddable":true,"href":"https:\/\/foryoubaby.ma\/ar\/wp-json\/wp\/v2\/product_brand?post=6193"},{"taxonomy":"product_cat","embeddable":true,"href":"https:\/\/foryoubaby.ma\/ar\/wp-json\/wp\/v2\/product_cat?post=6193"},{"taxonomy":"product_tag","embeddable":true,"href":"https:\/\/foryoubaby.ma\/ar\/wp-json\/wp\/v2\/product_tag?post=6193"},{"taxonomy":"giftcard-category","embeddable":true,"href":"https:\/\/foryoubaby.ma\/ar\/wp-json\/wp\/v2\/giftcard-category?post=6193"}],"curies":[{"name":"wp","href":"https:\/\/api.w.org\/{rel}","templated":true}]}}