{"id":6167,"date":"2025-07-03T16:11:23","date_gmt":"2025-07-03T16:11:23","guid":{"rendered":"https:\/\/foryoubaby.ma\/?post_type=product&#038;p=6167"},"modified":"2025-07-29T17:15:51","modified_gmt":"2025-07-29T17:15:51","slug":"silla-paseo-cotton-2-gris-acero","status":"publish","type":"product","link":"https:\/\/foryoubaby.ma\/ar\/product\/silla-paseo-cotton-2-gris-acero\/","title":{"rendered":"Silla Paseo Cotton 2 Gris Acero"},"content":{"rendered":"<p>La poussette Cotton 2 allie fonctionnalit\u00e9,<br \/>\nconfort et style en un seul produit.<br \/>\n&#8211; De 0 mois \u00e0 22 kg<br \/>\n-Dossier r\u00e9glable 3 positions<br \/>\n-Grand panier de rangement<br \/>\n-Repose-pieds r\u00e9glable<br \/>\n-Pliage tr\u00e8s r\u00e9duit<\/p>","protected":false},"excerpt":{"rendered":"<p>La poussette Cotton 2 allie fonctionnalit\u00e9, confort et style en un seul produit. &#8211; De 0 mois \u00e0 22 kg -Dossier r\u00e9glable 3 positions -Grand panier de rangement -Repose-pieds r\u00e9glable -Pliage tr\u00e8s r\u00e9duit<\/p>","protected":false},"featured_media":6170,"comment_status":"open","ping_status":"closed","template":"","meta":[],"product_brand":[73],"product_cat":[59],"product_tag":[],"giftcard-category":[],"class_list":{"0":"post-6167","1":"product","2":"type-product","3":"status-publish","4":"has-post-thumbnail","6":"product_brand-asalvo","7":"product_cat-poussettes","9":"first","10":"outofstock","11":"taxable","12":"shipping-taxable","13":"purchasable","14":"product-type-simple"},"jetpack_sharing_enabled":true,"_links":{"self":[{"href":"https:\/\/foryoubaby.ma\/ar\/wp-json\/wp\/v2\/product\/6167","targetHints":{"allow":["GET"]}}],"collection":[{"href":"https:\/\/foryoubaby.ma\/ar\/wp-json\/wp\/v2\/product"}],"about":[{"href":"https:\/\/foryoubaby.ma\/ar\/wp-json\/wp\/v2\/types\/product"}],"replies":[{"embeddable":true,"href":"https:\/\/foryoubaby.ma\/ar\/wp-json\/wp\/v2\/comments?post=6167"}],"wp:featuredmedia":[{"embeddable":true,"href":"https:\/\/foryoubaby.ma\/ar\/wp-json\/wp\/v2\/media\/6170"}],"wp:attachment":[{"href":"https:\/\/foryoubaby.ma\/ar\/wp-json\/wp\/v2\/media?parent=6167"}],"wp:term":[{"taxonomy":"product_brand","embeddable":true,"href":"https:\/\/foryoubaby.ma\/ar\/wp-json\/wp\/v2\/product_brand?post=6167"},{"taxonomy":"product_cat","embeddable":true,"href":"https:\/\/foryoubaby.ma\/ar\/wp-json\/wp\/v2\/product_cat?post=6167"},{"taxonomy":"product_tag","embeddable":true,"href":"https:\/\/foryoubaby.ma\/ar\/wp-json\/wp\/v2\/product_tag?post=6167"},{"taxonomy":"giftcard-category","embeddable":true,"href":"https:\/\/foryoubaby.ma\/ar\/wp-json\/wp\/v2\/giftcard-category?post=6167"}],"curies":[{"name":"wp","href":"https:\/\/api.w.org\/{rel}","templated":true}]}}