{"id":6129,"date":"2025-07-03T15:50:04","date_gmt":"2025-07-03T15:50:04","guid":{"rendered":"https:\/\/foryoubaby.ma\/?post_type=product&#038;p=6129"},"modified":"2025-07-03T15:50:04","modified_gmt":"2025-07-03T15:50:04","slug":"trio-oslo-gris","status":"publish","type":"product","link":"https:\/\/foryoubaby.ma\/ar\/product\/trio-oslo-gris\/","title":{"rendered":"Trio Oslo Gris"},"content":{"rendered":"<p>Poussette polyvalente de 0 mois \u00e0 22 kg. Son<br \/>\ncadre en acier garantit une grande solidit\u00e9.<br \/>\nElle comprend un cadre, un hamac et un<br \/>\ngroupe 0. Facilement pliable d&rsquo;une main, elle<br \/>\nest pratique \u00e0 transporter.<\/p>","protected":false},"excerpt":{"rendered":"<p>Poussette polyvalente de 0 mois \u00e0 22 kg. Son cadre en acier garantit une grande solidit\u00e9. Elle comprend un cadre, un hamac et un groupe 0. Facilement pliable d&rsquo;une main, elle est pratique \u00e0 transporter.<\/p>","protected":false},"featured_media":6142,"comment_status":"open","ping_status":"closed","template":"","meta":[],"product_brand":[73],"product_cat":[59],"product_tag":[],"giftcard-category":[],"class_list":{"0":"post-6129","1":"product","2":"type-product","3":"status-publish","4":"has-post-thumbnail","6":"product_brand-asalvo","7":"product_cat-poussettes","9":"first","10":"instock","11":"taxable","12":"shipping-taxable","13":"purchasable","14":"product-type-simple"},"jetpack_sharing_enabled":true,"_links":{"self":[{"href":"https:\/\/foryoubaby.ma\/ar\/wp-json\/wp\/v2\/product\/6129","targetHints":{"allow":["GET"]}}],"collection":[{"href":"https:\/\/foryoubaby.ma\/ar\/wp-json\/wp\/v2\/product"}],"about":[{"href":"https:\/\/foryoubaby.ma\/ar\/wp-json\/wp\/v2\/types\/product"}],"replies":[{"embeddable":true,"href":"https:\/\/foryoubaby.ma\/ar\/wp-json\/wp\/v2\/comments?post=6129"}],"wp:featuredmedia":[{"embeddable":true,"href":"https:\/\/foryoubaby.ma\/ar\/wp-json\/wp\/v2\/media\/6142"}],"wp:attachment":[{"href":"https:\/\/foryoubaby.ma\/ar\/wp-json\/wp\/v2\/media?parent=6129"}],"wp:term":[{"taxonomy":"product_brand","embeddable":true,"href":"https:\/\/foryoubaby.ma\/ar\/wp-json\/wp\/v2\/product_brand?post=6129"},{"taxonomy":"product_cat","embeddable":true,"href":"https:\/\/foryoubaby.ma\/ar\/wp-json\/wp\/v2\/product_cat?post=6129"},{"taxonomy":"product_tag","embeddable":true,"href":"https:\/\/foryoubaby.ma\/ar\/wp-json\/wp\/v2\/product_tag?post=6129"},{"taxonomy":"giftcard-category","embeddable":true,"href":"https:\/\/foryoubaby.ma\/ar\/wp-json\/wp\/v2\/giftcard-category?post=6129"}],"curies":[{"name":"wp","href":"https:\/\/api.w.org\/{rel}","templated":true}]}}