{"id":6111,"date":"2025-07-03T15:41:21","date_gmt":"2025-07-03T15:41:21","guid":{"rendered":"https:\/\/foryoubaby.ma\/?post_type=product&#038;p=6111"},"modified":"2025-07-03T15:41:21","modified_gmt":"2025-07-03T15:41:21","slug":"trio-genius-2-gris-nube","status":"publish","type":"product","link":"https:\/\/foryoubaby.ma\/ar\/product\/trio-genius-2-gris-nube\/","title":{"rendered":"Trio Genius 2 Gris Nube"},"content":{"rendered":"<p>De 0 mois \u00e0 22 kg<br \/>\n\u25cf Chassis en aluminium\u25cf Comprend: ch\u00e2ssis,<br \/>\nunit\u00e9 de si\u00e8ge, casque, si\u00e8ge d&rsquo;auto et sac de<br \/>\nchangement\u25cf Couverture extensible avec<br \/>\nvisi\u00e8re\u25cf Barre avant et roues amovibles\u25cf<br \/>\nsi\u00e8ge auto I-size de 40 \u00e0 83 cm\u25cf Le si\u00e8ge est<br \/>\npliable\u25cf Manipulateur r\u00e9glable en hauteur\u25cf<br \/>\nUn b\u00e2ton compact\u25cf Pli\u00e9 en une seule pi\u00e8ce\u25cf<br \/>\nSi\u00e8ge confortable, pliable et r\u00e9versible<\/p>","protected":false},"excerpt":{"rendered":"<p>De 0 mois \u00e0 22 kg \u25cf Chassis en aluminium\u25cf Comprend: ch\u00e2ssis, unit\u00e9 de si\u00e8ge, casque, si\u00e8ge d&rsquo;auto et sac de changement\u25cf Couverture extensible avec visi\u00e8re\u25cf Barre avant et roues amovibles\u25cf si\u00e8ge auto I-size de 40 \u00e0 83 cm\u25cf Le si\u00e8ge est pliable\u25cf Manipulateur r\u00e9glable en hauteur\u25cf Un b\u00e2ton compact\u25cf Pli\u00e9 en une seule pi\u00e8ce\u25cf [&hellip;]<\/p>\n","protected":false},"featured_media":6112,"comment_status":"open","ping_status":"closed","template":"","meta":[],"product_brand":[73],"product_cat":[59],"product_tag":[],"giftcard-category":[],"class_list":{"0":"post-6111","1":"product","2":"type-product","3":"status-publish","4":"has-post-thumbnail","6":"product_brand-asalvo","7":"product_cat-poussettes","9":"first","10":"instock","11":"taxable","12":"shipping-taxable","13":"purchasable","14":"product-type-simple"},"jetpack_sharing_enabled":true,"_links":{"self":[{"href":"https:\/\/foryoubaby.ma\/ar\/wp-json\/wp\/v2\/product\/6111","targetHints":{"allow":["GET"]}}],"collection":[{"href":"https:\/\/foryoubaby.ma\/ar\/wp-json\/wp\/v2\/product"}],"about":[{"href":"https:\/\/foryoubaby.ma\/ar\/wp-json\/wp\/v2\/types\/product"}],"replies":[{"embeddable":true,"href":"https:\/\/foryoubaby.ma\/ar\/wp-json\/wp\/v2\/comments?post=6111"}],"wp:featuredmedia":[{"embeddable":true,"href":"https:\/\/foryoubaby.ma\/ar\/wp-json\/wp\/v2\/media\/6112"}],"wp:attachment":[{"href":"https:\/\/foryoubaby.ma\/ar\/wp-json\/wp\/v2\/media?parent=6111"}],"wp:term":[{"taxonomy":"product_brand","embeddable":true,"href":"https:\/\/foryoubaby.ma\/ar\/wp-json\/wp\/v2\/product_brand?post=6111"},{"taxonomy":"product_cat","embeddable":true,"href":"https:\/\/foryoubaby.ma\/ar\/wp-json\/wp\/v2\/product_cat?post=6111"},{"taxonomy":"product_tag","embeddable":true,"href":"https:\/\/foryoubaby.ma\/ar\/wp-json\/wp\/v2\/product_tag?post=6111"},{"taxonomy":"giftcard-category","embeddable":true,"href":"https:\/\/foryoubaby.ma\/ar\/wp-json\/wp\/v2\/giftcard-category?post=6111"}],"curies":[{"name":"wp","href":"https:\/\/api.w.org\/{rel}","templated":true}]}}