{"id":6100,"date":"2025-07-03T15:27:09","date_gmt":"2025-07-03T15:27:09","guid":{"rendered":"https:\/\/foryoubaby.ma\/?post_type=product&#038;p=6100"},"modified":"2025-07-03T15:28:31","modified_gmt":"2025-07-03T15:28:31","slug":"trio-newton-gris-nube","status":"publish","type":"product","link":"https:\/\/foryoubaby.ma\/ar\/product\/trio-newton-gris-nube\/","title":{"rendered":"Trio Newton Gris Nube"},"content":{"rendered":"<p>De 0 mois \u00e0 22 kg<br \/>\n\u25cf Chassis en aliminium : tr\u00e8s r\u00e9sistant et<br \/>\nl\u00e9ger<\/p>\n<p>\u25cf guidon et barre de s\u00e9curit\u00e9 en cuir<br \/>\nsynth\u00e9tique<\/p>\n<p>\u25cf pliage compact sans retrait du<br \/>\nsi\u00e8ge :pour un rangement plus pratique<\/p>\n<p>\u25cfcapot extensible : r\u00e9gule la luminosit\u00e9 du<br \/>\nsi\u00e8ge<\/p>\n<p>\u25cf barre de s\u00e9curit\u00e9 et roues amovible :<br \/>\n\u00e0 ranger s\u00e9par\u00e9ment<\/p>\n<p>\u25cf dossier r\u00e9glable avec<br \/>\nharnais<\/p>\n<p>\u25cf guidon \u00e0 hauteur r\u00e9glable<\/p>","protected":false},"excerpt":{"rendered":"<p>De 0 mois \u00e0 22 kg \u25cf Chassis en aliminium : tr\u00e8s r\u00e9sistant et l\u00e9ger \u25cf guidon et barre de s\u00e9curit\u00e9 en cuir synth\u00e9tique \u25cf pliage compact sans retrait du si\u00e8ge :pour un rangement plus pratique \u25cfcapot extensible : r\u00e9gule la luminosit\u00e9 du si\u00e8ge \u25cf barre de s\u00e9curit\u00e9 et roues amovible : \u00e0 ranger s\u00e9par\u00e9ment [&hellip;]<\/p>\n","protected":false},"featured_media":6101,"comment_status":"open","ping_status":"closed","template":"","meta":[],"product_brand":[73],"product_cat":[59],"product_tag":[],"giftcard-category":[],"class_list":{"0":"post-6100","1":"product","2":"type-product","3":"status-publish","4":"has-post-thumbnail","6":"product_brand-asalvo","7":"product_cat-poussettes","9":"first","10":"instock","11":"taxable","12":"shipping-taxable","13":"purchasable","14":"product-type-simple"},"jetpack_sharing_enabled":true,"_links":{"self":[{"href":"https:\/\/foryoubaby.ma\/ar\/wp-json\/wp\/v2\/product\/6100","targetHints":{"allow":["GET"]}}],"collection":[{"href":"https:\/\/foryoubaby.ma\/ar\/wp-json\/wp\/v2\/product"}],"about":[{"href":"https:\/\/foryoubaby.ma\/ar\/wp-json\/wp\/v2\/types\/product"}],"replies":[{"embeddable":true,"href":"https:\/\/foryoubaby.ma\/ar\/wp-json\/wp\/v2\/comments?post=6100"}],"wp:featuredmedia":[{"embeddable":true,"href":"https:\/\/foryoubaby.ma\/ar\/wp-json\/wp\/v2\/media\/6101"}],"wp:attachment":[{"href":"https:\/\/foryoubaby.ma\/ar\/wp-json\/wp\/v2\/media?parent=6100"}],"wp:term":[{"taxonomy":"product_brand","embeddable":true,"href":"https:\/\/foryoubaby.ma\/ar\/wp-json\/wp\/v2\/product_brand?post=6100"},{"taxonomy":"product_cat","embeddable":true,"href":"https:\/\/foryoubaby.ma\/ar\/wp-json\/wp\/v2\/product_cat?post=6100"},{"taxonomy":"product_tag","embeddable":true,"href":"https:\/\/foryoubaby.ma\/ar\/wp-json\/wp\/v2\/product_tag?post=6100"},{"taxonomy":"giftcard-category","embeddable":true,"href":"https:\/\/foryoubaby.ma\/ar\/wp-json\/wp\/v2\/giftcard-category?post=6100"}],"curies":[{"name":"wp","href":"https:\/\/api.w.org\/{rel}","templated":true}]}}