{"id":6098,"date":"2025-07-03T15:15:19","date_gmt":"2025-07-03T15:15:19","guid":{"rendered":"https:\/\/foryoubaby.ma\/?post_type=product&#038;p=6098"},"modified":"2025-07-03T15:15:19","modified_gmt":"2025-07-03T15:15:19","slug":"protector-colchon-acolchado-cuna-60x120","status":"publish","type":"product","link":"https:\/\/foryoubaby.ma\/ar\/product\/protector-colchon-acolchado-cuna-60x120\/","title":{"rendered":"PROTECTOR COLCHON ACOLCHADO CUNA 60X120"},"content":{"rendered":"<p>Prot\u00e8ge-matelas pour berceau rembourr\u00e9.<br \/>\nPropri\u00e9t\u00e9s respirantes, r\u00e9sistantes et<br \/>\nhypoallerg\u00e9niques. Fabriqu\u00e9 en 100 % polyester<br \/>\nde haute qualit\u00e9. 60&#215;120<\/p>","protected":false},"excerpt":{"rendered":"<p>Prot\u00e8ge-matelas pour berceau rembourr\u00e9. Propri\u00e9t\u00e9s respirantes, r\u00e9sistantes et hypoallerg\u00e9niques. Fabriqu\u00e9 en 100 % polyester de haute qualit\u00e9. 60&#215;120<\/p>","protected":false},"featured_media":6099,"comment_status":"open","ping_status":"closed","template":"","meta":[],"product_brand":[75],"product_cat":[61,98],"product_tag":[],"giftcard-category":[],"class_list":{"0":"post-6098","1":"product","2":"type-product","3":"status-publish","4":"has-post-thumbnail","6":"product_brand-naf-naf","7":"product_cat-aide-sommeil","8":"product_cat-cuna","10":"first","11":"instock","12":"taxable","13":"shipping-taxable","14":"product-type-simple"},"jetpack_sharing_enabled":true,"_links":{"self":[{"href":"https:\/\/foryoubaby.ma\/ar\/wp-json\/wp\/v2\/product\/6098","targetHints":{"allow":["GET"]}}],"collection":[{"href":"https:\/\/foryoubaby.ma\/ar\/wp-json\/wp\/v2\/product"}],"about":[{"href":"https:\/\/foryoubaby.ma\/ar\/wp-json\/wp\/v2\/types\/product"}],"replies":[{"embeddable":true,"href":"https:\/\/foryoubaby.ma\/ar\/wp-json\/wp\/v2\/comments?post=6098"}],"wp:featuredmedia":[{"embeddable":true,"href":"https:\/\/foryoubaby.ma\/ar\/wp-json\/wp\/v2\/media\/6099"}],"wp:attachment":[{"href":"https:\/\/foryoubaby.ma\/ar\/wp-json\/wp\/v2\/media?parent=6098"}],"wp:term":[{"taxonomy":"product_brand","embeddable":true,"href":"https:\/\/foryoubaby.ma\/ar\/wp-json\/wp\/v2\/product_brand?post=6098"},{"taxonomy":"product_cat","embeddable":true,"href":"https:\/\/foryoubaby.ma\/ar\/wp-json\/wp\/v2\/product_cat?post=6098"},{"taxonomy":"product_tag","embeddable":true,"href":"https:\/\/foryoubaby.ma\/ar\/wp-json\/wp\/v2\/product_tag?post=6098"},{"taxonomy":"giftcard-category","embeddable":true,"href":"https:\/\/foryoubaby.ma\/ar\/wp-json\/wp\/v2\/giftcard-category?post=6098"}],"curies":[{"name":"wp","href":"https:\/\/api.w.org\/{rel}","templated":true}]}}