{"id":6056,"date":"2025-07-03T14:37:30","date_gmt":"2025-07-03T14:37:30","guid":{"rendered":"https:\/\/foryoubaby.ma\/?post_type=product&#038;p=6056"},"modified":"2025-09-30T19:39:00","modified_gmt":"2025-09-30T19:39:00","slug":"cojin-moises-allover-cour-navy","status":"publish","type":"product","link":"https:\/\/foryoubaby.ma\/ar\/product\/cojin-moises-allover-cour-navy\/","title":{"rendered":"COJIN MOISES ALLOVER COUR NAVY"},"content":{"rendered":"<p>Nid de b\u00e9b\u00e9 multifonctionnel. \u2022 Matelas de sol<br \/>\nmoelleux.<br \/>\n\u2022 Coussin nid id\u00e9al pour les garder prot\u00e9g\u00e9s \u00e0 tout<br \/>\nmoment, n&rsquo;importe o\u00f9 dans le berceau, le canap\u00e9,<br \/>\netc. Pour les nouveau-n\u00e9s et les b\u00e9b\u00e9s. \u2022 Haute<br \/>\nqualit\u00e9 48x90x8<\/p>","protected":false},"excerpt":{"rendered":"<p>Nid de b\u00e9b\u00e9 multifonctionnel. \u2022 Matelas de sol moelleux. \u2022 Coussin nid id\u00e9al pour les garder prot\u00e9g\u00e9s \u00e0 tout moment, n&rsquo;importe o\u00f9 dans le berceau, le canap\u00e9, etc. Pour les nouveau-n\u00e9s et les b\u00e9b\u00e9s. \u2022 Haute qualit\u00e9 48x90x8<\/p>","protected":false},"featured_media":6057,"comment_status":"open","ping_status":"closed","template":"","meta":[],"product_brand":[75],"product_cat":[61,98,60],"product_tag":[],"giftcard-category":[],"class_list":{"0":"post-6056","1":"product","2":"type-product","3":"status-publish","4":"has-post-thumbnail","6":"product_brand-naf-naf","7":"product_cat-aide-sommeil","8":"product_cat-cuna","9":"product_cat-securite","11":"first","12":"instock","13":"taxable","14":"shipping-taxable","15":"purchasable","16":"product-type-simple"},"jetpack_sharing_enabled":true,"_links":{"self":[{"href":"https:\/\/foryoubaby.ma\/ar\/wp-json\/wp\/v2\/product\/6056","targetHints":{"allow":["GET"]}}],"collection":[{"href":"https:\/\/foryoubaby.ma\/ar\/wp-json\/wp\/v2\/product"}],"about":[{"href":"https:\/\/foryoubaby.ma\/ar\/wp-json\/wp\/v2\/types\/product"}],"replies":[{"embeddable":true,"href":"https:\/\/foryoubaby.ma\/ar\/wp-json\/wp\/v2\/comments?post=6056"}],"wp:featuredmedia":[{"embeddable":true,"href":"https:\/\/foryoubaby.ma\/ar\/wp-json\/wp\/v2\/media\/6057"}],"wp:attachment":[{"href":"https:\/\/foryoubaby.ma\/ar\/wp-json\/wp\/v2\/media?parent=6056"}],"wp:term":[{"taxonomy":"product_brand","embeddable":true,"href":"https:\/\/foryoubaby.ma\/ar\/wp-json\/wp\/v2\/product_brand?post=6056"},{"taxonomy":"product_cat","embeddable":true,"href":"https:\/\/foryoubaby.ma\/ar\/wp-json\/wp\/v2\/product_cat?post=6056"},{"taxonomy":"product_tag","embeddable":true,"href":"https:\/\/foryoubaby.ma\/ar\/wp-json\/wp\/v2\/product_tag?post=6056"},{"taxonomy":"giftcard-category","embeddable":true,"href":"https:\/\/foryoubaby.ma\/ar\/wp-json\/wp\/v2\/giftcard-category?post=6056"}],"curies":[{"name":"wp","href":"https:\/\/api.w.org\/{rel}","templated":true}]}}