{"id":6054,"date":"2025-07-03T14:23:56","date_gmt":"2025-07-03T14:23:56","guid":{"rendered":"https:\/\/foryoubaby.ma\/?post_type=product&#038;p=6054"},"modified":"2025-08-12T11:33:09","modified_gmt":"2025-08-12T11:33:09","slug":"la-casita-de-pepito-chale-simple-en-blane-2","status":"publish","type":"product","link":"https:\/\/foryoubaby.ma\/ar\/product\/la-casita-de-pepito-chale-simple-en-blane-2\/","title":{"rendered":"LA CASITA DE PEPITO CHALE SIMPLE EN BLANE"},"content":{"rendered":"<p>CH\u00c5LE EN LAINE AVEC DECORATIVE<br \/>\nPOMPONS COUPE ONDUL\u00c9E ET FOND<br \/>\nCOLOR\u00c9<\/p>","protected":false},"excerpt":{"rendered":"<p>CH\u00c5LE EN LAINE AVEC DECORATIVE POMPONS COUPE ONDUL\u00c9E ET FOND COLOR\u00c9<\/p>","protected":false},"featured_media":6055,"comment_status":"open","ping_status":"closed","template":"","meta":[],"product_brand":[94],"product_cat":[15,64],"product_tag":[],"giftcard-category":[],"class_list":{"0":"post-6054","1":"product","2":"type-product","3":"status-publish","4":"has-post-thumbnail","6":"product_brand-la-casita-de-pepito","7":"product_cat-uncategorized","8":"product_cat-vetements","10":"first","11":"instock","12":"taxable","13":"shipping-taxable","14":"purchasable","15":"product-type-simple"},"jetpack_sharing_enabled":true,"_links":{"self":[{"href":"https:\/\/foryoubaby.ma\/ar\/wp-json\/wp\/v2\/product\/6054","targetHints":{"allow":["GET"]}}],"collection":[{"href":"https:\/\/foryoubaby.ma\/ar\/wp-json\/wp\/v2\/product"}],"about":[{"href":"https:\/\/foryoubaby.ma\/ar\/wp-json\/wp\/v2\/types\/product"}],"replies":[{"embeddable":true,"href":"https:\/\/foryoubaby.ma\/ar\/wp-json\/wp\/v2\/comments?post=6054"}],"wp:featuredmedia":[{"embeddable":true,"href":"https:\/\/foryoubaby.ma\/ar\/wp-json\/wp\/v2\/media\/6055"}],"wp:attachment":[{"href":"https:\/\/foryoubaby.ma\/ar\/wp-json\/wp\/v2\/media?parent=6054"}],"wp:term":[{"taxonomy":"product_brand","embeddable":true,"href":"https:\/\/foryoubaby.ma\/ar\/wp-json\/wp\/v2\/product_brand?post=6054"},{"taxonomy":"product_cat","embeddable":true,"href":"https:\/\/foryoubaby.ma\/ar\/wp-json\/wp\/v2\/product_cat?post=6054"},{"taxonomy":"product_tag","embeddable":true,"href":"https:\/\/foryoubaby.ma\/ar\/wp-json\/wp\/v2\/product_tag?post=6054"},{"taxonomy":"giftcard-category","embeddable":true,"href":"https:\/\/foryoubaby.ma\/ar\/wp-json\/wp\/v2\/giftcard-category?post=6054"}],"curies":[{"name":"wp","href":"https:\/\/api.w.org\/{rel}","templated":true}]}}