{"id":6042,"date":"2025-07-03T13:06:55","date_gmt":"2025-07-03T13:06:55","guid":{"rendered":"https:\/\/foryoubaby.ma\/?post_type=product&#038;p=6042"},"modified":"2025-08-12T11:33:09","modified_gmt":"2025-08-12T11:33:09","slug":"la-casita-de-pepito-chale-simple-bebe-en-blue","status":"publish","type":"product","link":"https:\/\/foryoubaby.ma\/ar\/product\/la-casita-de-pepito-chale-simple-bebe-en-blue\/","title":{"rendered":"LA CASITA DE PEPITO CHALE SIMPLE BEBE EN BLUE"},"content":{"rendered":"<p>CH\u00c5LE EN LAINE AVEC DECORATIVE N\u0152UD<br \/>\nEN SATIN DE LA M\u00caME COLEUR DE LA CH\u00c5LE<\/p>","protected":false},"excerpt":{"rendered":"<p>CH\u00c5LE EN LAINE AVEC DECORATIVE N\u0152UD EN SATIN DE LA M\u00caME COLEUR DE LA CH\u00c5LE<\/p>","protected":false},"featured_media":6043,"comment_status":"open","ping_status":"closed","template":"","meta":[],"product_brand":[94],"product_cat":[15,64],"product_tag":[],"giftcard-category":[],"class_list":{"0":"post-6042","1":"product","2":"type-product","3":"status-publish","4":"has-post-thumbnail","6":"product_brand-la-casita-de-pepito","7":"product_cat-uncategorized","8":"product_cat-vetements","10":"first","11":"instock","12":"taxable","13":"shipping-taxable","14":"purchasable","15":"product-type-simple"},"jetpack_sharing_enabled":true,"_links":{"self":[{"href":"https:\/\/foryoubaby.ma\/ar\/wp-json\/wp\/v2\/product\/6042","targetHints":{"allow":["GET"]}}],"collection":[{"href":"https:\/\/foryoubaby.ma\/ar\/wp-json\/wp\/v2\/product"}],"about":[{"href":"https:\/\/foryoubaby.ma\/ar\/wp-json\/wp\/v2\/types\/product"}],"replies":[{"embeddable":true,"href":"https:\/\/foryoubaby.ma\/ar\/wp-json\/wp\/v2\/comments?post=6042"}],"wp:featuredmedia":[{"embeddable":true,"href":"https:\/\/foryoubaby.ma\/ar\/wp-json\/wp\/v2\/media\/6043"}],"wp:attachment":[{"href":"https:\/\/foryoubaby.ma\/ar\/wp-json\/wp\/v2\/media?parent=6042"}],"wp:term":[{"taxonomy":"product_brand","embeddable":true,"href":"https:\/\/foryoubaby.ma\/ar\/wp-json\/wp\/v2\/product_brand?post=6042"},{"taxonomy":"product_cat","embeddable":true,"href":"https:\/\/foryoubaby.ma\/ar\/wp-json\/wp\/v2\/product_cat?post=6042"},{"taxonomy":"product_tag","embeddable":true,"href":"https:\/\/foryoubaby.ma\/ar\/wp-json\/wp\/v2\/product_tag?post=6042"},{"taxonomy":"giftcard-category","embeddable":true,"href":"https:\/\/foryoubaby.ma\/ar\/wp-json\/wp\/v2\/giftcard-category?post=6042"}],"curies":[{"name":"wp","href":"https:\/\/api.w.org\/{rel}","templated":true}]}}