{"id":6023,"date":"2025-07-03T12:10:41","date_gmt":"2025-07-03T12:10:41","guid":{"rendered":"https:\/\/foryoubaby.ma\/?post_type=product&#038;p=6023"},"modified":"2025-07-03T12:10:41","modified_gmt":"2025-07-03T12:10:41","slug":"la-casita-de-pepito-3-pieces-au-crochet-en-blue","status":"publish","type":"product","link":"https:\/\/foryoubaby.ma\/ar\/product\/la-casita-de-pepito-3-pieces-au-crochet-en-blue\/","title":{"rendered":"LA CASITA DE PEPITO 3 PIECES AU CROCHET EN BLUE"},"content":{"rendered":"<p>ENSEMBLE DE 3 PI\u00c8CES EN LAINE AVEC UN<br \/>\nDESIGN SP\u00c9CIAL AU CROCHET AVEC RUBAN<br \/>\nPOUR UN STYLE DIFF\u00c9RENT ET \u00c9L\u00c9GANT,<br \/>\nID\u00c9AL POUR LES PREMI\u00c8RES TENUES. TAILLES<br \/>\n0,1 ET 3 MOIS.<\/p>","protected":false},"excerpt":{"rendered":"<p>ENSEMBLE DE 3 PI\u00c8CES EN LAINE AVEC UN DESIGN SP\u00c9CIAL AU CROCHET AVEC RUBAN POUR UN STYLE DIFF\u00c9RENT ET \u00c9L\u00c9GANT, ID\u00c9AL POUR LES PREMI\u00c8RES TENUES. TAILLES 0,1 ET 3 MOIS.<\/p>","protected":false},"featured_media":6024,"comment_status":"open","ping_status":"closed","template":"","meta":[],"product_brand":[94],"product_cat":[64],"product_tag":[],"giftcard-category":[],"class_list":{"0":"post-6023","1":"product","2":"type-product","3":"status-publish","4":"has-post-thumbnail","6":"product_brand-la-casita-de-pepito","7":"product_cat-vetements","9":"first","10":"instock","11":"taxable","12":"shipping-taxable","13":"purchasable","14":"product-type-simple"},"jetpack_sharing_enabled":true,"_links":{"self":[{"href":"https:\/\/foryoubaby.ma\/ar\/wp-json\/wp\/v2\/product\/6023","targetHints":{"allow":["GET"]}}],"collection":[{"href":"https:\/\/foryoubaby.ma\/ar\/wp-json\/wp\/v2\/product"}],"about":[{"href":"https:\/\/foryoubaby.ma\/ar\/wp-json\/wp\/v2\/types\/product"}],"replies":[{"embeddable":true,"href":"https:\/\/foryoubaby.ma\/ar\/wp-json\/wp\/v2\/comments?post=6023"}],"wp:featuredmedia":[{"embeddable":true,"href":"https:\/\/foryoubaby.ma\/ar\/wp-json\/wp\/v2\/media\/6024"}],"wp:attachment":[{"href":"https:\/\/foryoubaby.ma\/ar\/wp-json\/wp\/v2\/media?parent=6023"}],"wp:term":[{"taxonomy":"product_brand","embeddable":true,"href":"https:\/\/foryoubaby.ma\/ar\/wp-json\/wp\/v2\/product_brand?post=6023"},{"taxonomy":"product_cat","embeddable":true,"href":"https:\/\/foryoubaby.ma\/ar\/wp-json\/wp\/v2\/product_cat?post=6023"},{"taxonomy":"product_tag","embeddable":true,"href":"https:\/\/foryoubaby.ma\/ar\/wp-json\/wp\/v2\/product_tag?post=6023"},{"taxonomy":"giftcard-category","embeddable":true,"href":"https:\/\/foryoubaby.ma\/ar\/wp-json\/wp\/v2\/giftcard-category?post=6023"}],"curies":[{"name":"wp","href":"https:\/\/api.w.org\/{rel}","templated":true}]}}