{"id":5780,"date":"2024-10-04T18:40:44","date_gmt":"2024-10-04T18:40:44","guid":{"rendered":"https:\/\/foryoubaby.ma\/?post_type=product&#038;p=5780"},"modified":"2025-07-01T16:50:31","modified_gmt":"2025-07-01T16:50:31","slug":"siege-dauto-panafix-noir-asalvo","status":"publish","type":"product","link":"https:\/\/foryoubaby.ma\/ar\/product\/siege-dauto-panafix-noir-asalvo\/","title":{"rendered":"Si\u00e8ge d\u2019auto Panafix noir ASALVO"},"content":{"rendered":"<h4><em>Le si\u00e8ge auto Panafix, une s\u00e9curit\u00e9 totale qui vous accompagnera tout au long de votre enfance<\/em><\/h4>\n<p>\u25cf\u00a0De 40 cm \u00e0 150 cm<\/p>\n<p>\u25cf\u00a0Installation avec isofix + top tether.<\/p>\n<p>\u25cf\u00a0Si\u00e8ge rotatif \u00e0 360\u00ba.<\/p>\n<p>\u25cf\u00a0Orient\u00e9 vers l\u2019arri\u00e8re jusqu\u2019\u00e0 105 cm (18 kg).<\/p>\n<p>\u25cf\u00a0Dossier r\u00e9glable sur 4 positions d\u2019inclinaison dans les deux sens de marche.<\/p>\n<p>\u25cf\u00a0Appui-t\u00eate r\u00e9glable en hauteur.<\/p>\n<p>\u25cf\u00a0Tissu amovible et lavable.<\/p>\n<p>\u25cf\u00a0Mousse EPP haute r\u00e9sistance pour l\u2019appui-t\u00eate.<\/p>\n<p>\u25cf\u00a0Protection contre les chocs lat\u00e9raux.<\/p>\n<p>Le\u00a0\u00a0<strong>si\u00e8ge auto Panafix<\/strong>\u00a0\u00a0est \u00e9volutif et s\u2019adapte \u00e0 votre enfant au fur et \u00e0 mesure de sa croissance<\/p>","protected":false},"excerpt":{"rendered":"<p>Le si\u00e8ge auto Panafix, une s\u00e9curit\u00e9 totale qui vous accompagnera tout au long de votre enfance \u25cf\u00a0De 40 cm \u00e0 150 cm \u25cf\u00a0Installation avec isofix + top tether. \u25cf\u00a0Si\u00e8ge rotatif \u00e0 360\u00ba. \u25cf\u00a0Orient\u00e9 vers l\u2019arri\u00e8re jusqu\u2019\u00e0 105 cm (18 kg). \u25cf\u00a0Dossier r\u00e9glable sur 4 positions d\u2019inclinaison dans les deux sens de marche. \u25cf\u00a0Appui-t\u00eate r\u00e9glable en [&hellip;]<\/p>\n","protected":false},"featured_media":5788,"comment_status":"open","ping_status":"closed","template":"","meta":[],"product_brand":[73],"product_cat":[96],"product_tag":[],"giftcard-category":[],"class_list":{"0":"post-5780","1":"product","2":"type-product","3":"status-publish","4":"has-post-thumbnail","6":"product_brand-asalvo","7":"product_cat-siege-auto","9":"first","10":"instock","11":"taxable","12":"shipping-taxable","13":"purchasable","14":"product-type-simple"},"jetpack_sharing_enabled":true,"_links":{"self":[{"href":"https:\/\/foryoubaby.ma\/ar\/wp-json\/wp\/v2\/product\/5780","targetHints":{"allow":["GET"]}}],"collection":[{"href":"https:\/\/foryoubaby.ma\/ar\/wp-json\/wp\/v2\/product"}],"about":[{"href":"https:\/\/foryoubaby.ma\/ar\/wp-json\/wp\/v2\/types\/product"}],"replies":[{"embeddable":true,"href":"https:\/\/foryoubaby.ma\/ar\/wp-json\/wp\/v2\/comments?post=5780"}],"wp:featuredmedia":[{"embeddable":true,"href":"https:\/\/foryoubaby.ma\/ar\/wp-json\/wp\/v2\/media\/5788"}],"wp:attachment":[{"href":"https:\/\/foryoubaby.ma\/ar\/wp-json\/wp\/v2\/media?parent=5780"}],"wp:term":[{"taxonomy":"product_brand","embeddable":true,"href":"https:\/\/foryoubaby.ma\/ar\/wp-json\/wp\/v2\/product_brand?post=5780"},{"taxonomy":"product_cat","embeddable":true,"href":"https:\/\/foryoubaby.ma\/ar\/wp-json\/wp\/v2\/product_cat?post=5780"},{"taxonomy":"product_tag","embeddable":true,"href":"https:\/\/foryoubaby.ma\/ar\/wp-json\/wp\/v2\/product_tag?post=5780"},{"taxonomy":"giftcard-category","embeddable":true,"href":"https:\/\/foryoubaby.ma\/ar\/wp-json\/wp\/v2\/giftcard-category?post=5780"}],"curies":[{"name":"wp","href":"https:\/\/api.w.org\/{rel}","templated":true}]}}