{"id":5775,"date":"2024-10-04T18:35:08","date_gmt":"2024-10-04T18:35:08","guid":{"rendered":"https:\/\/foryoubaby.ma\/?post_type=product&#038;p=5775"},"modified":"2025-06-30T16:51:39","modified_gmt":"2025-06-30T16:51:39","slug":"tire-lait-electrique-biberon-120-ml-suavinex","status":"publish","type":"product","link":"https:\/\/foryoubaby.ma\/ar\/product\/tire-lait-electrique-biberon-120-ml-suavinex\/","title":{"rendered":"Tire-lait Electrique + Biberon 120 ml \u2013 SUAVINEX"},"content":{"rendered":"<p>Tire-Lait \u00e9lectrique Suavinex, extrait le lait maternel rapidement et facilement. Iimite le rythme de succion du b\u00e9b\u00e9.<br \/>\n\u2013\u00a0Test\u00e9 par des mamans. Id\u00e9al pour le tirage r\u00e9gulier du lait maternel, sans avoir \u00e0 appuyer manuellement.<br \/>\n\u2013\u00a0Id\u00e9al pour les mamans qui vont utiliser un tire-lait pour la premi\u00e8re fois et pour celles qui ont des probl\u00e8mes de crevasses et\/ou d\u2019irritations.<br \/>\n\u2013\u00a0Avantages : \u00b7 T\u00e9terelle anatomique, adh\u00e8re parfaitement au sein.<br \/>\n\u2013\u00a0\u00a0Forme ergonomique, offre une extraction plus confortable.<br \/>\n\u2013\u00a0\u00a0Avec pompe de r\u00e9gulation de fr\u00e9quence, 11 niveaux de r\u00e9glage et voyant lumineux.<br \/>\n\u2013\u00a0\u00a0Comprend un contenant de stockage herm\u00e9tique.<\/p>\n<p>Comment \u00e7a marche?<br \/>\n1. Phase de stimulation : masse doucement le sein pour que le lait commence \u00e0 couler dans la pompe.<br \/>\n2. Phase d\u2019extraction : une fois que le lait commence \u00e0 couler, l\u2019expression commence et se poursuit en continu, imitant le rythme de succion du b\u00e9b\u00e9.<br \/>\n\u2013\u00a0Apprenez \u00e0 nous conna\u00eetre : Nous sommes Suavinex, une entreprise sp\u00e9cialis\u00e9e dans le secteur de la pu\u00e9riculture.<br \/>\n\u2013\u00a0Nous fabriquons tous nos produits avec beaucoup de soin et d\u2019affection, c\u2019est pourquoi nous sommes synonymes de s\u00e9curit\u00e9 et de confiance.<br \/>\n\u2013\u00a0Gr\u00e2ce \u00e0 un effort constant et \u00e0 l\u2019innovation, nous proposons un catalogue complet de produits avec des mat\u00e9riaux sans bisph\u00e9nol A, innovante et de haute qualit\u00e9 pour les femmes enceintes, les m\u00e8res et les b\u00e9b\u00e9s.<\/p>","protected":false},"excerpt":{"rendered":"<p>Tire-Lait \u00e9lectrique Suavinex, extrait le lait maternel rapidement et facilement. Iimite le rythme de succion du b\u00e9b\u00e9. \u2013\u00a0Test\u00e9 par des mamans. Id\u00e9al pour le tirage r\u00e9gulier du lait maternel, sans avoir \u00e0 appuyer manuellement. \u2013\u00a0Id\u00e9al pour les mamans qui vont utiliser un tire-lait pour la premi\u00e8re fois et pour celles qui ont des probl\u00e8mes de [&hellip;]<\/p>\n","protected":false},"featured_media":5778,"comment_status":"open","ping_status":"closed","template":"","meta":[],"product_brand":[74],"product_cat":[65],"product_tag":[],"giftcard-category":[],"class_list":{"0":"post-5775","1":"product","2":"type-product","3":"status-publish","4":"has-post-thumbnail","6":"product_brand-suavinex","7":"product_cat-pour-elle-maman","9":"first","10":"instock","11":"taxable","12":"shipping-taxable","13":"purchasable","14":"product-type-simple"},"jetpack_sharing_enabled":true,"_links":{"self":[{"href":"https:\/\/foryoubaby.ma\/ar\/wp-json\/wp\/v2\/product\/5775","targetHints":{"allow":["GET"]}}],"collection":[{"href":"https:\/\/foryoubaby.ma\/ar\/wp-json\/wp\/v2\/product"}],"about":[{"href":"https:\/\/foryoubaby.ma\/ar\/wp-json\/wp\/v2\/types\/product"}],"replies":[{"embeddable":true,"href":"https:\/\/foryoubaby.ma\/ar\/wp-json\/wp\/v2\/comments?post=5775"}],"wp:featuredmedia":[{"embeddable":true,"href":"https:\/\/foryoubaby.ma\/ar\/wp-json\/wp\/v2\/media\/5778"}],"wp:attachment":[{"href":"https:\/\/foryoubaby.ma\/ar\/wp-json\/wp\/v2\/media?parent=5775"}],"wp:term":[{"taxonomy":"product_brand","embeddable":true,"href":"https:\/\/foryoubaby.ma\/ar\/wp-json\/wp\/v2\/product_brand?post=5775"},{"taxonomy":"product_cat","embeddable":true,"href":"https:\/\/foryoubaby.ma\/ar\/wp-json\/wp\/v2\/product_cat?post=5775"},{"taxonomy":"product_tag","embeddable":true,"href":"https:\/\/foryoubaby.ma\/ar\/wp-json\/wp\/v2\/product_tag?post=5775"},{"taxonomy":"giftcard-category","embeddable":true,"href":"https:\/\/foryoubaby.ma\/ar\/wp-json\/wp\/v2\/giftcard-category?post=5775"}],"curies":[{"name":"wp","href":"https:\/\/api.w.org\/{rel}","templated":true}]}}