{"id":5771,"date":"2024-10-04T18:27:47","date_gmt":"2024-10-04T18:27:47","guid":{"rendered":"https:\/\/foryoubaby.ma\/?post_type=product&#038;p=5771"},"modified":"2025-06-30T16:52:19","modified_gmt":"2025-06-30T16:52:19","slug":"tire-lait-manuel-biberon-120-ml-suavinex","status":"publish","type":"product","link":"https:\/\/foryoubaby.ma\/ar\/product\/tire-lait-manuel-biberon-120-ml-suavinex\/","title":{"rendered":"Tire-lait Manuel + Biberon 120 ml \u2013 SUAVINEX"},"content":{"rendered":"<p>Coffret Tire-lait maternel manuel.<br \/>\n\u2013\u00a0Comprend un biberon en silicone anti-colique + 3 sachets pour lait maternel avec bouchon + un r\u00e9cipient de stockage.<br \/>\n\u2013\u00a0Tire-Lait manuel Suavinex. Test\u00e9 par des mamans.<br \/>\n\u2013\u00a0En appuyant doucement et rythmiquement sur le levier, on obtient un pompage qui extrait sans effort le lait, imitant le rythme de succion du b\u00e9b\u00e9.<br \/>\n\u2013\u00a0Id\u00e9al pour les pompages occasionnels ou pour les mamans qui pr\u00e9f\u00e8rent un syst\u00e8me de pompage simple.<br \/>\n\u2013\u00a0Avantages : \u00b7 T\u00e9terelle anatomique, facilite l\u2019adh\u00e9rence au sein et \u00e9vite les gouttes de lait adh\u00e9rant \u00e0 l\u2019int\u00e9rieur de la coupelle.<br \/>\n\u2013\u00a0Levier stable qui peut \u00eatre r\u00e9gl\u00e9 d\u2019une seule main, garantit la s\u00e9curit\u00e9 lors de l\u2019extraction et vous permet de r\u00e9gler le rythme personnellement.<br \/>\n\u2013 Portable, sans piles.<br \/>\n\u2013\u00a0\u00a0Silencieux et discret, \u00e0 utiliser partout.<br \/>\n\u2013 Facile \u00e0 utiliser, intuitif et avec peu de pi\u00e8ces.<br \/>\n\u2013\u00a0\u00a0Forme ergonomique, pour une extraction plus confortable.<br \/>\n\u2013\u00a0Avec conteneur de stockage herm\u00e9tique.<br \/>\n\u2013\u00a0Apprenez \u00e0 nous conna\u00eetre : Nous sommes Suavinex, une entreprise sp\u00e9cialis\u00e9e dans le secteur de la pu\u00e9riculture.<br \/>\n\u2013\u00a0Nous fabriquons tous nos produits avec beaucoup de soin et d\u2019affection, c\u2019est pourquoi nous sommes synonymes de s\u00e9curit\u00e9 et de confiance.<br \/>\n\u2013\u00a0Gr\u00e2ce \u00e0 un effort constant et \u00e0 l\u2019innovation, nous proposons un catalogue complet de produits avec des mat\u00e9riaux sans bisph\u00e9nol A, innovante et de haute qualit\u00e9 pour les femmes enceintes, les m\u00e8res et les b\u00e9b\u00e9s.<\/p>","protected":false},"excerpt":{"rendered":"<p>Coffret Tire-lait maternel manuel. \u2013\u00a0Comprend un biberon en silicone anti-colique + 3 sachets pour lait maternel avec bouchon + un r\u00e9cipient de stockage. \u2013\u00a0Tire-Lait manuel Suavinex. Test\u00e9 par des mamans. \u2013\u00a0En appuyant doucement et rythmiquement sur le levier, on obtient un pompage qui extrait sans effort le lait, imitant le rythme de succion du b\u00e9b\u00e9. [&hellip;]<\/p>\n","protected":false},"featured_media":5774,"comment_status":"open","ping_status":"closed","template":"","meta":[],"product_brand":[74],"product_cat":[65],"product_tag":[],"giftcard-category":[],"class_list":{"0":"post-5771","1":"product","2":"type-product","3":"status-publish","4":"has-post-thumbnail","6":"product_brand-suavinex","7":"product_cat-pour-elle-maman","9":"first","10":"instock","11":"taxable","12":"shipping-taxable","13":"purchasable","14":"product-type-simple"},"jetpack_sharing_enabled":true,"_links":{"self":[{"href":"https:\/\/foryoubaby.ma\/ar\/wp-json\/wp\/v2\/product\/5771","targetHints":{"allow":["GET"]}}],"collection":[{"href":"https:\/\/foryoubaby.ma\/ar\/wp-json\/wp\/v2\/product"}],"about":[{"href":"https:\/\/foryoubaby.ma\/ar\/wp-json\/wp\/v2\/types\/product"}],"replies":[{"embeddable":true,"href":"https:\/\/foryoubaby.ma\/ar\/wp-json\/wp\/v2\/comments?post=5771"}],"wp:featuredmedia":[{"embeddable":true,"href":"https:\/\/foryoubaby.ma\/ar\/wp-json\/wp\/v2\/media\/5774"}],"wp:attachment":[{"href":"https:\/\/foryoubaby.ma\/ar\/wp-json\/wp\/v2\/media?parent=5771"}],"wp:term":[{"taxonomy":"product_brand","embeddable":true,"href":"https:\/\/foryoubaby.ma\/ar\/wp-json\/wp\/v2\/product_brand?post=5771"},{"taxonomy":"product_cat","embeddable":true,"href":"https:\/\/foryoubaby.ma\/ar\/wp-json\/wp\/v2\/product_cat?post=5771"},{"taxonomy":"product_tag","embeddable":true,"href":"https:\/\/foryoubaby.ma\/ar\/wp-json\/wp\/v2\/product_tag?post=5771"},{"taxonomy":"giftcard-category","embeddable":true,"href":"https:\/\/foryoubaby.ma\/ar\/wp-json\/wp\/v2\/giftcard-category?post=5771"}],"curies":[{"name":"wp","href":"https:\/\/api.w.org\/{rel}","templated":true}]}}