{"id":5762,"date":"2024-10-04T18:12:55","date_gmt":"2024-10-04T18:12:55","guid":{"rendered":"https:\/\/foryoubaby.ma\/?post_type=product&#038;p=5762"},"modified":"2025-09-30T19:46:31","modified_gmt":"2025-09-30T19:46:31","slug":"tapis-de-jeu-fantaisie-2001801-5","status":"publish","type":"product","link":"https:\/\/foryoubaby.ma\/ar\/product\/tapis-de-jeu-fantaisie-2001801-5\/","title":{"rendered":"Tapis de jeu fantaisie 200*180*1.5"},"content":{"rendered":"<ul class=\"a-unordered-list a-vertical a-spacing-mini\">\n<li class=\"a-spacing-mini\"><span class=\"a-list-item\">Design color\u00e9 double face : ce tapis pour b\u00e9b\u00e9 est disponible dans diff\u00e9rents designs et couleurs amusantes avec lesquels votre enfant appr\u00e9ciera s\u00fbrement apprendre et jouer. Motif double face<\/span><\/li>\n<li class=\"a-spacing-mini\"><span class=\"a-list-item\">Doux et confortable : ce tapis de tra\u00e7age extra large mesure 200 x 180 cm. Ce tapis de jeu doux pour b\u00e9b\u00e9 a une \u00e9paisseur de 1,5 cm et est parfait pour toutes les activit\u00e9s de votre enfant, comme le temps sur le ventre, ramper, rouler ou jouer sensoriellement<\/span><\/li>\n<li class=\"a-spacing-mini\"><span class=\"a-list-item\">Pr\u00eat \u00e0 jouer : nos tapis de jeu pour enfants sont fabriqu\u00e9s en mousse de haute densit\u00e9. Ce tapis pour enfants est durable, antid\u00e9rapant et imperm\u00e9able, ce qui le rend id\u00e9al pour votre b\u00e9b\u00e9 ou votre tout-petit<\/span><\/li>\n<li class=\"a-spacing-mini\"><span class=\"a-list-item\">Pliable et portable : ce tapis de jeu pliable pour b\u00e9b\u00e9 peu encombrant peut \u00eatre pli\u00e9 jusqu\u2019\u00e0 89 x 40 x 12 cm pour un rangement facile. Il est \u00e9galement l\u00e9ger pour voyager, pique-niquer dans le parc ou toute activit\u00e9 de plein air. Comprend un sac de transport<\/span><\/li>\n<li class=\"a-spacing-mini\"><span class=\"a-list-item\">Imperm\u00e9able et facile \u00e0 nettoyer : ces tapis de jeu rembourr\u00e9s pour b\u00e9b\u00e9 non seulement amortissent vos enfants ou les gardent occup\u00e9s, mais aident \u00e9galement \u00e0 garder le sol de votre chambre propre. Il est imperm\u00e9able et peut \u00eatre facilement nettoy\u00e9 avec un chiffon humide pour qu\u2019il revienne \u00e0 son \u00e9tat d\u2019origine<\/span><\/li>\n<\/ul>","protected":false},"excerpt":{"rendered":"<p>Design color\u00e9 double face : ce tapis pour b\u00e9b\u00e9 est disponible dans diff\u00e9rents designs et couleurs amusantes avec lesquels votre enfant appr\u00e9ciera s\u00fbrement apprendre et jouer. Motif double face Doux et confortable : ce tapis de tra\u00e7age extra large mesure 200 x 180 cm. Ce tapis de jeu doux pour b\u00e9b\u00e9 a une \u00e9paisseur de [&hellip;]<\/p>\n","protected":false},"featured_media":5767,"comment_status":"open","ping_status":"closed","template":"","meta":[],"product_brand":[76],"product_cat":[30],"product_tag":[],"giftcard-category":[],"class_list":{"0":"post-5762","1":"product","2":"type-product","3":"status-publish","4":"has-post-thumbnail","6":"product_brand-ms","7":"product_cat-jouets","9":"first","10":"instock","11":"taxable","12":"shipping-taxable","13":"purchasable","14":"product-type-simple"},"jetpack_sharing_enabled":true,"_links":{"self":[{"href":"https:\/\/foryoubaby.ma\/ar\/wp-json\/wp\/v2\/product\/5762","targetHints":{"allow":["GET"]}}],"collection":[{"href":"https:\/\/foryoubaby.ma\/ar\/wp-json\/wp\/v2\/product"}],"about":[{"href":"https:\/\/foryoubaby.ma\/ar\/wp-json\/wp\/v2\/types\/product"}],"replies":[{"embeddable":true,"href":"https:\/\/foryoubaby.ma\/ar\/wp-json\/wp\/v2\/comments?post=5762"}],"wp:featuredmedia":[{"embeddable":true,"href":"https:\/\/foryoubaby.ma\/ar\/wp-json\/wp\/v2\/media\/5767"}],"wp:attachment":[{"href":"https:\/\/foryoubaby.ma\/ar\/wp-json\/wp\/v2\/media?parent=5762"}],"wp:term":[{"taxonomy":"product_brand","embeddable":true,"href":"https:\/\/foryoubaby.ma\/ar\/wp-json\/wp\/v2\/product_brand?post=5762"},{"taxonomy":"product_cat","embeddable":true,"href":"https:\/\/foryoubaby.ma\/ar\/wp-json\/wp\/v2\/product_cat?post=5762"},{"taxonomy":"product_tag","embeddable":true,"href":"https:\/\/foryoubaby.ma\/ar\/wp-json\/wp\/v2\/product_tag?post=5762"},{"taxonomy":"giftcard-category","embeddable":true,"href":"https:\/\/foryoubaby.ma\/ar\/wp-json\/wp\/v2\/giftcard-category?post=5762"}],"curies":[{"name":"wp","href":"https:\/\/api.w.org\/{rel}","templated":true}]}}